{"id":20875,"date":"2022-06-12T23:57:58","date_gmt":"2022-06-13T02:57:58","guid":{"rendered":"https:\/\/www.editoralux.com.br\/loja\/produto\/a-saude-do-brasil\/"},"modified":"2026-01-07T14:16:59","modified_gmt":"2026-01-07T17:16:59","slug":"a-saude-do-brasil","status":"publish","type":"product","link":"https:\/\/www.editoralux.com.br\/loja\/produto\/a-saude-do-brasil\/","title":{"rendered":"A sa\u00fade do Brasil"},"content":{"rendered":"","protected":false},"excerpt":{"rendered":"<p>Se a sa\u00fade j\u00e1 interessava a todos, ap\u00f3s a pandemia recente isso se tornou ainda mais evidente \u2013 no Brasil e no mundo. Este livro tem a ambi\u00e7\u00e3o de cobrir os mais diversos aspectos da sa\u00fade no Brasil: do seu passado e presente de desigualdades, passando pelos avan\u00e7os que conquistamos e por inova\u00e7\u00f5es disruptivas que nos aguardam no futuro muito pr\u00f3ximo. Por um lado, esta obra se destina aos profissionais de sa\u00fade e gestores do sistema: quem estuda pol\u00edticas de sa\u00fade para ser um administrador conhece boa parte dos temas aqui tratados, mas muitas vezes os profissionais est\u00e3o na ponta do sistema, gerenciando uma pequena equipe ou no contato direto com os pacientes, sem a dimens\u00e3o da engrenagem da qual fazem parte. Nesse sentido, o prop\u00f3sito aqui \u00e9 organizar e ampliar o conhecimento, para facilitar o di\u00e1logo entre as diversas inst\u00e2ncias do sistema. Por outro, o segundo grupo que comp\u00f5e o p\u00fablico-alvo deste livro \u00e9 a opini\u00e3o p\u00fablica em geral. Assim, faz sentido expor, numa linguagem que seja acess\u00edvel a todos, as diversas pe\u00e7as que comp\u00f5em essa m\u00e1quina complexa e de dif\u00edcil compreens\u00e3o chamada \u201csistema de sa\u00fade\u201d de nosso pa\u00eds.<\/p>\n","protected":false},"featured_media":20868,"template":"","meta":{"_monsterinsights_skip_tracking":false,"_monsterinsights_sitenote_active":false,"_monsterinsights_sitenote_note":"","_monsterinsights_sitenote_category":0},"product_brand":[],"product_cat":[74],"product_tag":[],"class_list":{"0":"post-20875","1":"product","2":"type-product","3":"status-publish","4":"has-post-thumbnail","6":"product_cat-uncategorized","7":"product_shipping_class-impresso","8":"pa_ano-135","9":"pa_autor-rudi-rocha-miguel-lago-e-fabio-giambiagi","10":"pa_editora-editora-lux","11":"pa_isbn-301","12":"pa_tipo-de-capa-brochura","14":"first","15":"outofstock","16":"purchasable","17":"product-type-simple"},"_links":{"self":[{"href":"https:\/\/www.editoralux.com.br\/loja\/wp-json\/wp\/v2\/product\/20875"}],"collection":[{"href":"https:\/\/www.editoralux.com.br\/loja\/wp-json\/wp\/v2\/product"}],"about":[{"href":"https:\/\/www.editoralux.com.br\/loja\/wp-json\/wp\/v2\/types\/product"}],"wp:featuredmedia":[{"embeddable":true,"href":"https:\/\/www.editoralux.com.br\/loja\/wp-json\/wp\/v2\/media\/20868"}],"wp:attachment":[{"href":"https:\/\/www.editoralux.com.br\/loja\/wp-json\/wp\/v2\/media?parent=20875"}],"wp:term":[{"taxonomy":"product_brand","embeddable":true,"href":"https:\/\/www.editoralux.com.br\/loja\/wp-json\/wp\/v2\/product_brand?post=20875"},{"taxonomy":"product_cat","embeddable":true,"href":"https:\/\/www.editoralux.com.br\/loja\/wp-json\/wp\/v2\/product_cat?post=20875"},{"taxonomy":"product_tag","embeddable":true,"href":"https:\/\/www.editoralux.com.br\/loja\/wp-json\/wp\/v2\/product_tag?post=20875"}],"curies":[{"name":"wp","href":"https:\/\/api.w.org\/{rel}","templated":true}]}}