{"id":20907,"date":"2022-06-24T20:18:52","date_gmt":"2022-06-24T23:18:52","guid":{"rendered":"https:\/\/www.editoralux.com.br\/loja\/produto\/sim-e-possivel\/"},"modified":"2022-09-28T18:28:46","modified_gmt":"2022-09-28T21:28:46","slug":"sim-e-possivel","status":"publish","type":"product","link":"https:\/\/www.editoralux.com.br\/loja\/produto\/sim-e-possivel\/","title":{"rendered":"Sim&#8230; \u00c9 poss\u00edvel!"},"content":{"rendered":"","protected":false},"excerpt":{"rendered":"<p>Prepare-se!<br \/>\nEste livro vai transport\u00e1-lo para uma incr\u00edvel viagem para dentro de si mesmo.<br \/>\nGaranto que n\u00e3o \u00e9 qualquer viagem ou reflex\u00e3o sobre n\u00f3s, trata-se da mais profunda descoberta de quem voc\u00ea realmente \u00e9.<br \/>\nUm livro simples, direto e objetivo, sem rodeios, m\u00e1scaras e vitimismo. Se at\u00e9 agora voc\u00ea tem buscado respostas para suas finan\u00e7as,relacionamentos, fracassos, ou se durante sua<br \/>\nvida perdeu essa ess\u00eancia, mas no fundo quer muito se encontrar e mudar para melhor, saiba que aqui est\u00e1 a t\u00e3o sonhada chave para a mudan\u00e7a definitiva.<br \/>\nA resposta muito almejada se encontra em suas m\u00e3os nesse exato momento. Depois deste manual, sua vida nunca mais ser\u00e1 a mesma. Preparado?<br \/>\nBem-vindo a bordo e aperte os cintos para a viagem mais alucinante de todas, para o encontro mais esperado de todos, o verdadeiro encontro com seu EU.<br \/>\nSim&#8230; \u00e9 poss\u00edvel!<\/p>\n","protected":false},"featured_media":20890,"template":"","meta":{"_monsterinsights_skip_tracking":false,"_monsterinsights_sitenote_active":false,"_monsterinsights_sitenote_note":"","_monsterinsights_sitenote_category":0},"product_brand":[],"product_cat":[74],"product_tag":[],"class_list":{"0":"post-20907","1":"product","2":"type-product","3":"status-publish","4":"has-post-thumbnail","6":"product_cat-uncategorized","7":"product_shipping_class-impresso","8":"pa_ano-135","9":"pa_autor-denise-oliveira","10":"pa_editora-editora-lux","11":"pa_isbn-228","12":"pa_tipo-de-capa-brochura","14":"first","15":"instock","16":"purchasable","17":"product-type-simple"},"_links":{"self":[{"href":"https:\/\/www.editoralux.com.br\/loja\/wp-json\/wp\/v2\/product\/20907"}],"collection":[{"href":"https:\/\/www.editoralux.com.br\/loja\/wp-json\/wp\/v2\/product"}],"about":[{"href":"https:\/\/www.editoralux.com.br\/loja\/wp-json\/wp\/v2\/types\/product"}],"wp:featuredmedia":[{"embeddable":true,"href":"https:\/\/www.editoralux.com.br\/loja\/wp-json\/wp\/v2\/media\/20890"}],"wp:attachment":[{"href":"https:\/\/www.editoralux.com.br\/loja\/wp-json\/wp\/v2\/media?parent=20907"}],"wp:term":[{"taxonomy":"product_brand","embeddable":true,"href":"https:\/\/www.editoralux.com.br\/loja\/wp-json\/wp\/v2\/product_brand?post=20907"},{"taxonomy":"product_cat","embeddable":true,"href":"https:\/\/www.editoralux.com.br\/loja\/wp-json\/wp\/v2\/product_cat?post=20907"},{"taxonomy":"product_tag","embeddable":true,"href":"https:\/\/www.editoralux.com.br\/loja\/wp-json\/wp\/v2\/product_tag?post=20907"}],"curies":[{"name":"wp","href":"https:\/\/api.w.org\/{rel}","templated":true}]}}