{"id":20928,"date":"2022-07-11T01:07:01","date_gmt":"2022-07-11T04:07:01","guid":{"rendered":"https:\/\/www.editoralux.com.br\/loja\/?post_type=product&#038;p=20928"},"modified":"2025-12-30T14:35:00","modified_gmt":"2025-12-30T17:35:00","slug":"o-espelho-de-assis","status":"publish","type":"product","link":"https:\/\/www.editoralux.com.br\/loja\/produto\/o-espelho-de-assis\/","title":{"rendered":"O Espelho de Assis"},"content":{"rendered":"","protected":false},"excerpt":{"rendered":"<p>Machado de Assis nos deixou, entre tantas outras p\u00e9rolas de sua insuper\u00e1vel produ\u00e7\u00e3o liter\u00e1ria, o impec\u00e1vel romance Dom Casmurro; e, com ele, o imortal enigma que permeou a separa\u00e7\u00e3o dos dois personagens centrais da trama: de um lado, Bento Gon\u00e7alves, o Bentinho; do outro, Capitolina, filha do lar dos P\u00e1duas \u2014 a encantadora Capitu.<br \/>\nNesta novela que ora vem a lume, o autor lan\u00e7a um olhar investigativo sobre a conviv\u00eancia amorosa, nascida na adolesc\u00eancia de ambos, entre Bentinho e Capitu; e sobre o principal motivo da ruptura dos la\u00e7os matrimoniais do casal que eles formaram ainda na mocidade: a infidelidade conjugal de Capitu, cujo filho, Ezequiel, seria, segundo Bentinho, fruto proibido da geleia seminal de outro var\u00e3o, Escobar, seu melhor amigo.<br \/>\nAo lado dessa investiga\u00e7\u00e3o, o autor relata diversos momentos de sua pr\u00f3pria hist\u00f3ria e da hist\u00f3ria de Nuno Dias, um luso-brasileiro com quem ele conviveu por quase vinte anos. \u00c9 dessa conviv\u00eancia, em cotejo com o enredo do romance Dom Casmurro que se alimenta o texto da presente fic\u00e7\u00e3o.<\/p>\n","protected":false},"featured_media":20929,"template":"","meta":{"_monsterinsights_skip_tracking":false,"_monsterinsights_sitenote_active":false,"_monsterinsights_sitenote_note":"","_monsterinsights_sitenote_category":0},"product_brand":[],"product_cat":[74],"product_tag":[],"class_list":{"0":"post-20928","1":"product","2":"type-product","3":"status-publish","4":"has-post-thumbnail","6":"product_cat-uncategorized","7":"product_shipping_class-impresso","8":"pa_ano-135","9":"pa_autor-marcus-robson-n-costa","10":"pa_editora-editora-lux","11":"pa_isbn-978-65-5913-355-0","12":"pa_tipo-de-capa-brochura","14":"first","15":"outofstock","16":"purchasable","17":"product-type-simple"},"_links":{"self":[{"href":"https:\/\/www.editoralux.com.br\/loja\/wp-json\/wp\/v2\/product\/20928"}],"collection":[{"href":"https:\/\/www.editoralux.com.br\/loja\/wp-json\/wp\/v2\/product"}],"about":[{"href":"https:\/\/www.editoralux.com.br\/loja\/wp-json\/wp\/v2\/types\/product"}],"wp:featuredmedia":[{"embeddable":true,"href":"https:\/\/www.editoralux.com.br\/loja\/wp-json\/wp\/v2\/media\/20929"}],"wp:attachment":[{"href":"https:\/\/www.editoralux.com.br\/loja\/wp-json\/wp\/v2\/media?parent=20928"}],"wp:term":[{"taxonomy":"product_brand","embeddable":true,"href":"https:\/\/www.editoralux.com.br\/loja\/wp-json\/wp\/v2\/product_brand?post=20928"},{"taxonomy":"product_cat","embeddable":true,"href":"https:\/\/www.editoralux.com.br\/loja\/wp-json\/wp\/v2\/product_cat?post=20928"},{"taxonomy":"product_tag","embeddable":true,"href":"https:\/\/www.editoralux.com.br\/loja\/wp-json\/wp\/v2\/product_tag?post=20928"}],"curies":[{"name":"wp","href":"https:\/\/api.w.org\/{rel}","templated":true}]}}