{"id":20945,"date":"2022-07-20T11:27:04","date_gmt":"2022-07-20T14:27:04","guid":{"rendered":"https:\/\/www.editoralux.com.br\/loja\/produto\/antes-que-venha-o-fim\/"},"modified":"2022-08-20T18:04:17","modified_gmt":"2022-08-20T21:04:17","slug":"antes-que-venha-o-fim","status":"publish","type":"product","link":"https:\/\/www.editoralux.com.br\/loja\/produto\/antes-que-venha-o-fim\/","title":{"rendered":"Antes que venha o fim"},"content":{"rendered":"","protected":false},"excerpt":{"rendered":"<p>Autobiografias podem amplificar os defeitos e as virtudes. Escancarar os sucessos e comprovar os fracassos. Multiplicar as qualidades e minimizar as falhas. Mostrar mentiras magn\u00edficas e esconder verdades vexat\u00f3rias.<br \/>\nO biografado tamb\u00e9m pode ser algu\u00e9m ousado, corajoso, valente, desbravador, inovador, mas, quem sabe, prepotente, inclemente, covarde. Bendito e maldito. Her\u00f3i e vil\u00e3o. Leal e traidor. Qual hist\u00f3ria n\u00e3o transita por tudo isso? Somos seres em forma\u00e7\u00e3o at\u00e9 morrer. H\u00e1 quem, com sua vida, destrua outras. H\u00e1 quem inspire. H\u00e1 quem salve.<br \/>\nAos sessenta e cinco anos, vividos muitas vezes em contradi\u00e7\u00f5es profundas e grandes conflitos, tendo muita certeza sobre todas as d\u00favidas, ora pintando ora escrevendo, quis correr o risco de apenas contar uma hist\u00f3ria: a minha.<\/p>\n","protected":false},"featured_media":20939,"template":"","meta":{"_monsterinsights_skip_tracking":false,"_monsterinsights_sitenote_active":false,"_monsterinsights_sitenote_note":"","_monsterinsights_sitenote_category":0},"product_brand":[],"product_cat":[74],"product_tag":[],"class_list":{"0":"post-20945","1":"product","2":"type-product","3":"status-publish","4":"has-post-thumbnail","6":"product_cat-uncategorized","7":"product_shipping_class-impresso","8":"pa_ano-135","9":"pa_autor-amilcar-correa-de-azevedo","10":"pa_editora-editora-lux","11":"pa_isbn-324","12":"pa_tipo-de-capa-brochura","14":"first","15":"outofstock","16":"purchasable","17":"product-type-simple"},"_links":{"self":[{"href":"https:\/\/www.editoralux.com.br\/loja\/wp-json\/wp\/v2\/product\/20945"}],"collection":[{"href":"https:\/\/www.editoralux.com.br\/loja\/wp-json\/wp\/v2\/product"}],"about":[{"href":"https:\/\/www.editoralux.com.br\/loja\/wp-json\/wp\/v2\/types\/product"}],"wp:featuredmedia":[{"embeddable":true,"href":"https:\/\/www.editoralux.com.br\/loja\/wp-json\/wp\/v2\/media\/20939"}],"wp:attachment":[{"href":"https:\/\/www.editoralux.com.br\/loja\/wp-json\/wp\/v2\/media?parent=20945"}],"wp:term":[{"taxonomy":"product_brand","embeddable":true,"href":"https:\/\/www.editoralux.com.br\/loja\/wp-json\/wp\/v2\/product_brand?post=20945"},{"taxonomy":"product_cat","embeddable":true,"href":"https:\/\/www.editoralux.com.br\/loja\/wp-json\/wp\/v2\/product_cat?post=20945"},{"taxonomy":"product_tag","embeddable":true,"href":"https:\/\/www.editoralux.com.br\/loja\/wp-json\/wp\/v2\/product_tag?post=20945"}],"curies":[{"name":"wp","href":"https:\/\/api.w.org\/{rel}","templated":true}]}}