{"id":20969,"date":"2022-08-08T23:22:04","date_gmt":"2022-08-09T02:22:04","guid":{"rendered":"https:\/\/www.editoralux.com.br\/loja\/produto\/priscila-news\/"},"modified":"2022-09-06T05:50:15","modified_gmt":"2022-09-06T08:50:15","slug":"priscila-news","status":"publish","type":"product","link":"https:\/\/www.editoralux.com.br\/loja\/produto\/priscila-news\/","title":{"rendered":"Priscila News"},"content":{"rendered":"","protected":false},"excerpt":{"rendered":"<p>Depoimentos de quem leu Priscila News antes da publica\u00e7\u00e3o.<br \/>\nFant\u00e1stico! Sorriso no rosto do come\u00e7o ao fim. Sem contar os momentos emocionantes que arrepiam os bra\u00e7os. Me remete \u00e0 minha inf\u00e2ncia, me lembra dos cuidados que meus pais tinham comigo e ainda tem, e bate a saudade de reviver esses momentos.<br \/>\nS\u00f3 fiquei triste porque acabou! Podia ter mais \ud83d\ude42<br \/>\nTalita Nienkotter \u2013 23 anos<\/p>\n<p>Quanta emo\u00e7\u00e3o! Lendo esses relatos, revivi muita coisa da minha maternidade. Regina viveu e vive a sua maternidade de um jeito \u00fanico e especial.<br \/>\nDoris Holdorf Kiefer \u2013 51 anos<\/p>\n<p>Amor, sentimento presente e transmitido em cada uma das linhas.<br \/>\nLeitura leve, humorada e muito fofa, me fez sentir e visualizar as situa\u00e7\u00f5es t\u00e3o gostosas vivenciadas entre m\u00e3e e filha. Momentos agora eternizados com o olhar de puro carinho da mam\u00e3e coruja Regina.<br \/>\nAnne Caroline Souza \u2013 36 anos<\/p>\n<p>Muito fofo e bem escrito. S\u00e3o mem\u00f3rias muito especiais e dignas de registro.<br \/>\nPaulo Wesley Kerr Affini \u2013 67 anos<\/p>\n<p>\u201cMuito gostoso poder ler as experi\u00eancias e me identificar com diversas situa\u00e7\u00f5es e jeitos que est\u00e3o presentes em mim tamb\u00e9m. Parab\u00e9ns pela bela escrita do livro.\u201d<br \/>\nD\u00e9lis Wolter Hansen \u2013 28 anos<\/p>\n","protected":false},"featured_media":20959,"template":"","meta":{"_monsterinsights_skip_tracking":false,"_monsterinsights_sitenote_active":false,"_monsterinsights_sitenote_note":"","_monsterinsights_sitenote_category":0},"product_brand":[],"product_cat":[74],"product_tag":[],"class_list":{"0":"post-20969","1":"product","2":"type-product","3":"status-publish","4":"has-post-thumbnail","6":"product_cat-uncategorized","7":"product_shipping_class-impresso","8":"pa_ano-135","9":"pa_autor-regina-krause-bretzke","10":"pa_editora-editora-lux","11":"pa_isbn-334","12":"pa_tipo-de-capa-brochura","14":"first","15":"instock","16":"purchasable","17":"product-type-simple"},"_links":{"self":[{"href":"https:\/\/www.editoralux.com.br\/loja\/wp-json\/wp\/v2\/product\/20969"}],"collection":[{"href":"https:\/\/www.editoralux.com.br\/loja\/wp-json\/wp\/v2\/product"}],"about":[{"href":"https:\/\/www.editoralux.com.br\/loja\/wp-json\/wp\/v2\/types\/product"}],"wp:featuredmedia":[{"embeddable":true,"href":"https:\/\/www.editoralux.com.br\/loja\/wp-json\/wp\/v2\/media\/20959"}],"wp:attachment":[{"href":"https:\/\/www.editoralux.com.br\/loja\/wp-json\/wp\/v2\/media?parent=20969"}],"wp:term":[{"taxonomy":"product_brand","embeddable":true,"href":"https:\/\/www.editoralux.com.br\/loja\/wp-json\/wp\/v2\/product_brand?post=20969"},{"taxonomy":"product_cat","embeddable":true,"href":"https:\/\/www.editoralux.com.br\/loja\/wp-json\/wp\/v2\/product_cat?post=20969"},{"taxonomy":"product_tag","embeddable":true,"href":"https:\/\/www.editoralux.com.br\/loja\/wp-json\/wp\/v2\/product_tag?post=20969"}],"curies":[{"name":"wp","href":"https:\/\/api.w.org\/{rel}","templated":true}]}}