{"id":20972,"date":"2022-08-12T15:02:11","date_gmt":"2022-08-12T18:02:11","guid":{"rendered":"https:\/\/www.editoralux.com.br\/loja\/?post_type=product&#038;p=20972"},"modified":"2023-09-06T15:05:50","modified_gmt":"2023-09-06T18:05:50","slug":"gestao-financeira-descomplicada-para-donos-de-oficina-mecanica","status":"publish","type":"product","link":"https:\/\/www.editoralux.com.br\/loja\/produto\/gestao-financeira-descomplicada-para-donos-de-oficina-mecanica\/","title":{"rendered":"Do zero ao lucro: Gest\u00e3o financeira descomplicada para donos de oficina mec\u00e2nica"},"content":{"rendered":"","protected":false},"excerpt":{"rendered":"<p>MEC\u00c2NICO, estas situa\u00e7\u00f5es t\u00eam acontecido com voc\u00ea hoje: trabalha o tempo todo e, quando chega o final do m\u00eas, n\u00e3o sobra dinheiro? Tem muito fiado e n\u00e3o sabe dizer n\u00e3o? Faz a sua precifica\u00e7\u00e3o com base no mercado? N\u00e3o tem tempo para sua fam\u00edlia nem f\u00e9rias? Bom, se disse sim para algumas dessas perguntas, ent\u00e3o saiba que esse livro vai conseguir mudar essa realidade! Eu compilei aqui informa\u00e7\u00f5es que ir\u00e3o ajudar a organizar a sua oficina em tr\u00eas pilares para que voc\u00ea tenha uma empresa lucrativa: gest\u00e3o financeira, gest\u00e3o de p\u00e1tio e gest\u00e3o de pessoas. Al\u00e9m disso, ir\u00e1 aprender a separar as suas finan\u00e7as, a negociar com fornecedores, a montar uma equipe e muito mais! Ainda, estar\u00e3o dispon\u00edveis materiais para download que ir\u00e3o ajudar na sua organiza\u00e7\u00e3o. Depois dessa leitura, voc\u00ea vai sim ter a sua oficina lucrativa, basta seguir o passo a passo.<\/p>\n","protected":false},"featured_media":20974,"template":"","meta":{"_monsterinsights_skip_tracking":false,"_monsterinsights_sitenote_active":false,"_monsterinsights_sitenote_note":"","_monsterinsights_sitenote_category":0},"product_brand":[],"product_cat":[74],"product_tag":[],"class_list":{"0":"post-20972","1":"product","2":"type-product","3":"status-publish","4":"has-post-thumbnail","6":"product_cat-uncategorized","7":"product_shipping_class-impresso","8":"pa_ano-135","9":"pa_autor-amanda-medeiros","10":"pa_editora-editora-lux","11":"pa_isbn-978-65-5913-384-0","12":"pa_tipo-de-capa-brochura","14":"first","15":"outofstock","16":"purchasable","17":"product-type-simple"},"_links":{"self":[{"href":"https:\/\/www.editoralux.com.br\/loja\/wp-json\/wp\/v2\/product\/20972"}],"collection":[{"href":"https:\/\/www.editoralux.com.br\/loja\/wp-json\/wp\/v2\/product"}],"about":[{"href":"https:\/\/www.editoralux.com.br\/loja\/wp-json\/wp\/v2\/types\/product"}],"wp:featuredmedia":[{"embeddable":true,"href":"https:\/\/www.editoralux.com.br\/loja\/wp-json\/wp\/v2\/media\/20974"}],"wp:attachment":[{"href":"https:\/\/www.editoralux.com.br\/loja\/wp-json\/wp\/v2\/media?parent=20972"}],"wp:term":[{"taxonomy":"product_brand","embeddable":true,"href":"https:\/\/www.editoralux.com.br\/loja\/wp-json\/wp\/v2\/product_brand?post=20972"},{"taxonomy":"product_cat","embeddable":true,"href":"https:\/\/www.editoralux.com.br\/loja\/wp-json\/wp\/v2\/product_cat?post=20972"},{"taxonomy":"product_tag","embeddable":true,"href":"https:\/\/www.editoralux.com.br\/loja\/wp-json\/wp\/v2\/product_tag?post=20972"}],"curies":[{"name":"wp","href":"https:\/\/api.w.org\/{rel}","templated":true}]}}