{"id":20988,"date":"2022-08-25T00:57:25","date_gmt":"2022-08-25T03:57:25","guid":{"rendered":"https:\/\/www.editoralux.com.br\/loja\/?post_type=product&#038;p=20988"},"modified":"2026-01-06T15:19:29","modified_gmt":"2026-01-06T18:19:29","slug":"o-conselho-de-administracao-na-intimidade-esg-define-o-norte-das-empresas-o-que-muda-com-o-novo-governance-officerdicas-para-o-cotidiano-do-conselho","status":"publish","type":"product","link":"https:\/\/www.editoralux.com.br\/loja\/produto\/o-conselho-de-administracao-na-intimidade-esg-define-o-norte-das-empresas-o-que-muda-com-o-novo-governance-officerdicas-para-o-cotidiano-do-conselho\/","title":{"rendered":"O Conselho de Administra\u00e7\u00e3o na Intimidade \u2014 ESG define o norte das empresas; O que muda com o novo governance officer;Dicas para o cotidiano do conselho"},"content":{"rendered":"","protected":false},"excerpt":{"rendered":"<p>De maneira leve e compreens\u00edvel, Rodrigo Pecchiae nos ensina a como adquirir uma vis\u00e3o mais ampla, n\u00e3o ter medo de novas tecnologias e a como alcan\u00e7ar maiores alturas de forma segura por meio de novas experi\u00eancias e parcerias.<br \/>\nVoc\u00ea precisa urgentemente consultar este livro.<br \/>\nTenha um bom voo!<\/p>\n","protected":false},"featured_media":20989,"template":"","meta":{"_monsterinsights_skip_tracking":false,"_monsterinsights_sitenote_active":false,"_monsterinsights_sitenote_note":"","_monsterinsights_sitenote_category":0},"product_brand":[],"product_cat":[74],"product_tag":[],"class_list":{"0":"post-20988","1":"product","2":"type-product","3":"status-publish","4":"has-post-thumbnail","6":"product_cat-uncategorized","7":"product_shipping_class-impresso","8":"pa_ano-135","9":"pa_autor-rodrigo-pecchiae","10":"pa_editora-editora-lux","11":"pa_isbn-978-65-5913-410-6","12":"pa_tipo-de-capa-brochura","14":"first","15":"instock","16":"purchasable","17":"product-type-simple"},"_links":{"self":[{"href":"https:\/\/www.editoralux.com.br\/loja\/wp-json\/wp\/v2\/product\/20988"}],"collection":[{"href":"https:\/\/www.editoralux.com.br\/loja\/wp-json\/wp\/v2\/product"}],"about":[{"href":"https:\/\/www.editoralux.com.br\/loja\/wp-json\/wp\/v2\/types\/product"}],"wp:featuredmedia":[{"embeddable":true,"href":"https:\/\/www.editoralux.com.br\/loja\/wp-json\/wp\/v2\/media\/20989"}],"wp:attachment":[{"href":"https:\/\/www.editoralux.com.br\/loja\/wp-json\/wp\/v2\/media?parent=20988"}],"wp:term":[{"taxonomy":"product_brand","embeddable":true,"href":"https:\/\/www.editoralux.com.br\/loja\/wp-json\/wp\/v2\/product_brand?post=20988"},{"taxonomy":"product_cat","embeddable":true,"href":"https:\/\/www.editoralux.com.br\/loja\/wp-json\/wp\/v2\/product_cat?post=20988"},{"taxonomy":"product_tag","embeddable":true,"href":"https:\/\/www.editoralux.com.br\/loja\/wp-json\/wp\/v2\/product_tag?post=20988"}],"curies":[{"name":"wp","href":"https:\/\/api.w.org\/{rel}","templated":true}]}}