{"id":21012,"date":"2022-08-29T22:22:54","date_gmt":"2022-08-30T01:22:54","guid":{"rendered":"https:\/\/www.editoralux.com.br\/loja\/produto\/mata-grande-sua-historia-sua-terra-sua-gente\/"},"modified":"2026-03-27T10:27:55","modified_gmt":"2026-03-27T13:27:55","slug":"mata-grande-sua-historia-sua-terra-sua-gente","status":"publish","type":"product","link":"https:\/\/www.editoralux.com.br\/loja\/produto\/mata-grande-sua-historia-sua-terra-sua-gente\/","title":{"rendered":"Mata Grande &#8211; Sua hist\u00f3ria &#8211; Sua terra &#8211; Sua gente"},"content":{"rendered":"","protected":false},"excerpt":{"rendered":"<p>Este livro traz conhecimentos indispens\u00e1veis \u00e0 hist\u00f3ria da nossa cidade. Procurei no passado informa\u00e7\u00f5es de fatos e feitos dos personagens que ajudaram a reescrever a hist\u00f3ria de Mata Grande desde sua origem aos dias atuais, sem me ater a uma metodologia r\u00edgida, compilando dados, rebuscando informa\u00e7\u00f5es e tra\u00e7ando um perfil de informa\u00e7\u00f5es e acontecimentos hist\u00f3ricos da vida de homens e mulheres que influ\u00edram nos v\u00e1rios segmentos da sociedade, tanto econ\u00f4mica como social e pol\u00edtica.<br \/>\nOs acontecimentos reconstru\u00eddos neste livro vieram atrav\u00e9s da busca, estudo e trabalho indispens\u00e1veis para a realiza\u00e7\u00e3o deste. Trata-se de uma obra essencial para estudantes, professores e a todos aqueles que desejam estar atentos \u00e0 marcha da hist\u00f3ria da nossa terra. Uma hist\u00f3ria completa desde sua origem, documentada atrav\u00e9s dos originais transcritos dos arquivos p\u00fablicos da prefeitura e cart\u00f3rios da cidade e de entrevistas com moradores mais velhos da cidade que presenciaram os acontecimentos e acompanharam o seu desenvolvimento.<br \/>\nEm 2018, Mata Grande atingiu 116 anos como cidade e mais de dois s\u00e9culos desde seu povoamento (1791), conquistando vit\u00f3rias e dando passos significativos para a consolida\u00e7\u00e3o e uma pr\u00e1tica democr\u00e1tica.<br \/>\nAl\u00e9m do car\u00e1ter did\u00e1tico, o objetivo principal do livro \u00e9, na medida do poss\u00edvel, resgatar a origem da nossa cidade, e de alguma forma, dar a nossa contribui\u00e7\u00e3o para que n\u00f3s e nossos jovens tenhamos a oportunidade de saber de onde vieram nossas ra\u00edzes, como teve in\u00edcio tudo o que estamos presenciando, nossos costumes e tradi\u00e7\u00f5es, nosso desenvolvimento social e econ\u00f4mico. Sentimos a necessidade e import\u00e2ncia de escrever um memorial do nosso munic\u00edpio que sirva de registro para a hist\u00f3ria. O livro est\u00e1 ilustrado com mais de cem fotos da cidade que representam a sua hist\u00f3ria. Fotos antigas desde seu nascimento, os sobrados, as igrejas, mapas, serras e pontos tur\u00edsticos, destacando-se a Serra da Lagoa, cujo ponto culminante do Estado de Alagoas atinge 846 metros ao n\u00edvel do mar, assim como engenhos e hist\u00f3rico da chegada da cana de a\u00e7\u00facar, energia el\u00e9trica desde o lampi\u00e3o a g\u00e1s, passando pelo vapor, primeira escola constru\u00edda na cidade, parte da cultura com \u00eanfase ao folclore, dos ilustres cidad\u00e3os que se destacaram nacionalmente.<br \/>\nAl\u00e9m disso, cartas como registro hist\u00f3rico do per\u00edodo lampi\u00f4nico, de desaven\u00e7as pol\u00edticas e assassinatos, imagens da antiga coleta do lixo em ve\u00edculo de tra\u00e7\u00e3o animal, do antigo teatro municipal, festas de Natal e Ano Novo, carnavais, antigos meios de transportes, elementos antigos de pesos e medidas, nossas moedas, e ainda o organograma da Evolu\u00e7\u00e3o Municipal do Estado de Alagoas com destaque para as cidades que pertenciam a Mata Grande no per\u00edodo colonial, cujo munic\u00edpio, com 5.570 km\u00b2, correspondia a 1\/5 do Estado<\/p>\n","protected":false},"featured_media":20994,"template":"","meta":{"_monsterinsights_skip_tracking":false,"_monsterinsights_sitenote_active":false,"_monsterinsights_sitenote_note":"","_monsterinsights_sitenote_category":0},"product_brand":[],"product_cat":[74],"product_tag":[],"class_list":{"0":"post-21012","1":"product","2":"type-product","3":"status-publish","4":"has-post-thumbnail","6":"product_cat-uncategorized","7":"product_shipping_class-impresso","8":"pa_ano-135","9":"pa_autor-walter-alcantara-brandao","10":"pa_editora-editora-lux","11":"pa_isbn-354","12":"pa_tipo-de-capa-brochura","14":"first","15":"instock","16":"purchasable","17":"product-type-simple"},"_links":{"self":[{"href":"https:\/\/www.editoralux.com.br\/loja\/wp-json\/wp\/v2\/product\/21012"}],"collection":[{"href":"https:\/\/www.editoralux.com.br\/loja\/wp-json\/wp\/v2\/product"}],"about":[{"href":"https:\/\/www.editoralux.com.br\/loja\/wp-json\/wp\/v2\/types\/product"}],"wp:featuredmedia":[{"embeddable":true,"href":"https:\/\/www.editoralux.com.br\/loja\/wp-json\/wp\/v2\/media\/20994"}],"wp:attachment":[{"href":"https:\/\/www.editoralux.com.br\/loja\/wp-json\/wp\/v2\/media?parent=21012"}],"wp:term":[{"taxonomy":"product_brand","embeddable":true,"href":"https:\/\/www.editoralux.com.br\/loja\/wp-json\/wp\/v2\/product_brand?post=21012"},{"taxonomy":"product_cat","embeddable":true,"href":"https:\/\/www.editoralux.com.br\/loja\/wp-json\/wp\/v2\/product_cat?post=21012"},{"taxonomy":"product_tag","embeddable":true,"href":"https:\/\/www.editoralux.com.br\/loja\/wp-json\/wp\/v2\/product_tag?post=21012"}],"curies":[{"name":"wp","href":"https:\/\/api.w.org\/{rel}","templated":true}]}}