{"id":21021,"date":"2022-09-08T19:27:05","date_gmt":"2022-09-08T22:27:05","guid":{"rendered":"https:\/\/www.editoralux.com.br\/loja\/?post_type=product&#038;p=21021"},"modified":"2024-05-10T14:25:00","modified_gmt":"2024-05-10T17:25:00","slug":"amor-com-razao","status":"publish","type":"product","link":"https:\/\/www.editoralux.com.br\/loja\/produto\/amor-com-razao\/","title":{"rendered":"Amor com Raz\u00e3o"},"content":{"rendered":"","protected":false},"excerpt":{"rendered":"<p>Por que nos relacionamos afetivamente? Simples: por sermos seres greg\u00e1rios. Mas como estamos nos relacionando?<br \/>\nVivemos uma \u00e9poca que o mundo nunca imaginou: o virtual permitiu que as rela\u00e7\u00f5es contempor\u00e2neas se resumissem em quantidade surreal de pretendentes afetivos, por\u00e9m, com qualidade duvidosa. O mesmo nas rela\u00e7\u00f5es de trabalho:climas organizacionais t\u00f3xicos com pessoas sobrevivendo a base de antidepressivos.<br \/>\nAo mesmo tempo que a informa\u00e7\u00e3o digital \u00e9 t\u00e3o ampliada, as pessoas est\u00e3o olhando mais para o outro do que a si mesmas, transferindo culpas e responsabilidades, agindo como cegos em tiroteio em que levam mais tiro. Como essas rela\u00e7\u00f5es cegas podem prosperar, envoltas apenas de paix\u00e3o, considerada como estado de dem\u00eancia? Quando criticamos o \u201coutro\u201d e n\u00e3o tomamos nenhuma a\u00e7\u00e3o, de quem \u00e9 a culpa e a responsabilidade?<br \/>\nEm Amor com Raz\u00e3o, Gilmar viaja pela modernidade l\u00edquida e tamb\u00e9m analisa as rela\u00e7\u00f5es que muitas vezes coexistem apenas para repetir padr\u00e3o de traumas ancestrais, bem como a aus\u00eancia da autoconsci\u00eancia de que n\u00e3o h\u00e1 tanto livre-arb\u00edtrio que se imagina e, por fim, em sua natureza, \u00e9 transferido inconscientemente \u00e0 prole o mal enraizado.<br \/>\nTrata-se de um ensaio pessoal com reflex\u00f5es de Filosofia, Psicologia e Economia, em que se fala do Retorno do Investimento das Rela\u00e7\u00f5es (RIR), que n\u00e3o fossem ignorados; as chances de eventual sofrimento seriam reduzidas para ter mais tempo feliz.<\/p>\n","protected":false},"featured_media":21022,"template":"","meta":{"_monsterinsights_skip_tracking":false,"_monsterinsights_sitenote_active":false,"_monsterinsights_sitenote_note":"","_monsterinsights_sitenote_category":0},"product_brand":[],"product_cat":[74],"product_tag":[],"class_list":{"0":"post-21021","1":"product","2":"type-product","3":"status-publish","4":"has-post-thumbnail","6":"product_cat-uncategorized","7":"product_shipping_class-impresso","8":"pa_ano-135","9":"pa_autor-gilmar-souza","10":"pa_editora-editora-lux","11":"pa_isbn-978-65-5913-404-5","12":"pa_tipo-de-capa-brochura","14":"first","15":"instock","16":"purchasable","17":"product-type-simple"},"_links":{"self":[{"href":"https:\/\/www.editoralux.com.br\/loja\/wp-json\/wp\/v2\/product\/21021"}],"collection":[{"href":"https:\/\/www.editoralux.com.br\/loja\/wp-json\/wp\/v2\/product"}],"about":[{"href":"https:\/\/www.editoralux.com.br\/loja\/wp-json\/wp\/v2\/types\/product"}],"wp:featuredmedia":[{"embeddable":true,"href":"https:\/\/www.editoralux.com.br\/loja\/wp-json\/wp\/v2\/media\/21022"}],"wp:attachment":[{"href":"https:\/\/www.editoralux.com.br\/loja\/wp-json\/wp\/v2\/media?parent=21021"}],"wp:term":[{"taxonomy":"product_brand","embeddable":true,"href":"https:\/\/www.editoralux.com.br\/loja\/wp-json\/wp\/v2\/product_brand?post=21021"},{"taxonomy":"product_cat","embeddable":true,"href":"https:\/\/www.editoralux.com.br\/loja\/wp-json\/wp\/v2\/product_cat?post=21021"},{"taxonomy":"product_tag","embeddable":true,"href":"https:\/\/www.editoralux.com.br\/loja\/wp-json\/wp\/v2\/product_tag?post=21021"}],"curies":[{"name":"wp","href":"https:\/\/api.w.org\/{rel}","templated":true}]}}