{"id":21053,"date":"2022-09-21T23:26:58","date_gmt":"2022-09-22T02:26:58","guid":{"rendered":"https:\/\/www.editoralux.com.br\/loja\/?post_type=product&#038;p=21053"},"modified":"2023-05-12T10:32:58","modified_gmt":"2023-05-12T13:32:58","slug":"como-obter-sucesso-no-varejo-com-rfid","status":"publish","type":"product","link":"https:\/\/www.editoralux.com.br\/loja\/produto\/como-obter-sucesso-no-varejo-com-rfid\/","title":{"rendered":"Como Obter Sucesso no Varejo com RFID"},"content":{"rendered":"","protected":false},"excerpt":{"rendered":"<p>O RFID \u00e9 uma jornada. Empresas que perceberam o valor das solu\u00e7\u00f5es RFID s\u00e3o l\u00edderes em seus respectivos mercados e muitas j\u00e1 utilizam esta tecnologia h\u00e1 bastante tempo. J\u00e1 \u00e9 comprovado que um dos maiores problemas de qualquer varejista (que ainda n\u00e3o adota o RFID) \u00e9 a inacur\u00e1cia de estoques, a qual representa a diferen\u00e7a entre a disponibilidade f\u00edsica do item na loja, ou centro de distribui\u00e7\u00e3o, versus a informa\u00e7\u00e3o sobre este mesmo item nos sistemas de gest\u00e3o.<br \/>\nSe o varejista solucionar este problema de inacur\u00e1cia de estoques, ele, consequentemente (e por vias da facilidade que o RFID traz na opera\u00e7\u00e3o de lojas e centros de distribui\u00e7\u00e3o), reduzir\u00e1 as rupturas, elevar\u00e1 vendas, reduzir\u00e1 custos de estoque, aumentar\u00e1 a produtividade operacional, reduzir\u00e1 tamb\u00e9m as perdas e oferecer\u00e1 novas experi\u00eancias aos clientes.<br \/>\nUm exemplo de novas experi\u00eancias poss\u00edveis no varejo \u00e9 a omnicanalidade (omnichannel), que oferece in\u00fameras novas formas de os clientes adquirem produtos e interagirem com a marca, criando assim o v\u00ednculo e a satisfa\u00e7\u00e3o. Mas ter a exatid\u00e3o de estoque \u00e9 fundamental.<br \/>\nConvido voc\u00ea a compreender o que pude aprender com varejistas que implementaram, com sucesso, o RFID. Esta compreens\u00e3o poder\u00e1 ajud\u00e1-lo a obter sucesso em sua jornada.<br \/>\nEste \u00e9 meu desejo.<br \/>\nBoa leitura!<\/p>\n","protected":false},"featured_media":21054,"template":"","meta":{"_monsterinsights_skip_tracking":false,"_monsterinsights_sitenote_active":false,"_monsterinsights_sitenote_note":"","_monsterinsights_sitenote_category":0},"product_brand":[],"product_cat":[74],"product_tag":[],"class_list":{"0":"post-21053","1":"product","2":"type-product","3":"status-publish","4":"has-post-thumbnail","6":"product_cat-uncategorized","7":"product_shipping_class-impresso","8":"pa_ano-135","9":"pa_autor-bruno-calaca","10":"pa_editora-editora-lux","11":"pa_isbn-978-65-5913-421-2","12":"pa_tipo-de-capa-brochura","14":"first","15":"instock","16":"purchasable","17":"product-type-simple"},"_links":{"self":[{"href":"https:\/\/www.editoralux.com.br\/loja\/wp-json\/wp\/v2\/product\/21053"}],"collection":[{"href":"https:\/\/www.editoralux.com.br\/loja\/wp-json\/wp\/v2\/product"}],"about":[{"href":"https:\/\/www.editoralux.com.br\/loja\/wp-json\/wp\/v2\/types\/product"}],"wp:featuredmedia":[{"embeddable":true,"href":"https:\/\/www.editoralux.com.br\/loja\/wp-json\/wp\/v2\/media\/21054"}],"wp:attachment":[{"href":"https:\/\/www.editoralux.com.br\/loja\/wp-json\/wp\/v2\/media?parent=21053"}],"wp:term":[{"taxonomy":"product_brand","embeddable":true,"href":"https:\/\/www.editoralux.com.br\/loja\/wp-json\/wp\/v2\/product_brand?post=21053"},{"taxonomy":"product_cat","embeddable":true,"href":"https:\/\/www.editoralux.com.br\/loja\/wp-json\/wp\/v2\/product_cat?post=21053"},{"taxonomy":"product_tag","embeddable":true,"href":"https:\/\/www.editoralux.com.br\/loja\/wp-json\/wp\/v2\/product_tag?post=21053"}],"curies":[{"name":"wp","href":"https:\/\/api.w.org\/{rel}","templated":true}]}}