{"id":21157,"date":"2022-11-20T19:55:03","date_gmt":"2022-11-20T22:55:03","guid":{"rendered":"https:\/\/www.editoralux.com.br\/loja\/produto\/resgate-agroindustrial\/"},"modified":"2024-05-23T11:39:43","modified_gmt":"2024-05-23T14:39:43","slug":"resgate-agroindustrial","status":"publish","type":"product","link":"https:\/\/www.editoralux.com.br\/loja\/produto\/resgate-agroindustrial\/","title":{"rendered":"Resgate Agroindustrial"},"content":{"rendered":"","protected":false},"excerpt":{"rendered":"<p>O livro RESGATE AGROINDUSTRIAL foi elaborado com o prop\u00f3sito de orientar o leitor na realiza\u00e7\u00e3o de manobras de resgate agroindustrial em altura e espa\u00e7o confinado, em conjunto com aplica\u00e7\u00e3o de algumas t\u00e9cnicas de primeiros socorros que poder\u00e3o e devem ser aplicadas quando da atmosfera segura. Para n\u00f3s, \u00e9 importante este direcionamento, pois vemos corriqueiramente treinamentos que abordam resgates e\u00f3licos, telecom, em locais de dif\u00edcil acesso, mas muito pouco vemos a abordagem do tema direcionado para a agroind\u00fastria brasileira, sendo ela totalmente diferente dos demais resgates. Este livro vai auxiliar antecipadamente em como agir em diversas situa\u00e7\u00f5es no interior de espa\u00e7os confinados encontrados nas agroind\u00fastrias, como forma\u00e7\u00e3o do grupo, gerenciamento da equipe, pontos de ancoragens, resgate em silos de gr\u00e3os, moegas, quais s\u00e3o os procedimentos em caso de \u00f3bito no local do incidente e a apresenta\u00e7\u00e3o de uma das t\u00e9cnicas mais eficientes para soterramento de gr\u00e3os j\u00e1 desenvolvida.<\/p>\n","protected":false},"featured_media":21153,"template":"","meta":{"_monsterinsights_skip_tracking":false,"_monsterinsights_sitenote_active":false,"_monsterinsights_sitenote_note":"","_monsterinsights_sitenote_category":0},"product_brand":[],"product_cat":[74],"product_tag":[],"class_list":{"0":"post-21157","1":"product","2":"type-product","3":"status-publish","4":"has-post-thumbnail","6":"product_cat-uncategorized","7":"product_shipping_class-impresso","8":"pa_ano-135","9":"pa_autor-alessandro-szydlowski","10":"pa_editora-editora-lux","11":"pa_isbn-406","12":"pa_tipo-de-capa-brochura","14":"first","15":"outofstock","16":"purchasable","17":"product-type-simple"},"_links":{"self":[{"href":"https:\/\/www.editoralux.com.br\/loja\/wp-json\/wp\/v2\/product\/21157"}],"collection":[{"href":"https:\/\/www.editoralux.com.br\/loja\/wp-json\/wp\/v2\/product"}],"about":[{"href":"https:\/\/www.editoralux.com.br\/loja\/wp-json\/wp\/v2\/types\/product"}],"wp:featuredmedia":[{"embeddable":true,"href":"https:\/\/www.editoralux.com.br\/loja\/wp-json\/wp\/v2\/media\/21153"}],"wp:attachment":[{"href":"https:\/\/www.editoralux.com.br\/loja\/wp-json\/wp\/v2\/media?parent=21157"}],"wp:term":[{"taxonomy":"product_brand","embeddable":true,"href":"https:\/\/www.editoralux.com.br\/loja\/wp-json\/wp\/v2\/product_brand?post=21157"},{"taxonomy":"product_cat","embeddable":true,"href":"https:\/\/www.editoralux.com.br\/loja\/wp-json\/wp\/v2\/product_cat?post=21157"},{"taxonomy":"product_tag","embeddable":true,"href":"https:\/\/www.editoralux.com.br\/loja\/wp-json\/wp\/v2\/product_tag?post=21157"}],"curies":[{"name":"wp","href":"https:\/\/api.w.org\/{rel}","templated":true}]}}