{"id":21168,"date":"2022-11-22T00:38:29","date_gmt":"2022-11-22T03:38:29","guid":{"rendered":"https:\/\/www.editoralux.com.br\/loja\/?post_type=product&#038;p=21168"},"modified":"2022-12-12T10:33:56","modified_gmt":"2022-12-12T13:33:56","slug":"antonia-e-seu-nome","status":"publish","type":"product","link":"https:\/\/www.editoralux.com.br\/loja\/produto\/antonia-e-seu-nome\/","title":{"rendered":"Ant\u00f4nia e seu Nome"},"content":{"rendered":"","protected":false},"excerpt":{"rendered":"<p>O livro Ant\u00f4nia e seu Nome \u00e9 uma obra baseada na hist\u00f3ria real vivenciada pelo professor Ant\u00f4nio Messias em sua experi\u00eancia como educador do projeto de Alfabetiza\u00e7\u00e3o Solid\u00e1ria na comunidade de Genipapo, povoado do munic\u00edpio de Jaguarari, na Bahia. Nesse per\u00edodo, ele se depara com a realidade de uma turma de Educa\u00e7\u00e3o de Jovens e Adultos (EJA), cujas aulas iniciavam no m\u00eas de abril de 2004 com 15 alunos, mas, em dois meses, a turma se resumia a tr\u00eas. At\u00e9 a\u00ed, tudo normal \u2013 considerada a situa\u00e7\u00e3o de evas\u00e3o escolar no pa\u00eds \u2013, se n\u00e3o fosse pelo fato curioso de que um dos alunos, a senhora Ant\u00f4nia Maria dos Santos, que j\u00e1 estava na faixa et\u00e1ria dos cinquenta anos \u2013 tamb\u00e9m considerada normal frente \u00e0 realidade da Educa\u00e7\u00e3o de Jovens e Adultos \u2013, ter um grande sonho de inf\u00e2ncia: aprender a escrever e a ler o seu nome. Ela se sentia como uma escrava, e para se libertar, este sonho precisava se tornar real.<\/p>\n","protected":false},"featured_media":21165,"template":"","meta":{"_monsterinsights_skip_tracking":false,"_monsterinsights_sitenote_active":false,"_monsterinsights_sitenote_note":"","_monsterinsights_sitenote_category":0},"product_brand":[],"product_cat":[74],"product_tag":[],"class_list":{"0":"post-21168","1":"product","2":"type-product","3":"status-publish","4":"has-post-thumbnail","6":"product_cat-uncategorized","7":"product_shipping_class-impresso","8":"pa_ano-135","9":"pa_autor-antonio-messias-dias-conceicao","10":"pa_editora-editora-lux","11":"pa_isbn-978-65-5913-191-4","12":"pa_tipo-de-capa-brochura","14":"first","15":"instock","16":"purchasable","17":"product-type-simple"},"_links":{"self":[{"href":"https:\/\/www.editoralux.com.br\/loja\/wp-json\/wp\/v2\/product\/21168"}],"collection":[{"href":"https:\/\/www.editoralux.com.br\/loja\/wp-json\/wp\/v2\/product"}],"about":[{"href":"https:\/\/www.editoralux.com.br\/loja\/wp-json\/wp\/v2\/types\/product"}],"wp:featuredmedia":[{"embeddable":true,"href":"https:\/\/www.editoralux.com.br\/loja\/wp-json\/wp\/v2\/media\/21165"}],"wp:attachment":[{"href":"https:\/\/www.editoralux.com.br\/loja\/wp-json\/wp\/v2\/media?parent=21168"}],"wp:term":[{"taxonomy":"product_brand","embeddable":true,"href":"https:\/\/www.editoralux.com.br\/loja\/wp-json\/wp\/v2\/product_brand?post=21168"},{"taxonomy":"product_cat","embeddable":true,"href":"https:\/\/www.editoralux.com.br\/loja\/wp-json\/wp\/v2\/product_cat?post=21168"},{"taxonomy":"product_tag","embeddable":true,"href":"https:\/\/www.editoralux.com.br\/loja\/wp-json\/wp\/v2\/product_tag?post=21168"}],"curies":[{"name":"wp","href":"https:\/\/api.w.org\/{rel}","templated":true}]}}