{"id":21255,"date":"2023-01-19T00:15:35","date_gmt":"2023-01-19T03:15:35","guid":{"rendered":"https:\/\/www.editoralux.com.br\/loja\/?post_type=product&#038;p=21255"},"modified":"2025-12-30T14:48:48","modified_gmt":"2025-12-30T17:48:48","slug":"o-segredo-do-padre","status":"publish","type":"product","link":"https:\/\/www.editoralux.com.br\/loja\/produto\/o-segredo-do-padre\/","title":{"rendered":"O Segredo do Padre"},"content":{"rendered":"","protected":false},"excerpt":{"rendered":"<p>Pela vis\u00e3o de Valt\u00eanio Paes de Oliveira, a presente obra \u201ctem um enredo partindo de hist\u00f3rias para a hist\u00f3ria imperial em fic\u00e7\u00e3o numa sociedade que aceitava a desigualdade social como \u2018normal\u2019\u201d. O dilema entre assumir o sacerd\u00f3cio religioso e descumprir o celibato maculava a consci\u00eancia de Carlos Pantale\u00e3o e Raimundo Carvalho. Nesta seara, a perspic\u00e1cia feminina entra em cena com Odara e Lindalva. A d\u00favida far\u00e1 o leitor inquietar-se: como o padre resolver\u00e1 seus intentos de libido interior e exteriormente?<br \/>\nOs anseios de Lindomar pela busca do rompimento do poder escravocrata, a ira de Joaquim Carneiro e os di\u00e1logos do padre com Lindomar permeiam a preocupa\u00e7\u00e3o do leitor em encontrar a rela\u00e7\u00e3o do padre numa sociedade imperial e escravocrata com o segredo do padre.<br \/>\nO autor nos permite uma viagem pelas cercanias de Goi\u00e1s na Vila de Nossa Senhora da Concei\u00e7\u00e3o. Aparato militar, rela\u00e7\u00f5es familiares, influ\u00eancia religiosa emolduram o cen\u00e1rio apetitoso de deleite liter\u00e1rio. Causos que viajam do padre ao rezador, da fogueira ao rio, da traquinagem ao tr\u00e1gico permeiam O segredo do padre, instigando o apego do leitor.<br \/>\nAs perip\u00e9cias dos personagens contrastando com o poema, as estripulias de crian\u00e7a fermentam o enredo cujo segredo somente ser\u00e1 desvendado com a leitura da obra.<\/p>\n","protected":false},"featured_media":21257,"template":"","meta":{"_monsterinsights_skip_tracking":false,"_monsterinsights_sitenote_active":false,"_monsterinsights_sitenote_note":"","_monsterinsights_sitenote_category":0},"product_brand":[],"product_cat":[74],"product_tag":[],"class_list":{"0":"post-21255","1":"product","2":"type-product","3":"status-publish","4":"has-post-thumbnail","6":"product_cat-uncategorized","7":"product_shipping_class-impresso","8":"pa_ano-135","9":"pa_autor-renato-godinho","10":"pa_editora-editora-lux","11":"pa_isbn-978-65-5913-504-2","12":"pa_tipo-de-capa-brochura","14":"first","15":"outofstock","16":"purchasable","17":"product-type-simple"},"_links":{"self":[{"href":"https:\/\/www.editoralux.com.br\/loja\/wp-json\/wp\/v2\/product\/21255"}],"collection":[{"href":"https:\/\/www.editoralux.com.br\/loja\/wp-json\/wp\/v2\/product"}],"about":[{"href":"https:\/\/www.editoralux.com.br\/loja\/wp-json\/wp\/v2\/types\/product"}],"wp:featuredmedia":[{"embeddable":true,"href":"https:\/\/www.editoralux.com.br\/loja\/wp-json\/wp\/v2\/media\/21257"}],"wp:attachment":[{"href":"https:\/\/www.editoralux.com.br\/loja\/wp-json\/wp\/v2\/media?parent=21255"}],"wp:term":[{"taxonomy":"product_brand","embeddable":true,"href":"https:\/\/www.editoralux.com.br\/loja\/wp-json\/wp\/v2\/product_brand?post=21255"},{"taxonomy":"product_cat","embeddable":true,"href":"https:\/\/www.editoralux.com.br\/loja\/wp-json\/wp\/v2\/product_cat?post=21255"},{"taxonomy":"product_tag","embeddable":true,"href":"https:\/\/www.editoralux.com.br\/loja\/wp-json\/wp\/v2\/product_tag?post=21255"}],"curies":[{"name":"wp","href":"https:\/\/api.w.org\/{rel}","templated":true}]}}