{"id":21299,"date":"2023-02-05T15:33:43","date_gmt":"2023-02-05T18:33:43","guid":{"rendered":"https:\/\/www.editoralux.com.br\/loja\/produto\/ele-vive-em-voce\/"},"modified":"2023-02-05T15:33:45","modified_gmt":"2023-02-05T18:33:45","slug":"ele-vive-em-voce","status":"publish","type":"product","link":"https:\/\/www.editoralux.com.br\/loja\/produto\/ele-vive-em-voce\/","title":{"rendered":"Ele vive em voc\u00ea"},"content":{"rendered":"","protected":false},"excerpt":{"rendered":"<p>Que este livro seja o solene registro e o sublime testemunho de que os antepassados, apesar da nomenclatura, n\u00e3o morrem no passado, mas, prevalecem no presente e no futuro, vivendo em cada um de n\u00f3s. Que estes ensinamentos do av\u00f4 legados aos filhos, vivos nos netos e glorificados neste livro para a eternidade, sejam a ineg\u00e1vel, inconteste e definitiva evid\u00eancia de que a doen\u00e7a n\u00e3o \u00e9 a \u00fanica causa de morrer e tampouco a Terra \u00e9 a \u00fanica for\u00e7a de viver.<\/p>\n","protected":false},"featured_media":21291,"template":"","meta":{"_monsterinsights_skip_tracking":false,"_monsterinsights_sitenote_active":false,"_monsterinsights_sitenote_note":"","_monsterinsights_sitenote_category":0},"product_brand":[],"product_cat":[74],"product_tag":[],"class_list":{"0":"post-21299","1":"product","2":"type-product","3":"status-publish","4":"has-post-thumbnail","6":"product_cat-uncategorized","7":"product_shipping_class-impresso","8":"pa_ano-135","9":"pa_editora-editora-lux","10":"pa_isbn-452","11":"pa_tipo-de-capa-brochura","13":"first","14":"instock","15":"purchasable","16":"product-type-simple"},"_links":{"self":[{"href":"https:\/\/www.editoralux.com.br\/loja\/wp-json\/wp\/v2\/product\/21299"}],"collection":[{"href":"https:\/\/www.editoralux.com.br\/loja\/wp-json\/wp\/v2\/product"}],"about":[{"href":"https:\/\/www.editoralux.com.br\/loja\/wp-json\/wp\/v2\/types\/product"}],"wp:featuredmedia":[{"embeddable":true,"href":"https:\/\/www.editoralux.com.br\/loja\/wp-json\/wp\/v2\/media\/21291"}],"wp:attachment":[{"href":"https:\/\/www.editoralux.com.br\/loja\/wp-json\/wp\/v2\/media?parent=21299"}],"wp:term":[{"taxonomy":"product_brand","embeddable":true,"href":"https:\/\/www.editoralux.com.br\/loja\/wp-json\/wp\/v2\/product_brand?post=21299"},{"taxonomy":"product_cat","embeddable":true,"href":"https:\/\/www.editoralux.com.br\/loja\/wp-json\/wp\/v2\/product_cat?post=21299"},{"taxonomy":"product_tag","embeddable":true,"href":"https:\/\/www.editoralux.com.br\/loja\/wp-json\/wp\/v2\/product_tag?post=21299"}],"curies":[{"name":"wp","href":"https:\/\/api.w.org\/{rel}","templated":true}]}}