{"id":21302,"date":"2023-02-05T15:33:43","date_gmt":"2023-02-05T18:33:43","guid":{"rendered":"https:\/\/www.editoralux.com.br\/loja\/produto\/chega-agora-e-minha-vez\/"},"modified":"2024-11-25T15:04:00","modified_gmt":"2024-11-25T18:04:00","slug":"chega-agora-e-minha-vez","status":"publish","type":"product","link":"https:\/\/www.editoralux.com.br\/loja\/produto\/chega-agora-e-minha-vez\/","title":{"rendered":"Chega! Agora \u00e9 minha vez"},"content":{"rendered":"","protected":false},"excerpt":{"rendered":"<p>Este livro muda, de uma vez por todas, o tipo de vis\u00e3o que a maioria das pessoas tem sobre conquistas. O segredo aqui revelado traz um efeito imediato para a vida de qualquer um que o leia.<br \/>\nGrande parte das pessoas, durante s\u00e9culos, n\u00e3o teve acesso a estas informa\u00e7\u00f5es, principalmente os mais humildes. Por isso, desejo quebrar todas essas barreiras e dar acesso a uma leitura r\u00e1pida, por\u00e9m com efeitos poderosos capazes de transformar uma vida, uma casa, uma vizinhan\u00e7a, um bairro ou at\u00e9 mesmo uma cidade inteira. Esteja preparado para essa nova e linda jornada.<\/p>\n","protected":false},"featured_media":21285,"template":"","meta":{"_monsterinsights_skip_tracking":false,"_monsterinsights_sitenote_active":false,"_monsterinsights_sitenote_note":"","_monsterinsights_sitenote_category":0},"product_brand":[],"product_cat":[74],"product_tag":[],"class_list":{"0":"post-21302","1":"product","2":"type-product","3":"status-publish","4":"has-post-thumbnail","6":"product_cat-uncategorized","7":"product_shipping_class-impresso","8":"pa_ano-135","9":"pa_editora-editora-lux","10":"pa_isbn-453","11":"pa_tipo-de-capa-brochura","13":"first","14":"instock","15":"purchasable","16":"product-type-simple"},"_links":{"self":[{"href":"https:\/\/www.editoralux.com.br\/loja\/wp-json\/wp\/v2\/product\/21302"}],"collection":[{"href":"https:\/\/www.editoralux.com.br\/loja\/wp-json\/wp\/v2\/product"}],"about":[{"href":"https:\/\/www.editoralux.com.br\/loja\/wp-json\/wp\/v2\/types\/product"}],"wp:featuredmedia":[{"embeddable":true,"href":"https:\/\/www.editoralux.com.br\/loja\/wp-json\/wp\/v2\/media\/21285"}],"wp:attachment":[{"href":"https:\/\/www.editoralux.com.br\/loja\/wp-json\/wp\/v2\/media?parent=21302"}],"wp:term":[{"taxonomy":"product_brand","embeddable":true,"href":"https:\/\/www.editoralux.com.br\/loja\/wp-json\/wp\/v2\/product_brand?post=21302"},{"taxonomy":"product_cat","embeddable":true,"href":"https:\/\/www.editoralux.com.br\/loja\/wp-json\/wp\/v2\/product_cat?post=21302"},{"taxonomy":"product_tag","embeddable":true,"href":"https:\/\/www.editoralux.com.br\/loja\/wp-json\/wp\/v2\/product_tag?post=21302"}],"curies":[{"name":"wp","href":"https:\/\/api.w.org\/{rel}","templated":true}]}}