{"id":21372,"date":"2023-03-16T23:04:02","date_gmt":"2023-03-17T02:04:02","guid":{"rendered":"https:\/\/www.editoralux.com.br\/loja\/produto\/empreendedorismo-tributario\/"},"modified":"2023-08-15T10:13:22","modified_gmt":"2023-08-15T13:13:22","slug":"empreendedorismo-tributario","status":"publish","type":"product","link":"https:\/\/www.editoralux.com.br\/loja\/produto\/empreendedorismo-tributario\/","title":{"rendered":"Empreendedorismo Tribut\u00e1rio"},"content":{"rendered":"","protected":false},"excerpt":{"rendered":"<p>\u201cEste livro n\u00e3o busca apenas demonstrar as melhores formas de prestar consultoria de conformidade ou de recupera\u00e7\u00e3o de cr\u00e9ditos na \u00e1rea tribut\u00e1ria. Sua finalidade \u00e9 bem mais ampla: impulsionar todos aqueles que t\u00eam o sonho de empreender, de conquistar mais clientes e utilizar a tecnologia como forma de dar escala aos seus servi\u00e7os.\u201d<br \/>\nLet\u00edcia Amaral, CEO do IBPT Educa\u00e7\u00e3o<br \/>\n* * *<br \/>\n\u201cEsta obra vai ajudar voc\u00ea a expandir sua forma de pensar e atuar na \u00e1rea tribut\u00e1ria. Frederico Amaral nos inspira a empreender e reavaliar a forma como buscamos resultados. \u00c9 um livro fascinante.\u201d<br \/>\nFernanda Nogueira, advogada tributarista e fundadora do TNP Academy<br \/>\n***<br \/>\n\u201cEste livro \u00e9 uma fonte de inspira\u00e7\u00e3o. Voc\u00ea, tributarista, n\u00e3o pode deixar de investir tempo nessa leitura, pois al\u00e9m de fornecer informa\u00e7\u00f5es preciosas sobre nosso cotidiano, nos instiga a buscar novas oportunidades, a crescer profissionalmente e acreditar em nossos sonhos.\u201d<br \/>\nElcio Ghioto, contador, advogado e mentor tribut\u00e1rio<br \/>\n* * *<br \/>\n\u201cFrederico Amaral mant\u00e9m contato com milhares de profissionais que empreendem na \u00e1rea tribut\u00e1ria. A conviv\u00eancia di\u00e1ria com as dificuldades, os erros e os acertos destes profissionais permitiu que ele mapeasse boas pr\u00e1ticas, compartilhadas conosco nessa obra.<br \/>\nLeitura essencial para aqueles que desejam aproveitar as oportunidades do universo tribut\u00e1rio.\u201d<br \/>\nAnderson Souza, CEO da Arte Fiscal e do canal Caf\u00e9 Tribut\u00e1rio<\/p>\n","protected":false},"featured_media":21345,"template":"","meta":{"_monsterinsights_skip_tracking":false,"_monsterinsights_sitenote_active":false,"_monsterinsights_sitenote_note":"","_monsterinsights_sitenote_category":0},"product_brand":[],"product_cat":[74],"product_tag":[],"class_list":{"0":"post-21372","1":"product","2":"type-product","3":"status-publish","4":"has-post-thumbnail","6":"product_cat-uncategorized","7":"product_shipping_class-impresso","8":"pa_ano-135","9":"pa_autor-frederico-amaral","10":"pa_editora-editora-lux","11":"pa_isbn-477","12":"pa_tipo-de-capa-brochura","14":"first","15":"outofstock","16":"purchasable","17":"product-type-simple"},"_links":{"self":[{"href":"https:\/\/www.editoralux.com.br\/loja\/wp-json\/wp\/v2\/product\/21372"}],"collection":[{"href":"https:\/\/www.editoralux.com.br\/loja\/wp-json\/wp\/v2\/product"}],"about":[{"href":"https:\/\/www.editoralux.com.br\/loja\/wp-json\/wp\/v2\/types\/product"}],"wp:featuredmedia":[{"embeddable":true,"href":"https:\/\/www.editoralux.com.br\/loja\/wp-json\/wp\/v2\/media\/21345"}],"wp:attachment":[{"href":"https:\/\/www.editoralux.com.br\/loja\/wp-json\/wp\/v2\/media?parent=21372"}],"wp:term":[{"taxonomy":"product_brand","embeddable":true,"href":"https:\/\/www.editoralux.com.br\/loja\/wp-json\/wp\/v2\/product_brand?post=21372"},{"taxonomy":"product_cat","embeddable":true,"href":"https:\/\/www.editoralux.com.br\/loja\/wp-json\/wp\/v2\/product_cat?post=21372"},{"taxonomy":"product_tag","embeddable":true,"href":"https:\/\/www.editoralux.com.br\/loja\/wp-json\/wp\/v2\/product_tag?post=21372"}],"curies":[{"name":"wp","href":"https:\/\/api.w.org\/{rel}","templated":true}]}}