{"id":21410,"date":"2023-04-06T12:03:22","date_gmt":"2023-04-06T15:03:22","guid":{"rendered":"https:\/\/www.editoralux.com.br\/loja\/produto\/todas-as-coisas-menos-de-mim-mais-do-espirito-santo\/"},"modified":"2023-04-06T12:03:22","modified_gmt":"2023-04-06T15:03:22","slug":"todas-as-coisas-menos-de-mim-mais-do-espirito-santo","status":"publish","type":"product","link":"https:\/\/www.editoralux.com.br\/loja\/produto\/todas-as-coisas-menos-de-mim-mais-do-espirito-santo\/","title":{"rendered":"Todas as Coisas?! Menos de mim, mais do Esp\u00edrito Santo"},"content":{"rendered":"","protected":false},"excerpt":{"rendered":"<p>Neste livro, apresentam-se diversas reflex\u00f5es baseadas no famoso vers\u00edculo de Romanos 8:28, que diz que \u201cTodas as coisas cooperam para o bem daqueles que amam a Deus, daqueles que foram chamados segundo seu prop\u00f3sito\u201d.<br \/>\nO que estaria contemplado na express\u00e3o \u201cTodas as coisas\u201d? \u00c9 dif\u00edcil acreditar que at\u00e9 mesmo coisas ruins podem servir para o bem. O n\u00e3o cumprimento dos anseios alimentados pela mente humana tende a gerar frustra\u00e7\u00f5es e revolta. Temos tudo planejado, com prazos e metas. Se amamos e somos amados pelo Pai, qual \u00e9 o sentido de passarmos por tribula\u00e7\u00f5es?<br \/>\nOutras perguntas como essas s\u00e3o exploradas na busca por entendimento que transcenda o \u201ceu\u201d e revele o significado espiritual em quest\u00e3o. Como expressar genuinamente o amor por Deus? O que significa ser chamado segundo Seu prop\u00f3sito?<br \/>\nPara responder tudo isso, prop\u00f5e-se um mergulho no vers\u00edculo tema e em outras passagens b\u00edblicas, mescladas a hist\u00f3rias reais e atuais. O texto conversa com o leitor a fim de demonstrar que os conceitos crist\u00e3os s\u00e3o absolutamente pr\u00e1ticos, transpassando dos escritos para a vida real<\/p>\n","protected":false},"featured_media":21403,"template":"","meta":{"_monsterinsights_skip_tracking":false,"_monsterinsights_sitenote_active":false,"_monsterinsights_sitenote_note":"","_monsterinsights_sitenote_category":0},"product_brand":[],"product_cat":[74],"product_tag":[],"class_list":{"0":"post-21410","1":"product","2":"type-product","3":"status-publish","4":"has-post-thumbnail","6":"product_cat-uncategorized","7":"product_shipping_class-impresso","8":"pa_ano-135","9":"pa_autor-luana-longon-roca","10":"pa_editora-editora-lux","11":"pa_isbn-491","12":"pa_tipo-de-capa-brochura","14":"first","15":"instock","16":"purchasable","17":"product-type-simple"},"_links":{"self":[{"href":"https:\/\/www.editoralux.com.br\/loja\/wp-json\/wp\/v2\/product\/21410"}],"collection":[{"href":"https:\/\/www.editoralux.com.br\/loja\/wp-json\/wp\/v2\/product"}],"about":[{"href":"https:\/\/www.editoralux.com.br\/loja\/wp-json\/wp\/v2\/types\/product"}],"wp:featuredmedia":[{"embeddable":true,"href":"https:\/\/www.editoralux.com.br\/loja\/wp-json\/wp\/v2\/media\/21403"}],"wp:attachment":[{"href":"https:\/\/www.editoralux.com.br\/loja\/wp-json\/wp\/v2\/media?parent=21410"}],"wp:term":[{"taxonomy":"product_brand","embeddable":true,"href":"https:\/\/www.editoralux.com.br\/loja\/wp-json\/wp\/v2\/product_brand?post=21410"},{"taxonomy":"product_cat","embeddable":true,"href":"https:\/\/www.editoralux.com.br\/loja\/wp-json\/wp\/v2\/product_cat?post=21410"},{"taxonomy":"product_tag","embeddable":true,"href":"https:\/\/www.editoralux.com.br\/loja\/wp-json\/wp\/v2\/product_tag?post=21410"}],"curies":[{"name":"wp","href":"https:\/\/api.w.org\/{rel}","templated":true}]}}