{"id":21424,"date":"2023-04-13T19:54:38","date_gmt":"2023-04-13T22:54:38","guid":{"rendered":"https:\/\/www.editoralux.com.br\/loja\/produto\/abram-se-o-portais\/"},"modified":"2024-07-11T16:33:46","modified_gmt":"2024-07-11T19:33:46","slug":"abram-se-o-portais","status":"publish","type":"product","link":"https:\/\/www.editoralux.com.br\/loja\/produto\/abram-se-o-portais\/","title":{"rendered":"Abram-Se \u00d3 Portais"},"content":{"rendered":"","protected":false},"excerpt":{"rendered":"<p>Em todo o tempo da exist\u00eancia humana, o Deus no qual acreditamos \u2013 segundo as Escrituras, Deus de Abra\u00e3o, Isaque e Jac\u00f3 \u2013, que enviou seu \u00fanico filho, Jesus Cristo, sempre teve o desejo de se relacionar com a humanidade. A primeira rela\u00e7\u00e3o Deus-homem se deu por Jesus Cristo, com seus disc\u00edpulos, a express\u00e3o viva de Deus, que comunica ao povo sua ternura, amor, discord\u00e2ncia e ensino. Todos os acontecimentos n\u00e3o ficaram apenas em registros hist\u00f3ricos, pois cremos que, por meio do sangue de Jesus derramado na cruz, pela f\u00e9 nele, temos livre acesso a Deus. Que se abram os portais do entendimento espiritual sobre as verdades de Deus a respeito da humanidade. O Esp\u00edrito Santo, o Consolador, veio at\u00e9 n\u00f3s de acordo com Atos cap\u00edtulo 2, e por meio dele, podemos acessar verdades eternas que nos permitem sair de uma consci\u00eancia de culpa, rejei\u00e7\u00e3o, dores, a qual herdamos devido \u00e0 queda do homem (Ad\u00e3o). Abriu-se um portal. Jesus foi comparado como o segundo Ad\u00e3o, que veio sem pecado e se fez pecado por n\u00f3s. Que se abram os portais do entendimento do esp\u00edrito em nossas vidas!<br \/>\nDeus os aben\u00e7oe muito.<\/p>\n","protected":false},"featured_media":21421,"template":"","meta":{"_monsterinsights_skip_tracking":false,"_monsterinsights_sitenote_active":false,"_monsterinsights_sitenote_note":"","_monsterinsights_sitenote_category":0},"product_brand":[],"product_cat":[74],"product_tag":[],"class_list":{"0":"post-21424","1":"product","2":"type-product","3":"status-publish","4":"has-post-thumbnail","6":"product_cat-uncategorized","7":"product_shipping_class-impresso","8":"pa_ano-135","9":"pa_autor-lucas-torres-folha","10":"pa_editora-editora-lux","11":"pa_isbn-499","12":"pa_tipo-de-capa-brochura","14":"first","15":"outofstock","16":"purchasable","17":"product-type-simple"},"_links":{"self":[{"href":"https:\/\/www.editoralux.com.br\/loja\/wp-json\/wp\/v2\/product\/21424"}],"collection":[{"href":"https:\/\/www.editoralux.com.br\/loja\/wp-json\/wp\/v2\/product"}],"about":[{"href":"https:\/\/www.editoralux.com.br\/loja\/wp-json\/wp\/v2\/types\/product"}],"wp:featuredmedia":[{"embeddable":true,"href":"https:\/\/www.editoralux.com.br\/loja\/wp-json\/wp\/v2\/media\/21421"}],"wp:attachment":[{"href":"https:\/\/www.editoralux.com.br\/loja\/wp-json\/wp\/v2\/media?parent=21424"}],"wp:term":[{"taxonomy":"product_brand","embeddable":true,"href":"https:\/\/www.editoralux.com.br\/loja\/wp-json\/wp\/v2\/product_brand?post=21424"},{"taxonomy":"product_cat","embeddable":true,"href":"https:\/\/www.editoralux.com.br\/loja\/wp-json\/wp\/v2\/product_cat?post=21424"},{"taxonomy":"product_tag","embeddable":true,"href":"https:\/\/www.editoralux.com.br\/loja\/wp-json\/wp\/v2\/product_tag?post=21424"}],"curies":[{"name":"wp","href":"https:\/\/api.w.org\/{rel}","templated":true}]}}