{"id":21512,"date":"2023-06-20T22:25:37","date_gmt":"2023-06-21T01:25:37","guid":{"rendered":"https:\/\/www.editoralux.com.br\/loja\/?post_type=product&#038;p=21512"},"modified":"2025-04-04T14:35:39","modified_gmt":"2025-04-04T17:35:39","slug":"onde-a-humanidade-se-perdeu","status":"publish","type":"product","link":"https:\/\/www.editoralux.com.br\/loja\/produto\/onde-a-humanidade-se-perdeu\/","title":{"rendered":"Onde a Humanidade se Perdeu"},"content":{"rendered":"","protected":false},"excerpt":{"rendered":"<p>Sa\u00edmos da pandemia da Covid-19 t\u00e3o acelerados em busca do caminho perdido, t\u00e3o obcecados pela plenitude da vida, que, a galope, estamos decidindo a cada minuto como superar obst\u00e1culos e seguir em frente.<br \/>\nMas ser\u00e1 que essas decis\u00f5es s\u00e3o conscientes? Por que tantas ang\u00fastias e s\u00edndromes nos acometem t\u00e3o intensamente nessa roda-viva, nessa vida louca?<br \/>\nCom a experi\u00eancia adquirida em seu consult\u00f3rio por 42 anos, aliada aos estudos e \u00e0s pesquisas sobre Homeopatia, doutor Guy Eug\u00eanio escreveu essa obra para leigos e especialistas que se interessem pelo verdadeiro sentido da vida e suas implica\u00e7\u00f5es, colocando a Homeopatia em seu devido lugar como ci\u00eancia de cura eficaz, eficiente e n\u00e3o t\u00f3xica aos males da alma e do corpo, trazendo possibilidade real de uma vida com sa\u00fade integral.<br \/>\nEsse livro convida o leitor a refletir sobre os pontos centrais dos paradigmas atuais, sem preconceitos ou dogmas, fugindo ao estere\u00f3tipo de autoajuda ou de doutrina\u00e7\u00e3o religiosa.<br \/>\nOnde a Humanidade se Perdeu oferece um estudo objetivo e l\u00f3gico sobre a origem de tantos males modernos, de tantas s\u00edndromes e suas mistifica\u00e7\u00f5es. O movimento espiral dessas doen\u00e7as \u00e9 t\u00e3o feroz que chega a hora de se questionar: haver\u00e1 um caminho de cura para tudo isso?<br \/>\nQue contribui\u00e7\u00e3o se pode esperar da Homeopatia nesse processo aparentemente t\u00e3o ca\u00f3tico? A resposta est\u00e1 nos nove cap\u00edtulos curtos e instigantes sobre temas e conflitos cotidianos como o sentido do trabalho, a rela\u00e7\u00e3o com a fam\u00edlia, o modo de amar, a consci\u00eancia sobre o bem e o mal, medos e inseguran\u00e7as e, principalmente, consequentes equ\u00edvocos na busca da cura desses males atrav\u00e9s de medicamentos e terapias frustrantes e paliativas; verdadeiras fontes de psicossomatismo c\u00edclico.<\/p>\n","protected":false},"featured_media":21516,"template":"","meta":{"_monsterinsights_skip_tracking":false,"_monsterinsights_sitenote_active":false,"_monsterinsights_sitenote_note":"","_monsterinsights_sitenote_category":0},"product_brand":[],"product_cat":[579,581,580],"product_tag":[],"class_list":{"0":"post-21512","1":"product","2":"type-product","3":"status-publish","4":"has-post-thumbnail","6":"product_cat-consciencia","7":"product_cat-espiritualidade","8":"product_cat-responsabilidade","9":"product_shipping_class-impresso","10":"pa_ano-135","11":"pa_autor-guy-eugenio-santana-dos-santos","12":"pa_editora-editora-lux","13":"pa_isbn-978-65-5913-612-4","14":"pa_tipo-de-capa-brochura","16":"first","17":"instock","18":"purchasable","19":"product-type-simple"},"_links":{"self":[{"href":"https:\/\/www.editoralux.com.br\/loja\/wp-json\/wp\/v2\/product\/21512"}],"collection":[{"href":"https:\/\/www.editoralux.com.br\/loja\/wp-json\/wp\/v2\/product"}],"about":[{"href":"https:\/\/www.editoralux.com.br\/loja\/wp-json\/wp\/v2\/types\/product"}],"wp:featuredmedia":[{"embeddable":true,"href":"https:\/\/www.editoralux.com.br\/loja\/wp-json\/wp\/v2\/media\/21516"}],"wp:attachment":[{"href":"https:\/\/www.editoralux.com.br\/loja\/wp-json\/wp\/v2\/media?parent=21512"}],"wp:term":[{"taxonomy":"product_brand","embeddable":true,"href":"https:\/\/www.editoralux.com.br\/loja\/wp-json\/wp\/v2\/product_brand?post=21512"},{"taxonomy":"product_cat","embeddable":true,"href":"https:\/\/www.editoralux.com.br\/loja\/wp-json\/wp\/v2\/product_cat?post=21512"},{"taxonomy":"product_tag","embeddable":true,"href":"https:\/\/www.editoralux.com.br\/loja\/wp-json\/wp\/v2\/product_tag?post=21512"}],"curies":[{"name":"wp","href":"https:\/\/api.w.org\/{rel}","templated":true}]}}