{"id":21565,"date":"2023-07-21T18:56:15","date_gmt":"2023-07-21T21:56:15","guid":{"rendered":"https:\/\/www.editoralux.com.br\/loja\/produto\/cumprindo-o-ide-pelo-caminho-das-letras\/"},"modified":"2024-11-07T11:28:12","modified_gmt":"2024-11-07T14:28:12","slug":"cumprindo-o-ide-pelo-caminho-das-letras","status":"publish","type":"product","link":"https:\/\/www.editoralux.com.br\/loja\/produto\/cumprindo-o-ide-pelo-caminho-das-letras\/","title":{"rendered":"Cumprindo o \u201cIde\u201d pelo Caminho das Letras"},"content":{"rendered":"","protected":false},"excerpt":{"rendered":"<p>CUMPRINDO O \u201cIDE\u201d PELO CAMINHO DAS LETRAS \u00e9 um livro envolvente por seu conte\u00fado crist\u00e3o. S\u00e3o pequenos textos e anota\u00e7\u00f5es de anos rascunhados e que agora desejei compartilhar. Creio que voc\u00ea vai se prender na leitura e tirar proveito das informa\u00e7\u00f5es e conhecimentos b\u00e1sicos aqui apresentados. Oro para que Deus o aben\u00e7oe e enrique\u00e7a sua vida espiritual em Cristo Jesus!&#8221;<\/p>\n","protected":false},"featured_media":21561,"template":"","meta":{"_monsterinsights_skip_tracking":false,"_monsterinsights_sitenote_active":false,"_monsterinsights_sitenote_note":"","_monsterinsights_sitenote_category":0},"product_brand":[],"product_cat":[74],"product_tag":[],"class_list":{"0":"post-21565","1":"product","2":"type-product","3":"status-publish","4":"has-post-thumbnail","6":"product_cat-uncategorized","7":"product_shipping_class-impresso","8":"pa_ano-459","9":"pa_autor-maria-luiza-vargas","10":"pa_editora-editora-lux","11":"pa_isbn-566","12":"pa_tipo-de-capa-brochura","14":"first","15":"outofstock","16":"purchasable","17":"product-type-simple"},"_links":{"self":[{"href":"https:\/\/www.editoralux.com.br\/loja\/wp-json\/wp\/v2\/product\/21565"}],"collection":[{"href":"https:\/\/www.editoralux.com.br\/loja\/wp-json\/wp\/v2\/product"}],"about":[{"href":"https:\/\/www.editoralux.com.br\/loja\/wp-json\/wp\/v2\/types\/product"}],"wp:featuredmedia":[{"embeddable":true,"href":"https:\/\/www.editoralux.com.br\/loja\/wp-json\/wp\/v2\/media\/21561"}],"wp:attachment":[{"href":"https:\/\/www.editoralux.com.br\/loja\/wp-json\/wp\/v2\/media?parent=21565"}],"wp:term":[{"taxonomy":"product_brand","embeddable":true,"href":"https:\/\/www.editoralux.com.br\/loja\/wp-json\/wp\/v2\/product_brand?post=21565"},{"taxonomy":"product_cat","embeddable":true,"href":"https:\/\/www.editoralux.com.br\/loja\/wp-json\/wp\/v2\/product_cat?post=21565"},{"taxonomy":"product_tag","embeddable":true,"href":"https:\/\/www.editoralux.com.br\/loja\/wp-json\/wp\/v2\/product_tag?post=21565"}],"curies":[{"name":"wp","href":"https:\/\/api.w.org\/{rel}","templated":true}]}}