{"id":21628,"date":"2023-08-31T21:49:26","date_gmt":"2023-09-01T00:49:26","guid":{"rendered":"https:\/\/www.editoralux.com.br\/loja\/produto\/vixe-janaina\/"},"modified":"2024-06-12T10:37:33","modified_gmt":"2024-06-12T13:37:33","slug":"vixe-janaina","status":"publish","type":"product","link":"https:\/\/www.editoralux.com.br\/loja\/produto\/vixe-janaina\/","title":{"rendered":"Vixe, Jana\u00edna"},"content":{"rendered":"","protected":false},"excerpt":{"rendered":"<p>Se sua mat\u00e9ria e sua alma estiverem em harmonia, n\u00e3o importa o curso que queiram lhe impor, pois n\u00e3o poder\u00e3o tra\u00e7\u00e1-lo por voc\u00ea.<br \/>\nPorque ningu\u00e9m consegue fugir de sua pr\u00f3pria natureza; ela \u00e9 indom\u00e1vel.<br \/>\nAssim era Renatinho, a \u00e1gua corredi\u00e7a que vinha se chocar com essas barreiras.<br \/>\nPaulo Daltro<\/p>\n","protected":false},"featured_media":21621,"template":"","meta":{"_monsterinsights_skip_tracking":false,"_monsterinsights_sitenote_active":false,"_monsterinsights_sitenote_note":"","_monsterinsights_sitenote_category":0},"product_brand":[],"product_cat":[74],"product_tag":[],"class_list":{"0":"post-21628","1":"product","2":"type-product","3":"status-publish","4":"has-post-thumbnail","6":"product_cat-uncategorized","7":"product_shipping_class-impresso","8":"pa_ano-459","9":"pa_autor-paulo-daltro","10":"pa_editora-editora-lux","11":"pa_isbn-592","12":"pa_tipo-de-capa-brochura","14":"first","15":"outofstock","16":"purchasable","17":"product-type-simple"},"_links":{"self":[{"href":"https:\/\/www.editoralux.com.br\/loja\/wp-json\/wp\/v2\/product\/21628"}],"collection":[{"href":"https:\/\/www.editoralux.com.br\/loja\/wp-json\/wp\/v2\/product"}],"about":[{"href":"https:\/\/www.editoralux.com.br\/loja\/wp-json\/wp\/v2\/types\/product"}],"wp:featuredmedia":[{"embeddable":true,"href":"https:\/\/www.editoralux.com.br\/loja\/wp-json\/wp\/v2\/media\/21621"}],"wp:attachment":[{"href":"https:\/\/www.editoralux.com.br\/loja\/wp-json\/wp\/v2\/media?parent=21628"}],"wp:term":[{"taxonomy":"product_brand","embeddable":true,"href":"https:\/\/www.editoralux.com.br\/loja\/wp-json\/wp\/v2\/product_brand?post=21628"},{"taxonomy":"product_cat","embeddable":true,"href":"https:\/\/www.editoralux.com.br\/loja\/wp-json\/wp\/v2\/product_cat?post=21628"},{"taxonomy":"product_tag","embeddable":true,"href":"https:\/\/www.editoralux.com.br\/loja\/wp-json\/wp\/v2\/product_tag?post=21628"}],"curies":[{"name":"wp","href":"https:\/\/api.w.org\/{rel}","templated":true}]}}