{"id":21693,"date":"2023-10-12T23:18:43","date_gmt":"2023-10-13T02:18:43","guid":{"rendered":"https:\/\/www.editoralux.com.br\/loja\/produto\/manual-tecnico-para-gestao-de-emergencia-industrial\/"},"modified":"2025-09-17T11:48:33","modified_gmt":"2025-09-17T14:48:33","slug":"manual-tecnico-para-gestao-de-emergencia-industrial","status":"publish","type":"product","link":"https:\/\/www.editoralux.com.br\/loja\/produto\/manual-tecnico-para-gestao-de-emergencia-industrial\/","title":{"rendered":"Manual T\u00e9cnico para Gest\u00e3o de Emerg\u00eancia Industrial"},"content":{"rendered":"","protected":false},"excerpt":{"rendered":"<p>\u201cManual para Gestores de Emerg\u00eancia Industrial\u201d \u00e9 uma obra liter\u00e1ria essencial para profissionais que atuam na \u00e1rea de gest\u00e3o de riscos e emerg\u00eancias industriais. Escrito por um renomado especialista no assunto, esta obra engloba, de forma abrangente, e pr\u00e1tica todas as etapas e aspectos necess\u00e1rios para lidar com situa\u00e7\u00f5es de alto risco e emerg\u00eancias em ambientes industriais.<br \/>\nO livro apresenta um guia detalhado, repleto de informa\u00e7\u00f5es fundamentais, estrat\u00e9gias e melhores pr\u00e1ticas para coordenar equipes, gerenciar recursos e tomar decis\u00f5es cr\u00edticas em momentos de crise. Desde a prepara\u00e7\u00e3o e preven\u00e7\u00e3o at\u00e9 a resposta e recupera\u00e7\u00e3o p\u00f3s-emerg\u00eancia, cada fase \u00e9 abordada de forma clara e concisa.<br \/>\nCom base em metodologias consagradas, como o Sistema de Comando de Incidentes (ICS), o autor compartilha sua experi\u00eancia de mais de 17 anos no campo, incluindo sua participa\u00e7\u00e3o em situa\u00e7\u00f5es de alta complexidade, como o rompimento de barragens e inc\u00eandios industriais.<br \/>\n\u00c9 um recurso valioso e imprescind\u00edvel para profissionais que desejam aprimorar suas habilidades de gerenciamento de riscos e emerg\u00eancias em ambientes industriais. Seja voc\u00ea um gestor experiente ou um iniciante na \u00e1rea, este livro se tornar\u00e1 sua refer\u00eancia confi\u00e1vel para enfrentar desafios complexos e proteger vidas, propriedades e o meio ambiente em momentos cr\u00edticos<\/p>\n","protected":false},"featured_media":21689,"template":"","meta":{"_monsterinsights_skip_tracking":false,"_monsterinsights_sitenote_active":false,"_monsterinsights_sitenote_note":"","_monsterinsights_sitenote_category":0},"product_brand":[],"product_cat":[74],"product_tag":[],"class_list":{"0":"post-21693","1":"product","2":"type-product","3":"status-publish","4":"has-post-thumbnail","6":"product_cat-uncategorized","7":"product_shipping_class-impresso","8":"pa_ano-459","9":"pa_autor-denis-duarte-silva-martins","10":"pa_editora-editora-lux","11":"pa_isbn-622","12":"pa_tipo-de-capa-brochura","14":"first","15":"instock","16":"purchasable","17":"product-type-simple"},"_links":{"self":[{"href":"https:\/\/www.editoralux.com.br\/loja\/wp-json\/wp\/v2\/product\/21693"}],"collection":[{"href":"https:\/\/www.editoralux.com.br\/loja\/wp-json\/wp\/v2\/product"}],"about":[{"href":"https:\/\/www.editoralux.com.br\/loja\/wp-json\/wp\/v2\/types\/product"}],"wp:featuredmedia":[{"embeddable":true,"href":"https:\/\/www.editoralux.com.br\/loja\/wp-json\/wp\/v2\/media\/21689"}],"wp:attachment":[{"href":"https:\/\/www.editoralux.com.br\/loja\/wp-json\/wp\/v2\/media?parent=21693"}],"wp:term":[{"taxonomy":"product_brand","embeddable":true,"href":"https:\/\/www.editoralux.com.br\/loja\/wp-json\/wp\/v2\/product_brand?post=21693"},{"taxonomy":"product_cat","embeddable":true,"href":"https:\/\/www.editoralux.com.br\/loja\/wp-json\/wp\/v2\/product_cat?post=21693"},{"taxonomy":"product_tag","embeddable":true,"href":"https:\/\/www.editoralux.com.br\/loja\/wp-json\/wp\/v2\/product_tag?post=21693"}],"curies":[{"name":"wp","href":"https:\/\/api.w.org\/{rel}","templated":true}]}}