{"id":21707,"date":"2023-10-29T23:09:11","date_gmt":"2023-10-30T02:09:11","guid":{"rendered":"https:\/\/www.editoralux.com.br\/loja\/produto\/meu-par-e-impar\/"},"modified":"2024-04-15T11:46:31","modified_gmt":"2024-04-15T14:46:31","slug":"meu-par-e-impar","status":"publish","type":"product","link":"https:\/\/www.editoralux.com.br\/loja\/produto\/meu-par-e-impar\/","title":{"rendered":"Meu Par \u00e9 \u00cdmpar"},"content":{"rendered":"","protected":false},"excerpt":{"rendered":"<p>Meu par \u00e9 \u00edmpar \u00e9 resultado de muitas experi\u00eancias ao longo do minist\u00e9rio pastoral no aconselhamento de casais, no gabinete, nos v\u00e1rios eventos de casais dos quais o pastor Silvio Lam\u00eago participou como palestrante. Este livro \u00e9 apresentado como um clamor, n\u00e3o um manual de como ser feliz no casamento, embora aqui estejam as orienta\u00e7\u00f5es sagradas para a felicidade conjugal. O pastor Silvio apresenta, de forma clara e sem rodeios, os problemas conjugais mais comuns que s\u00e3o permeados pelas mais profundas d\u00favidas, assuntos que nem sempre s\u00e3o ensinados nas igrejas. Entretanto o autor sempre aponta a solu\u00e7\u00e3o baseada na B\u00edblia, a Palavra de Deus. Este livro \u00e9 um clamor para que casais casados permitam-se conhecer e compreendam que o Eterno fez o homem diferente da mulher e vice-versa, n\u00e3o para promover \u201cuma guerra dos sexos\u201d, mas para celebrar as diferen\u00e7as que glorificam ao pr\u00f3prio Deus.<br \/>\n \u2022 Por que o homem s\u00f3 pensa em sexo?<br \/>\n \u2022 A mulher tem orgasmo?<br \/>\n \u2022 Existem etapas para orgasmo feminino?<br \/>\n \u2022 Por que a pornografia atinge mais os homens?<br \/>\n \u2022 Como o homem pode ser liberto da pornografia?<br \/>\n \u2022 Masturba\u00e7\u00e3o \u00e9 pedado?<br \/>\n \u2022 Sexo como arma para a batalha espiritual?<br \/>\n \u2022 Como vencer o ci\u00fame doentio?<br \/>\nPerguntas como essas e outras s\u00e3o respondidas nesta extraordin\u00e1ria obra feita para promover o fortalecimento do casal.<\/p>\n","protected":false},"featured_media":21702,"template":"","meta":{"_monsterinsights_skip_tracking":false,"_monsterinsights_sitenote_active":false,"_monsterinsights_sitenote_note":"","_monsterinsights_sitenote_category":0},"product_brand":[],"product_cat":[74],"product_tag":[],"class_list":{"0":"post-21707","1":"product","2":"type-product","3":"status-publish","4":"has-post-thumbnail","6":"product_cat-uncategorized","7":"product_shipping_class-impresso","8":"pa_ano-459","9":"pa_editora-editora-lux","10":"pa_tipo-de-capa-brochura","12":"first","13":"outofstock","14":"purchasable","15":"product-type-simple"},"_links":{"self":[{"href":"https:\/\/www.editoralux.com.br\/loja\/wp-json\/wp\/v2\/product\/21707"}],"collection":[{"href":"https:\/\/www.editoralux.com.br\/loja\/wp-json\/wp\/v2\/product"}],"about":[{"href":"https:\/\/www.editoralux.com.br\/loja\/wp-json\/wp\/v2\/types\/product"}],"wp:featuredmedia":[{"embeddable":true,"href":"https:\/\/www.editoralux.com.br\/loja\/wp-json\/wp\/v2\/media\/21702"}],"wp:attachment":[{"href":"https:\/\/www.editoralux.com.br\/loja\/wp-json\/wp\/v2\/media?parent=21707"}],"wp:term":[{"taxonomy":"product_brand","embeddable":true,"href":"https:\/\/www.editoralux.com.br\/loja\/wp-json\/wp\/v2\/product_brand?post=21707"},{"taxonomy":"product_cat","embeddable":true,"href":"https:\/\/www.editoralux.com.br\/loja\/wp-json\/wp\/v2\/product_cat?post=21707"},{"taxonomy":"product_tag","embeddable":true,"href":"https:\/\/www.editoralux.com.br\/loja\/wp-json\/wp\/v2\/product_tag?post=21707"}],"curies":[{"name":"wp","href":"https:\/\/api.w.org\/{rel}","templated":true}]}}