{"id":21746,"date":"2023-11-23T19:27:19","date_gmt":"2023-11-23T22:27:19","guid":{"rendered":"https:\/\/www.editoralux.com.br\/loja\/produto\/orcamento-publico-no-brasil-analise-das-implicacoes-da-emenda-constitucional-n-126-de-2022\/"},"modified":"2023-11-23T19:27:21","modified_gmt":"2023-11-23T22:27:21","slug":"orcamento-publico-no-brasil-analise-das-implicacoes-da-emenda-constitucional-n-126-de-2022","status":"publish","type":"product","link":"https:\/\/www.editoralux.com.br\/loja\/produto\/orcamento-publico-no-brasil-analise-das-implicacoes-da-emenda-constitucional-n-126-de-2022\/","title":{"rendered":"Or\u00e7amento P\u00fablico no Brasil: An\u00e1lise das Implica\u00e7\u00f5es da Emenda  Constitucional n. 126, de 2022"},"content":{"rendered":"","protected":false},"excerpt":{"rendered":"<p>An\u00e1lise das Implica\u00e7\u00f5es da Emenda<br \/>\nConstitucional n\u00b0 126, de 2022<br \/>\nEste livro busca fomentar o debate acerca da novel legisla\u00e7\u00e3o com foco nas emendas individuais impositivas e \u00eanfase no legislativo municipal.<br \/>\nS\u00e3o abordados temas importantes como a origem do projeto, discuss\u00f5es no Congresso Nacional, as vantagens da emenda e a necessidade de harmoniza\u00e7\u00e3o das leis org\u00e2nicas dos munic\u00edpios.<br \/>\nVivemos na era da informa\u00e7\u00e3o, a comunidade urge por mudan\u00e7as junto aos seus representantes e h\u00e1 cobran\u00e7as por resultados que n\u00e3o podem ficar sem resposta. Qualificar os agentes pol\u00edticos, servidores p\u00fablicos, legisladores, prefeitos, vice-prefeitos e comunidade em geral \u00e9 de extrema import\u00e2ncia para beneficiar diretamente a comunidade, com mudan\u00e7as reais e impactantes.<br \/>\nAs emendas impositivas s\u00e3o a chave para transformar ideias em realidade.<br \/>\nPara tanto, \u00e9 indispens\u00e1vel dominar esse tema, cujo resultado \u00e9 a realiza\u00e7\u00e3o de projetos espec\u00edficos que possibilitam beneficiar diretamente a sociedade.<br \/>\nPor meio desse instrumento, legisladores t\u00eam a oportunidade de participar ativamente do processo or\u00e7ament\u00e1rio municipal, garantido que as necessidades mais urgentes sejam atendidas.<br \/>\nCom esta obra, voc\u00ea ir\u00e1 aprender sobre: 4 Origem do Projeto de Emenda Constitucional e motiva\u00e7\u00e3o. 4 Principais discuss\u00f5es do Projeto de Emenda Constitucional n\u00ba 126 no<br \/>\nCongresso Nacional.<br \/>\nVantagens da Emenda Constitucional, com o aperfei\u00e7oamento das emendas impositivas.<br \/>\nAn\u00e1lise comparativa entre as regras anteriores e as altera\u00e7\u00f5es introduzidas pela Emenda Constitucional n\u00ba 126, de 2022: dispositivos legais e mudan\u00e7as<br \/>\nA necessidade de adequa\u00e7\u00e3o das leis org\u00e2nicas municipais para implementa\u00e7\u00e3o das diretrizes da Emenda Constitucional n\u00ba 126, de 2022<\/p>\n","protected":false},"featured_media":21740,"template":"","meta":{"_monsterinsights_skip_tracking":false,"_monsterinsights_sitenote_active":false,"_monsterinsights_sitenote_note":"","_monsterinsights_sitenote_category":0},"product_brand":[],"product_cat":[74],"product_tag":[],"class_list":{"0":"post-21746","1":"product","2":"type-product","3":"status-publish","4":"has-post-thumbnail","6":"product_cat-uncategorized","7":"product_shipping_class-impresso","8":"pa_ano-459","9":"pa_autor-lorei-bopp-del-gaudio-e-alexandre-del-gaudio","10":"pa_editora-editora-lux","11":"pa_isbn-634","12":"pa_tipo-de-capa-brochura","14":"first","15":"instock","16":"purchasable","17":"product-type-simple"},"_links":{"self":[{"href":"https:\/\/www.editoralux.com.br\/loja\/wp-json\/wp\/v2\/product\/21746"}],"collection":[{"href":"https:\/\/www.editoralux.com.br\/loja\/wp-json\/wp\/v2\/product"}],"about":[{"href":"https:\/\/www.editoralux.com.br\/loja\/wp-json\/wp\/v2\/types\/product"}],"wp:featuredmedia":[{"embeddable":true,"href":"https:\/\/www.editoralux.com.br\/loja\/wp-json\/wp\/v2\/media\/21740"}],"wp:attachment":[{"href":"https:\/\/www.editoralux.com.br\/loja\/wp-json\/wp\/v2\/media?parent=21746"}],"wp:term":[{"taxonomy":"product_brand","embeddable":true,"href":"https:\/\/www.editoralux.com.br\/loja\/wp-json\/wp\/v2\/product_brand?post=21746"},{"taxonomy":"product_cat","embeddable":true,"href":"https:\/\/www.editoralux.com.br\/loja\/wp-json\/wp\/v2\/product_cat?post=21746"},{"taxonomy":"product_tag","embeddable":true,"href":"https:\/\/www.editoralux.com.br\/loja\/wp-json\/wp\/v2\/product_tag?post=21746"}],"curies":[{"name":"wp","href":"https:\/\/api.w.org\/{rel}","templated":true}]}}