{"id":21748,"date":"2023-11-23T19:27:19","date_gmt":"2023-11-23T22:27:19","guid":{"rendered":"https:\/\/www.editoralux.com.br\/loja\/produto\/policia-comunitaria-uma-jornada-de-transformacao-volume-i\/"},"modified":"2026-01-07T14:21:54","modified_gmt":"2026-01-07T17:21:54","slug":"policia-comunitaria-uma-jornada-de-transformacao-volume-i","status":"publish","type":"product","link":"https:\/\/www.editoralux.com.br\/loja\/produto\/policia-comunitaria-uma-jornada-de-transformacao-volume-i\/","title":{"rendered":"Pol\u00edcia Comunit\u00e1ria: Uma Jornada de Transforma\u00e7\u00e3o \u2014 Volume I"},"content":{"rendered":"","protected":false},"excerpt":{"rendered":"<p>O autor, policial militar com vasta experi\u00eancia em Pol\u00edcia Comunit\u00e1ria, apresenta uma obra envolvente e inspiradora que destaca a import\u00e2ncia dessa filosofia na constru\u00e7\u00e3o de comunidades mais seguras e unidas que ser\u00e1 dividida em quatro volumes.<br \/>\nO volume 1 \u00e9 uma verdadeira jornada pelas experi\u00eancias e aprendizados do autor, desde sua inf\u00e2ncia em uma fam\u00edlia humilde at\u00e9 sua forma\u00e7\u00e3o como oficial de pol\u00edcia. Com influ\u00eancias da cultura japonesa e sua viv\u00eancia no Jap\u00e3o, traz uma perspectiva \u00fanica sobre a Pol\u00edcia Comunit\u00e1ria, explorando suas ra\u00edzes, princ\u00edpios e impacto na sociedade.<br \/>\nAo longo das p\u00e1ginas, Sassada compartilha casos reais e li\u00e7\u00f5es valiosas, demonstrando como a Pol\u00edcia Comunit\u00e1ria pode construir pontes de confian\u00e7a entre a pol\u00edcia e a comunidade. Ele destaca a import\u00e2ncia da ess\u00eancia da filosofia e estrat\u00e9gia de Pol\u00edcia Comunit\u00e1ria, bem como do papel fundamental da comunidade em busca constante pela qualidade de vida como elementos fundamentais nesse processo.<br \/>\nAl\u00e9m de suas experi\u00eancias pessoais, o autor oferece insights pr\u00e1ticos para profissionais da \u00e1rea de seguran\u00e7a p\u00fablica, l\u00edderes comunit\u00e1rios e qualquer pessoa interessada em promover a coopera\u00e7\u00e3o e a seguran\u00e7a em suas comunidades.<br \/>\n\u201cPol\u00edcia Comunit\u00e1ria: Uma Jornada de Transforma\u00e7\u00e3o \u2013 Volume 1\u201d \u00e9 um convite para refletir sobre como a proximidade entre a pol\u00edcia e a comunidade pode criar um ambiente mais seguro, solid\u00e1rio e harmonioso, refor\u00e7ando a import\u00e2ncia dessa abordagem na constru\u00e7\u00e3o de um futuro melhor. Este livro \u00e9 uma fonte de inspira\u00e7\u00e3o para todos que acreditam em comunidades mais fortes e resilientes.<\/p>\n","protected":false},"featured_media":21744,"template":"","meta":{"_monsterinsights_skip_tracking":false,"_monsterinsights_sitenote_active":false,"_monsterinsights_sitenote_note":"","_monsterinsights_sitenote_category":0},"product_brand":[],"product_cat":[74],"product_tag":[],"class_list":{"0":"post-21748","1":"product","2":"type-product","3":"status-publish","4":"has-post-thumbnail","6":"product_cat-uncategorized","7":"product_shipping_class-impresso","8":"pa_ano-459","9":"pa_autor-ronan-sassada","10":"pa_editora-editora-lux","11":"pa_isbn-638","12":"pa_tipo-de-capa-brochura","14":"first","15":"outofstock","16":"purchasable","17":"product-type-simple"},"_links":{"self":[{"href":"https:\/\/www.editoralux.com.br\/loja\/wp-json\/wp\/v2\/product\/21748"}],"collection":[{"href":"https:\/\/www.editoralux.com.br\/loja\/wp-json\/wp\/v2\/product"}],"about":[{"href":"https:\/\/www.editoralux.com.br\/loja\/wp-json\/wp\/v2\/types\/product"}],"wp:featuredmedia":[{"embeddable":true,"href":"https:\/\/www.editoralux.com.br\/loja\/wp-json\/wp\/v2\/media\/21744"}],"wp:attachment":[{"href":"https:\/\/www.editoralux.com.br\/loja\/wp-json\/wp\/v2\/media?parent=21748"}],"wp:term":[{"taxonomy":"product_brand","embeddable":true,"href":"https:\/\/www.editoralux.com.br\/loja\/wp-json\/wp\/v2\/product_brand?post=21748"},{"taxonomy":"product_cat","embeddable":true,"href":"https:\/\/www.editoralux.com.br\/loja\/wp-json\/wp\/v2\/product_cat?post=21748"},{"taxonomy":"product_tag","embeddable":true,"href":"https:\/\/www.editoralux.com.br\/loja\/wp-json\/wp\/v2\/product_tag?post=21748"}],"curies":[{"name":"wp","href":"https:\/\/api.w.org\/{rel}","templated":true}]}}