{"id":21772,"date":"2023-12-08T22:25:20","date_gmt":"2023-12-09T01:25:20","guid":{"rendered":"https:\/\/www.editoralux.com.br\/loja\/produto\/superando-traumas-atraves-do-perdao\/"},"modified":"2024-07-17T10:08:14","modified_gmt":"2024-07-17T13:08:14","slug":"superando-traumas-atraves-do-perdao","status":"publish","type":"product","link":"https:\/\/www.editoralux.com.br\/loja\/produto\/superando-traumas-atraves-do-perdao\/","title":{"rendered":"Superando Traumas atrav\u00e9s do Perd\u00e3o"},"content":{"rendered":"","protected":false},"excerpt":{"rendered":"<p>Voc\u00ea j\u00e1 se sentiu preso em uma situa\u00e7\u00e3o dif\u00edcil, sem saber como sair dela? Ou ferido por algu\u00e9m que o magoou profundamente, sem saber como perdoar ou ser perdoado? Talvez  perdido em um mundo confuso e ca\u00f3tico, sem saber onde ou o que fazer?<br \/>\nSe voc\u00ea respondeu sim a alguma dessas perguntas, este livro \u00e9 para voc\u00ea.<br \/>\nApresento-lhe uma obra que narra a minha jornada de traumas na inf\u00e2ncia, todavia de supera\u00e7\u00e3o e grandes experiencias com o pr\u00f3prio Deus. Espero que seja \u00fatil para o seu crescimento espiritual.<br \/>\nA maior montanha que voc\u00ea precisa escalar \u00e9 a sua pr\u00f3pria mente. Se conseguir fazer isso, enxergar\u00e1 o outro lado da vida, a melhor parte da hist\u00f3ria, como mostro nesse livro.<br \/>\nMinha inten\u00e7\u00e3o \u00e9, al\u00e9m de compartilhar minha experi\u00eancia:<br \/>\n. Ajudar pessoas a se curar de traumas.<br \/>\n. Mostrar que \u00e9 poss\u00edvel perdoar, mesmo ferido.<br \/>\n. Ensinar como perdoar de verdade.<br \/>\n. Apontar os caminhos do perd\u00e3o.<br \/>\n. Provar como perdoar faz bem.<br \/>\n. Ensinar como a sa\u00fade cura a alma.<\/p>\n","protected":false},"featured_media":21767,"template":"","meta":{"_monsterinsights_skip_tracking":false,"_monsterinsights_sitenote_active":false,"_monsterinsights_sitenote_note":"","_monsterinsights_sitenote_category":0},"product_brand":[],"product_cat":[74],"product_tag":[],"class_list":{"0":"post-21772","1":"product","2":"type-product","3":"status-publish","4":"has-post-thumbnail","6":"product_cat-uncategorized","7":"product_shipping_class-impresso","8":"pa_ano-459","9":"pa_autor-meton-carvalho-de-oliveira","10":"pa_editora-editora-lux","11":"pa_isbn-642","12":"pa_tipo-de-capa-brochura","14":"first","15":"instock","16":"purchasable","17":"product-type-simple"},"_links":{"self":[{"href":"https:\/\/www.editoralux.com.br\/loja\/wp-json\/wp\/v2\/product\/21772"}],"collection":[{"href":"https:\/\/www.editoralux.com.br\/loja\/wp-json\/wp\/v2\/product"}],"about":[{"href":"https:\/\/www.editoralux.com.br\/loja\/wp-json\/wp\/v2\/types\/product"}],"wp:featuredmedia":[{"embeddable":true,"href":"https:\/\/www.editoralux.com.br\/loja\/wp-json\/wp\/v2\/media\/21767"}],"wp:attachment":[{"href":"https:\/\/www.editoralux.com.br\/loja\/wp-json\/wp\/v2\/media?parent=21772"}],"wp:term":[{"taxonomy":"product_brand","embeddable":true,"href":"https:\/\/www.editoralux.com.br\/loja\/wp-json\/wp\/v2\/product_brand?post=21772"},{"taxonomy":"product_cat","embeddable":true,"href":"https:\/\/www.editoralux.com.br\/loja\/wp-json\/wp\/v2\/product_cat?post=21772"},{"taxonomy":"product_tag","embeddable":true,"href":"https:\/\/www.editoralux.com.br\/loja\/wp-json\/wp\/v2\/product_tag?post=21772"}],"curies":[{"name":"wp","href":"https:\/\/api.w.org\/{rel}","templated":true}]}}