{"id":21775,"date":"2023-12-08T22:25:20","date_gmt":"2023-12-09T01:25:20","guid":{"rendered":"https:\/\/www.editoralux.com.br\/loja\/produto\/uma-vida-muito-boa\/"},"modified":"2025-12-30T15:05:16","modified_gmt":"2025-12-30T18:05:16","slug":"uma-vida-muito-boa","status":"publish","type":"product","link":"https:\/\/www.editoralux.com.br\/loja\/produto\/uma-vida-muito-boa\/","title":{"rendered":"Uma Vida Muito Boa"},"content":{"rendered":"","protected":false},"excerpt":{"rendered":"<p>Ser\u00e1 poss\u00edvel, nos tempos atuais, viver uma vida muito boa?<br \/>\nDinheiro, status, poder, reconhecimento profissional, um amor correspondido&#8230; O que torna a vida muito boa?<br \/>\nNessa instigante hist\u00f3ria de Vivi e Julinho, o leitor vai encontrar a resposta \u00e0 pergunta que domina a narrativa muito bem-humorada, e chegar\u00e1 \u00e0s suas pr\u00f3prias conclus\u00f5es!<br \/>\n\u201cVivi, parece que aquele garoto est\u00e1 olhando pra c\u00e1, veja ali. E apontou para Julinho\u201d. \u2013 Ser\u00e1 esse o gatilho de toda a hist\u00f3ria de \u201cUma Vida Muito Boa?\u201d<br \/>\nLaudelino Camargo, renomado advogado, deixou de lado os textos jur\u00eddicos para nos instigar com a saga de Vivi e Julinho e tantos outros personagens t\u00e3o reais e atraentes que fazem a obra escorregar aos nossos olhos, com fatos inesperados num enredo muito criativo.<br \/>\n\u201cOs dois eram especiais para o mundo e, juntos, conseguiam fazer brilhar os lugares por onde passavam e frequentavam. Eles tornavam tudo mais calmo, sereno, alegre e descontra\u00eddo. Todos os seus amigos gostavam deles e fizeram de tudo para que ficassem juntos, unidos.\u201d<br \/>\nSer\u00e1 que conseguiram? Ser\u00e1 esse o eixo de uma vida muito boa?<br \/>\nEssa obra n\u00e3o \u00e9 um romance a mais. \u00c9 um retrato do mundo contempor\u00e2neo, com flashes do movimento musical, social e tur\u00edstico de nossos tempos.<br \/>\nEm trinta cap\u00edtulos, o leitor far\u00e1 uma verdadeira viagem pela cultura, h\u00e1bitos, costumes, preconceitos, valores e despertamentos da sociedade moderna.<br \/>\nSandra Cappellano<br \/>\nJornalista, escritora, comunicadora e palestrante<\/p>\n","protected":false},"featured_media":21761,"template":"","meta":{"_monsterinsights_skip_tracking":false,"_monsterinsights_sitenote_active":false,"_monsterinsights_sitenote_note":"","_monsterinsights_sitenote_category":0},"product_brand":[],"product_cat":[74],"product_tag":[],"class_list":{"0":"post-21775","1":"product","2":"type-product","3":"status-publish","4":"has-post-thumbnail","6":"product_cat-uncategorized","7":"product_shipping_class-impresso","8":"pa_ano-459","9":"pa_autor-laudelino-camargo","10":"pa_editora-editora-lux","11":"pa_isbn-648","12":"pa_tipo-de-capa-brochura","14":"first","15":"outofstock","16":"purchasable","17":"product-type-simple"},"_links":{"self":[{"href":"https:\/\/www.editoralux.com.br\/loja\/wp-json\/wp\/v2\/product\/21775"}],"collection":[{"href":"https:\/\/www.editoralux.com.br\/loja\/wp-json\/wp\/v2\/product"}],"about":[{"href":"https:\/\/www.editoralux.com.br\/loja\/wp-json\/wp\/v2\/types\/product"}],"wp:featuredmedia":[{"embeddable":true,"href":"https:\/\/www.editoralux.com.br\/loja\/wp-json\/wp\/v2\/media\/21761"}],"wp:attachment":[{"href":"https:\/\/www.editoralux.com.br\/loja\/wp-json\/wp\/v2\/media?parent=21775"}],"wp:term":[{"taxonomy":"product_brand","embeddable":true,"href":"https:\/\/www.editoralux.com.br\/loja\/wp-json\/wp\/v2\/product_brand?post=21775"},{"taxonomy":"product_cat","embeddable":true,"href":"https:\/\/www.editoralux.com.br\/loja\/wp-json\/wp\/v2\/product_cat?post=21775"},{"taxonomy":"product_tag","embeddable":true,"href":"https:\/\/www.editoralux.com.br\/loja\/wp-json\/wp\/v2\/product_tag?post=21775"}],"curies":[{"name":"wp","href":"https:\/\/api.w.org\/{rel}","templated":true}]}}