{"id":21776,"date":"2023-12-08T22:25:20","date_gmt":"2023-12-09T01:25:20","guid":{"rendered":"https:\/\/www.editoralux.com.br\/loja\/produto\/a-terapia-que-cura-ansiedade-depressao-obesidade-e-outras-doencas\/"},"modified":"2024-09-12T09:47:14","modified_gmt":"2024-09-12T12:47:14","slug":"a-terapia-que-cura-ansiedade-depressao-obesidade-e-outras-doencas","status":"publish","type":"product","link":"https:\/\/www.editoralux.com.br\/loja\/produto\/a-terapia-que-cura-ansiedade-depressao-obesidade-e-outras-doencas\/","title":{"rendered":"A Terapia que Cura \u2014 Ansiedade, depress\u00e3o,  obesidade e outras doen\u00e7as"},"content":{"rendered":"","protected":false},"excerpt":{"rendered":"<p>Desde quando enveredei nesta miss\u00e3o de trabalhar ajudando pessoas a sa\u00edrem de um mundo sofrido e amargo, as quais estavam sendo acometidas por algum tipo de enfermidade f\u00edsica e\/ou mental, venho me questionando: s\u00e3o infinitos os casos em que um simples olhar ou uma pequena aten\u00e7\u00e3o poderia mudar a vida de quem est\u00e1 \u00e0 margem de um dito \u201cn\u00edvel social A, B e C\u201d, na qual para a maioria, falta tudo e, para alguns privilegiados, sobra tudo.<br \/>\nPensando com este prisma, resolvi elaborar esta obra, a qual, por um valor acess\u00edvel, poder\u00e1 chegar \u00e0s m\u00e3os de todas as classes sociais, privilegiadas ou n\u00e3o.<br \/>\nAqueles que n\u00e3o podem pagar por uma consulta ter\u00e3o nesta obra o que equivale a mais de vinte sess\u00f5es de terapia. Sendo assim, sua cura est\u00e1 mais pr\u00f3xima do que voc\u00ea imagina, est\u00e1 em suas m\u00e3os.<br \/>\nJesus de Nazar\u00e9 disse em Jo\u00e3o 14:6: \u201cEu sou o caminho, a<br \/>\nverdade e a vida. Ningu\u00e9m vem ao Pai, a n\u00e3o ser por mim\u201d.<br \/>\nHumildemente afirmo: sou um instrumento utilizado pelo PAI para fazer a Sua vontade.<\/p>\n","protected":false},"featured_media":21765,"template":"","meta":{"_monsterinsights_skip_tracking":false,"_monsterinsights_sitenote_active":false,"_monsterinsights_sitenote_note":"","_monsterinsights_sitenote_category":0},"product_brand":[],"product_cat":[74],"product_tag":[],"class_list":{"0":"post-21776","1":"product","2":"type-product","3":"status-publish","4":"has-post-thumbnail","6":"product_cat-uncategorized","7":"product_shipping_class-impresso","8":"pa_ano-459","9":"pa_autor-jose-mirabel-dos-santos","10":"pa_editora-editora-lux","11":"pa_isbn-650","12":"pa_tipo-de-capa-brochura","14":"first","15":"outofstock","16":"purchasable","17":"product-type-simple"},"_links":{"self":[{"href":"https:\/\/www.editoralux.com.br\/loja\/wp-json\/wp\/v2\/product\/21776"}],"collection":[{"href":"https:\/\/www.editoralux.com.br\/loja\/wp-json\/wp\/v2\/product"}],"about":[{"href":"https:\/\/www.editoralux.com.br\/loja\/wp-json\/wp\/v2\/types\/product"}],"wp:featuredmedia":[{"embeddable":true,"href":"https:\/\/www.editoralux.com.br\/loja\/wp-json\/wp\/v2\/media\/21765"}],"wp:attachment":[{"href":"https:\/\/www.editoralux.com.br\/loja\/wp-json\/wp\/v2\/media?parent=21776"}],"wp:term":[{"taxonomy":"product_brand","embeddable":true,"href":"https:\/\/www.editoralux.com.br\/loja\/wp-json\/wp\/v2\/product_brand?post=21776"},{"taxonomy":"product_cat","embeddable":true,"href":"https:\/\/www.editoralux.com.br\/loja\/wp-json\/wp\/v2\/product_cat?post=21776"},{"taxonomy":"product_tag","embeddable":true,"href":"https:\/\/www.editoralux.com.br\/loja\/wp-json\/wp\/v2\/product_tag?post=21776"}],"curies":[{"name":"wp","href":"https:\/\/api.w.org\/{rel}","templated":true}]}}