{"id":21786,"date":"2023-12-14T23:28:51","date_gmt":"2023-12-15T02:28:51","guid":{"rendered":"https:\/\/www.editoralux.com.br\/loja\/?post_type=product&#038;p=21786"},"modified":"2024-01-09T11:03:05","modified_gmt":"2024-01-09T14:03:05","slug":"1982-quando-acordei","status":"publish","type":"product","link":"https:\/\/www.editoralux.com.br\/loja\/produto\/1982-quando-acordei\/","title":{"rendered":"1982  \u2014 Quando Acordei"},"content":{"rendered":"","protected":false},"excerpt":{"rendered":"<p>1982 Quando Acordei &#8211;<br \/>\nViajar no tempo \u00e9 assunto que fascina o ser humano. Seja na fic\u00e7\u00e3o ou at\u00e9 em estudos cient\u00edficos, muitas teorias e belas est\u00f3rias foram contadas em livros e filmes de grande sucesso. Por\u00e9m todos esbarram em: seria poss\u00edvel daquela maneira? D\u00e1 para acreditar? Pois bem, a est\u00f3ria contada neste livro, que tem como pano de fundo o retorno de um personagem ao ano de 1982 em plena Copa do Mundo, al\u00e9m de ser empolgante, e imprevis\u00edvel e em alguns momentos fren\u00e9tica, surpreende pelos seus acontecimentos e como se conectam no passado e no futuro, e principalmente, nos trazem uma reflex\u00e3o se a forma desta viagem no tempo seria, de fato, poss\u00edvel.<br \/>\n1982 \u2013 Quando Acordei \u00e9 uma est\u00f3ria de uma busca incessante, que nos carrega em uma jornada emocionante no tempo atrav\u00e9s do seu personagem principal, o Giovani, nos levando a refletir e a entender o que talvez falte na vida de muitos \u00e9 o que realmente foram um dia.<\/p>\n","protected":false},"featured_media":21792,"template":"","meta":{"_monsterinsights_skip_tracking":false,"_monsterinsights_sitenote_active":false,"_monsterinsights_sitenote_note":"","_monsterinsights_sitenote_category":0},"product_brand":[],"product_cat":[74],"product_tag":[],"class_list":{"0":"post-21786","1":"product","2":"type-product","3":"status-publish","4":"has-post-thumbnail","6":"product_cat-uncategorized","7":"product_shipping_class-impresso","8":"pa_ano-459","9":"pa_autor-sandro-parisi","10":"pa_editora-editora-lux","11":"pa_isbn-978-65-5913-741-1","12":"pa_tipo-de-capa-brochura","14":"first","15":"instock","16":"purchasable","17":"product-type-simple"},"_links":{"self":[{"href":"https:\/\/www.editoralux.com.br\/loja\/wp-json\/wp\/v2\/product\/21786"}],"collection":[{"href":"https:\/\/www.editoralux.com.br\/loja\/wp-json\/wp\/v2\/product"}],"about":[{"href":"https:\/\/www.editoralux.com.br\/loja\/wp-json\/wp\/v2\/types\/product"}],"wp:featuredmedia":[{"embeddable":true,"href":"https:\/\/www.editoralux.com.br\/loja\/wp-json\/wp\/v2\/media\/21792"}],"wp:attachment":[{"href":"https:\/\/www.editoralux.com.br\/loja\/wp-json\/wp\/v2\/media?parent=21786"}],"wp:term":[{"taxonomy":"product_brand","embeddable":true,"href":"https:\/\/www.editoralux.com.br\/loja\/wp-json\/wp\/v2\/product_brand?post=21786"},{"taxonomy":"product_cat","embeddable":true,"href":"https:\/\/www.editoralux.com.br\/loja\/wp-json\/wp\/v2\/product_cat?post=21786"},{"taxonomy":"product_tag","embeddable":true,"href":"https:\/\/www.editoralux.com.br\/loja\/wp-json\/wp\/v2\/product_tag?post=21786"}],"curies":[{"name":"wp","href":"https:\/\/api.w.org\/{rel}","templated":true}]}}