{"id":21852,"date":"2024-02-15T20:56:22","date_gmt":"2024-02-15T23:56:22","guid":{"rendered":"https:\/\/www.editoralux.com.br\/loja\/produto\/gestao-empresarial-para-profissionais-de-saude\/"},"modified":"2025-01-09T11:30:03","modified_gmt":"2025-01-09T14:30:03","slug":"gestao-empresarial-para-profissionais-de-saude","status":"publish","type":"product","link":"https:\/\/www.editoralux.com.br\/loja\/produto\/gestao-empresarial-para-profissionais-de-saude\/","title":{"rendered":"Gest\u00e3o empresarial para profissionais de sa\u00fade"},"content":{"rendered":"","protected":false},"excerpt":{"rendered":"<p>Dr. Julio Ramos, m\u00e9dico, empres\u00e1rio, palestrante nacional e internacional, com vasta experi\u00eancia na Europa e nos Estados Unidos, aborda neste livro como o profissional de  sa\u00fade pode deixar de ser ref\u00e9m do seu pr\u00f3prio servi\u00e7o e conquistar  a t\u00e3o almejada liberdade financeira.<br \/>\nNa \u00e1rea da sa\u00fade, os profissionais tendem a trabalhar cada vez mais e ter cada vez menos tempo livre para se dedicarem a suas fam\u00edlias, amigos e atividades de lazer, acumulando d\u00edvidas e tornando-se ref\u00e9ns de infinitos plant\u00f5es.<br \/>\nNeste livro, s\u00e3o ensinadas de forma objetiva e de f\u00e1cil compreens\u00e3o no\u00e7\u00f5es de gest\u00e3o empresarial, finan\u00e7as, negocia\u00e7\u00e3o, marketing e muito mais, sempre aplicando esses conhecimentos \u00e0<br \/>\nrealidade daqueles que trabalham com o ramo da sa\u00fade.<br \/>\nAqui voc\u00ea aprender\u00e1 o que a faculdade nunca te ensinou: conhecimentos de um m\u00e9dico e empres\u00e1rio bem sucedido adquiridos ao longo de 28 anos. Um verdadeiro divisor de \u00e1guas em sua<br \/>\ncarreira.<br \/>\n\u00c9 hora de deixar de ser escravo de sua pr\u00f3pria profiss\u00e3o e tornar-se um profissional de sa\u00fade de sucesso! Liberte-se!<\/p>\n","protected":false},"featured_media":21843,"template":"","meta":{"_monsterinsights_skip_tracking":false,"_monsterinsights_sitenote_active":false,"_monsterinsights_sitenote_note":"","_monsterinsights_sitenote_category":0},"product_brand":[],"product_cat":[74],"product_tag":[],"class_list":{"0":"post-21852","1":"product","2":"type-product","3":"status-publish","4":"has-post-thumbnail","6":"product_cat-uncategorized","7":"product_shipping_class-impresso","8":"pa_ano-459","9":"pa_autor-dr-julio-ramos","10":"pa_editora-editora-lux","11":"pa_isbn-680","12":"pa_quantidade-de-paginas-679","13":"pa_tipo-de-capa-brochura","15":"first","16":"outofstock","17":"purchasable","18":"product-type-simple"},"_links":{"self":[{"href":"https:\/\/www.editoralux.com.br\/loja\/wp-json\/wp\/v2\/product\/21852"}],"collection":[{"href":"https:\/\/www.editoralux.com.br\/loja\/wp-json\/wp\/v2\/product"}],"about":[{"href":"https:\/\/www.editoralux.com.br\/loja\/wp-json\/wp\/v2\/types\/product"}],"wp:featuredmedia":[{"embeddable":true,"href":"https:\/\/www.editoralux.com.br\/loja\/wp-json\/wp\/v2\/media\/21843"}],"wp:attachment":[{"href":"https:\/\/www.editoralux.com.br\/loja\/wp-json\/wp\/v2\/media?parent=21852"}],"wp:term":[{"taxonomy":"product_brand","embeddable":true,"href":"https:\/\/www.editoralux.com.br\/loja\/wp-json\/wp\/v2\/product_brand?post=21852"},{"taxonomy":"product_cat","embeddable":true,"href":"https:\/\/www.editoralux.com.br\/loja\/wp-json\/wp\/v2\/product_cat?post=21852"},{"taxonomy":"product_tag","embeddable":true,"href":"https:\/\/www.editoralux.com.br\/loja\/wp-json\/wp\/v2\/product_tag?post=21852"}],"curies":[{"name":"wp","href":"https:\/\/api.w.org\/{rel}","templated":true}]}}