{"id":21853,"date":"2024-02-15T20:56:22","date_gmt":"2024-02-15T23:56:22","guid":{"rendered":"https:\/\/www.editoralux.com.br\/loja\/produto\/a-historia-de-um-inconformado\/"},"modified":"2024-02-20T23:27:45","modified_gmt":"2024-02-21T02:27:45","slug":"a-historia-de-um-inconformado","status":"publish","type":"product","link":"https:\/\/www.editoralux.com.br\/loja\/produto\/a-historia-de-um-inconformado\/","title":{"rendered":"A Hist\u00f3ria de um Inconformado"},"content":{"rendered":"","protected":false},"excerpt":{"rendered":"<p>Caro leitor<br \/>\n\u00c9 com imenso prazer, sentindo-me honrada, que lhe apresento o livro A Hist\u00f3ria de um<br \/>\nInconformado, escrito com muita dedica\u00e7\u00e3o e empenho  por Francisco Ednaldo dos Santos Sousa.<br \/>\nDesde o momento em que comecei a ler esta obra, fui imediatamente cativada pela forma como o autor<br \/>\nretrata a jornada de um indiv\u00edduo que se recusa a aceitar as injusti\u00e7as e limita\u00e7\u00f5es impostas pela sociedade.<br \/>\nA hist\u00f3ria desse inconformado \u00e9 repleta de reviravoltas e desafios que o levam a lutar por sua liberdade<br \/>\ne pelo bem de todos ao seu redor.<br \/>\nSua origem humilde, a falta de recursos, a vida severina, a labuta incessante, nada disso impediu que<br \/>\no jovem Ed arrefecesse seu sonho de fazer da Educa\u00e7\u00e3o seu trampolim para uma vida mais digna.<\/p>\n","protected":false},"featured_media":21847,"template":"","meta":{"_monsterinsights_skip_tracking":false,"_monsterinsights_sitenote_active":false,"_monsterinsights_sitenote_note":"","_monsterinsights_sitenote_category":0},"product_brand":[],"product_cat":[74],"product_tag":[],"class_list":{"0":"post-21853","1":"product","2":"type-product","3":"status-publish","4":"has-post-thumbnail","6":"product_cat-uncategorized","7":"product_shipping_class-impresso","8":"pa_ano-459","9":"pa_autor-francisco-ednaldo-dos-santos-sousa","10":"pa_editora-editora-lux","11":"pa_isbn-683","12":"pa_quantidade-de-paginas-682","13":"pa_tipo-de-capa-brochura","15":"first","16":"instock","17":"purchasable","18":"product-type-simple"},"_links":{"self":[{"href":"https:\/\/www.editoralux.com.br\/loja\/wp-json\/wp\/v2\/product\/21853"}],"collection":[{"href":"https:\/\/www.editoralux.com.br\/loja\/wp-json\/wp\/v2\/product"}],"about":[{"href":"https:\/\/www.editoralux.com.br\/loja\/wp-json\/wp\/v2\/types\/product"}],"wp:featuredmedia":[{"embeddable":true,"href":"https:\/\/www.editoralux.com.br\/loja\/wp-json\/wp\/v2\/media\/21847"}],"wp:attachment":[{"href":"https:\/\/www.editoralux.com.br\/loja\/wp-json\/wp\/v2\/media?parent=21853"}],"wp:term":[{"taxonomy":"product_brand","embeddable":true,"href":"https:\/\/www.editoralux.com.br\/loja\/wp-json\/wp\/v2\/product_brand?post=21853"},{"taxonomy":"product_cat","embeddable":true,"href":"https:\/\/www.editoralux.com.br\/loja\/wp-json\/wp\/v2\/product_cat?post=21853"},{"taxonomy":"product_tag","embeddable":true,"href":"https:\/\/www.editoralux.com.br\/loja\/wp-json\/wp\/v2\/product_tag?post=21853"}],"curies":[{"name":"wp","href":"https:\/\/api.w.org\/{rel}","templated":true}]}}