{"id":21856,"date":"2024-02-20T23:21:22","date_gmt":"2024-02-21T02:21:22","guid":{"rendered":"https:\/\/www.editoralux.com.br\/loja\/?post_type=product&#038;p=21856"},"modified":"2025-08-19T16:14:44","modified_gmt":"2025-08-19T19:14:44","slug":"me-chame-de-loba","status":"publish","type":"product","link":"https:\/\/www.editoralux.com.br\/loja\/produto\/me-chame-de-loba\/","title":{"rendered":"Me Chame de Loba"},"content":{"rendered":"","protected":false},"excerpt":{"rendered":"<p>Trata-se da forma como observamos as nuances e matizes deste mundo manifestado, nem sempre conseguindo nos adaptar \u00e0 \u201ccartilha da vida\u201d escrita por n\u00e3o sei quem, mas que a maioria segue sem contestar a raz\u00e3o dos ditames. Uma menina n\u00e3o \u201cnorm\u00f3tica\u201d que n\u00e3o se enquadrada e n\u00e3o faz o m\u00ednimo esfor\u00e7o para tal enquadramento. Sem seguidores, admiradores ou nada que o valha, alcan\u00e7a a liberdade que aprisiona a maioria das mentes ainda em tenra idade. Com tal feito, se transforma em uma adulta cuja palavra \u201cmedo\u201d n\u00e3o existe em seu vocabul\u00e1rio. Instintiva como um animal, as presas selecionadas ter\u00e3o o desprazer de conhec\u00ea-la.<\/p>\n","protected":false},"featured_media":21861,"template":"","meta":{"_monsterinsights_skip_tracking":false,"_monsterinsights_sitenote_active":false,"_monsterinsights_sitenote_note":"","_monsterinsights_sitenote_category":0},"product_brand":[],"product_cat":[74],"product_tag":[],"class_list":{"0":"post-21856","1":"product","2":"type-product","3":"status-publish","4":"has-post-thumbnail","6":"product_cat-uncategorized","7":"product_shipping_class-impresso","8":"pa_ano-459","9":"pa_autor-tayssa-rondon","10":"pa_editora-editora-lux","11":"pa_isbn-978-65-84719-05-7","12":"pa_quantidade-de-paginas-685","13":"pa_tipo-de-capa-brochura","15":"first","16":"instock","17":"purchasable","18":"product-type-simple"},"_links":{"self":[{"href":"https:\/\/www.editoralux.com.br\/loja\/wp-json\/wp\/v2\/product\/21856"}],"collection":[{"href":"https:\/\/www.editoralux.com.br\/loja\/wp-json\/wp\/v2\/product"}],"about":[{"href":"https:\/\/www.editoralux.com.br\/loja\/wp-json\/wp\/v2\/types\/product"}],"wp:featuredmedia":[{"embeddable":true,"href":"https:\/\/www.editoralux.com.br\/loja\/wp-json\/wp\/v2\/media\/21861"}],"wp:attachment":[{"href":"https:\/\/www.editoralux.com.br\/loja\/wp-json\/wp\/v2\/media?parent=21856"}],"wp:term":[{"taxonomy":"product_brand","embeddable":true,"href":"https:\/\/www.editoralux.com.br\/loja\/wp-json\/wp\/v2\/product_brand?post=21856"},{"taxonomy":"product_cat","embeddable":true,"href":"https:\/\/www.editoralux.com.br\/loja\/wp-json\/wp\/v2\/product_cat?post=21856"},{"taxonomy":"product_tag","embeddable":true,"href":"https:\/\/www.editoralux.com.br\/loja\/wp-json\/wp\/v2\/product_tag?post=21856"}],"curies":[{"name":"wp","href":"https:\/\/api.w.org\/{rel}","templated":true}]}}