{"id":21884,"date":"2024-03-06T23:54:14","date_gmt":"2024-03-07T02:54:14","guid":{"rendered":"https:\/\/www.editoralux.com.br\/loja\/produto\/mangiare-povero-uma-saga-familiar-franca-maria-berra\/"},"modified":"2024-06-03T21:00:53","modified_gmt":"2024-06-04T00:00:53","slug":"mangiare-povero-uma-saga-familiar-franca-maria-berra","status":"publish","type":"product","link":"https:\/\/www.editoralux.com.br\/loja\/produto\/mangiare-povero-uma-saga-familiar-franca-maria-berra\/","title":{"rendered":"Mangiare Povero (Uma saga familiar) Franca Maria Berra"},"content":{"rendered":"","protected":false},"excerpt":{"rendered":"<p>A It\u00e1lia jamais deixou de ser o epicentro do mundo em minha vida, ainda mais na primeira inf\u00e2ncia.<br \/>\n\u00c9ramos, ent\u00e3o, uma fam\u00edlia muito singular. Enquanto meus pais descobriam o Brasil, terra que haviam eleito como destino para reconstru\u00edrem suas vidas, eu, uma crian\u00e7a t\u00edmida, tentava conciliar dois mundos em minha cabe\u00e7a. A It\u00e1lia, de que meus pais falavam o tempo inteiro, e o Brasil, cuja realidade, confesso, me assustava um pouco. Meus primeiros anos de vida, portanto, foram marcados por essa dualidade enevoada. O Brasil era uma descoberta ainda em processamento na cabe\u00e7a de todos n\u00f3s. Eu sentia bastante dificuldade para estabelecer la\u00e7os afetivos com pessoas fora do meu c\u00edrculo familiar \u2013 e, dentro dele, era estimulada a amar figuras distantes, meus av\u00f3s, tios, e uma legi\u00e3o de primos<\/p>\n","protected":false},"featured_media":21882,"template":"","meta":{"_monsterinsights_skip_tracking":false,"_monsterinsights_sitenote_active":false,"_monsterinsights_sitenote_note":"","_monsterinsights_sitenote_category":0},"product_brand":[],"product_cat":[74],"product_tag":[],"class_list":{"0":"post-21884","1":"product","2":"type-product","3":"status-publish","4":"has-post-thumbnail","6":"product_cat-uncategorized","7":"product_shipping_class-impresso","8":"pa_ano-459","9":"pa_autor-franca-maria-berra","10":"pa_editora-editora-lux","11":"pa_isbn-693","12":"pa_tipo-de-capa-brochura","14":"first","15":"instock","16":"purchasable","17":"product-type-simple"},"_links":{"self":[{"href":"https:\/\/www.editoralux.com.br\/loja\/wp-json\/wp\/v2\/product\/21884"}],"collection":[{"href":"https:\/\/www.editoralux.com.br\/loja\/wp-json\/wp\/v2\/product"}],"about":[{"href":"https:\/\/www.editoralux.com.br\/loja\/wp-json\/wp\/v2\/types\/product"}],"wp:featuredmedia":[{"embeddable":true,"href":"https:\/\/www.editoralux.com.br\/loja\/wp-json\/wp\/v2\/media\/21882"}],"wp:attachment":[{"href":"https:\/\/www.editoralux.com.br\/loja\/wp-json\/wp\/v2\/media?parent=21884"}],"wp:term":[{"taxonomy":"product_brand","embeddable":true,"href":"https:\/\/www.editoralux.com.br\/loja\/wp-json\/wp\/v2\/product_brand?post=21884"},{"taxonomy":"product_cat","embeddable":true,"href":"https:\/\/www.editoralux.com.br\/loja\/wp-json\/wp\/v2\/product_cat?post=21884"},{"taxonomy":"product_tag","embeddable":true,"href":"https:\/\/www.editoralux.com.br\/loja\/wp-json\/wp\/v2\/product_tag?post=21884"}],"curies":[{"name":"wp","href":"https:\/\/api.w.org\/{rel}","templated":true}]}}