{"id":21912,"date":"2024-04-02T00:28:40","date_gmt":"2024-04-02T03:28:40","guid":{"rendered":"https:\/\/www.editoralux.com.br\/loja\/produto\/a-poesia-vai-alem-da-fantasia\/"},"modified":"2025-12-30T15:01:16","modified_gmt":"2025-12-30T18:01:16","slug":"a-poesia-vai-alem-da-fantasia","status":"publish","type":"product","link":"https:\/\/www.editoralux.com.br\/loja\/produto\/a-poesia-vai-alem-da-fantasia\/","title":{"rendered":"A Poesia Vai al\u00e9m da fantasia"},"content":{"rendered":"","protected":false},"excerpt":{"rendered":"<p>A POESIA VAI AL\u00c9M DA FANTASIA Com a inten\u00e7\u00e3o de agradar o leitor, em especial, aquele que gosta de poesia, selecionei v\u00e1rios poemas e nos mais variados temas, expressando as situa\u00e7\u00f5es sentimentais e emocionais j\u00e1 vividas pelos amantes loucamente apaixonados, pois a poesia l\u00edrica tem essa conota\u00e7\u00e3o do amor. Os poemas s\u00e3o estruturados com duas ou mais estrofes, todas rimadas e metrificadas, variando o n\u00famero de versos, tem\u00e1tica e enredo. H\u00e1 tamb\u00e9m poemas em d\u00e9cima, estruturados com dez versos, um mon\u00f3strofo com dez versos, seguidos de um pensamento em dois versos. Aqui o leitor vai se deparar com a poesia para todos os gostos e sentimentos emocionais que implicam o amor e a paix\u00e3o!<\/p>\n","protected":false},"featured_media":21904,"template":"","meta":{"_monsterinsights_skip_tracking":false,"_monsterinsights_sitenote_active":false,"_monsterinsights_sitenote_note":"","_monsterinsights_sitenote_category":0},"product_brand":[],"product_cat":[74],"product_tag":[],"class_list":{"0":"post-21912","1":"product","2":"type-product","3":"status-publish","4":"has-post-thumbnail","6":"product_cat-uncategorized","7":"product_shipping_class-impresso","8":"pa_ano-459","9":"pa_autor-antonio-galdino","10":"pa_editora-editora-lux","11":"pa_isbn-702","12":"pa_quantidade-de-paginas-699","13":"pa_tipo-de-capa-brochura","15":"first","16":"outofstock","17":"purchasable","18":"product-type-simple"},"_links":{"self":[{"href":"https:\/\/www.editoralux.com.br\/loja\/wp-json\/wp\/v2\/product\/21912"}],"collection":[{"href":"https:\/\/www.editoralux.com.br\/loja\/wp-json\/wp\/v2\/product"}],"about":[{"href":"https:\/\/www.editoralux.com.br\/loja\/wp-json\/wp\/v2\/types\/product"}],"wp:featuredmedia":[{"embeddable":true,"href":"https:\/\/www.editoralux.com.br\/loja\/wp-json\/wp\/v2\/media\/21904"}],"wp:attachment":[{"href":"https:\/\/www.editoralux.com.br\/loja\/wp-json\/wp\/v2\/media?parent=21912"}],"wp:term":[{"taxonomy":"product_brand","embeddable":true,"href":"https:\/\/www.editoralux.com.br\/loja\/wp-json\/wp\/v2\/product_brand?post=21912"},{"taxonomy":"product_cat","embeddable":true,"href":"https:\/\/www.editoralux.com.br\/loja\/wp-json\/wp\/v2\/product_cat?post=21912"},{"taxonomy":"product_tag","embeddable":true,"href":"https:\/\/www.editoralux.com.br\/loja\/wp-json\/wp\/v2\/product_tag?post=21912"}],"curies":[{"name":"wp","href":"https:\/\/api.w.org\/{rel}","templated":true}]}}