{"id":21913,"date":"2024-04-02T00:28:40","date_gmt":"2024-04-02T03:28:40","guid":{"rendered":"https:\/\/www.editoralux.com.br\/loja\/produto\/soliloquios-em-transe-1\/"},"modified":"2026-01-06T14:46:25","modified_gmt":"2026-01-06T17:46:25","slug":"soliloquios-em-transe-1","status":"publish","type":"product","link":"https:\/\/www.editoralux.com.br\/loja\/produto\/soliloquios-em-transe-1\/","title":{"rendered":"Solil\u00f3quios em Transe 1"},"content":{"rendered":"","protected":false},"excerpt":{"rendered":"<p>\u201cSolil\u00f3quios em Transe\u201d nasceu de um parto tormentoso que durou dois anos. Foram madrugadas intermin\u00e1veis que culminavam nos crep\u00fasculos matutinos para sua fecunda\u00e7\u00e3o e assomarem nas alvas dos dias nascendo. Um mon\u00f3logo com a alma \u00e0 luz de vela e sil\u00eancio das pedras l\u00e1 fora para n\u00e3o dispersar o olhar de Deus sobre o universo.<br \/>\nComo o pr\u00f3prio nome diz, o livro \u00e9 um transe que dialoga com voc\u00ea at\u00e9 as profundezas da alma e o arrebata ao som dos atabaques rufando e as sombras dan\u00e7ando sobre seus vultos adormecidos. Uma m\u00edstica que busca pelo sentido da vida.<\/p>\n","protected":false},"featured_media":21900,"template":"","meta":{"_monsterinsights_skip_tracking":false,"_monsterinsights_sitenote_active":false,"_monsterinsights_sitenote_note":"","_monsterinsights_sitenote_category":0},"product_brand":[],"product_cat":[74],"product_tag":[],"class_list":{"0":"post-21913","1":"product","2":"type-product","3":"status-publish","4":"has-post-thumbnail","6":"product_cat-uncategorized","7":"product_shipping_class-impresso","8":"pa_ano-459","9":"pa_autor-adik-magalnik","10":"pa_editora-editora-lux","11":"pa_isbn-703","12":"pa_quantidade-de-paginas-658","13":"pa_tipo-de-capa-brochura","15":"first","16":"outofstock","17":"purchasable","18":"product-type-simple"},"_links":{"self":[{"href":"https:\/\/www.editoralux.com.br\/loja\/wp-json\/wp\/v2\/product\/21913"}],"collection":[{"href":"https:\/\/www.editoralux.com.br\/loja\/wp-json\/wp\/v2\/product"}],"about":[{"href":"https:\/\/www.editoralux.com.br\/loja\/wp-json\/wp\/v2\/types\/product"}],"wp:featuredmedia":[{"embeddable":true,"href":"https:\/\/www.editoralux.com.br\/loja\/wp-json\/wp\/v2\/media\/21900"}],"wp:attachment":[{"href":"https:\/\/www.editoralux.com.br\/loja\/wp-json\/wp\/v2\/media?parent=21913"}],"wp:term":[{"taxonomy":"product_brand","embeddable":true,"href":"https:\/\/www.editoralux.com.br\/loja\/wp-json\/wp\/v2\/product_brand?post=21913"},{"taxonomy":"product_cat","embeddable":true,"href":"https:\/\/www.editoralux.com.br\/loja\/wp-json\/wp\/v2\/product_cat?post=21913"},{"taxonomy":"product_tag","embeddable":true,"href":"https:\/\/www.editoralux.com.br\/loja\/wp-json\/wp\/v2\/product_tag?post=21913"}],"curies":[{"name":"wp","href":"https:\/\/api.w.org\/{rel}","templated":true}]}}