{"id":21919,"date":"2024-04-03T20:58:48","date_gmt":"2024-04-03T23:58:48","guid":{"rendered":"https:\/\/www.editoralux.com.br\/loja\/?post_type=product&#038;p=21919"},"modified":"2025-10-29T16:25:59","modified_gmt":"2025-10-29T19:25:59","slug":"paixao-e-sucesso-a-gestao-que-transformou-um-clube","status":"publish","type":"product","link":"https:\/\/www.editoralux.com.br\/loja\/produto\/paixao-e-sucesso-a-gestao-que-transformou-um-clube\/","title":{"rendered":"Paix\u00e3o e Sucesso: A gest\u00e3o que transformou um clube Por Pedro Iootty (Autor), Fabio Giambiagi (Autor), Rodrigo Madeira (Autor), Eduardo Bandeira de Mello (Pref\u00e1cio)"},"content":{"rendered":"","protected":false},"excerpt":{"rendered":"<h3><strong>Reserve agora na pr\u00e9-venda<\/strong>: produtos enviados em 17 de abril de 2024!<\/h3>\n<p>O AMOR N\u00c3O BASTA<br \/>\nImagine um gigante atacado de sonambulismo, inconsciente da pr\u00f3pria for\u00e7a e portador de uma fal\u00eancia cr\u00f4nica, que n\u00e3o o levaria a fechar as portas, mas impedia que elas se abrissem para o seu fabuloso potencial. Este gigante era o Flamengo, cujas vit\u00f3rias em campo \u2013 em mais de cem anos de conquistas \u2013 camuflavam os empates e derrotas financeiros, administrativos e jur\u00eddicos que o tornavam um empreendimento quase suicida.<br \/>\nO Flamengo sempre foi comandado por dirigentes que o amavam.<br \/>\nMas o amor n\u00e3o basta. No dia 27 de dezembro de 2012, o clube foi assumido por conhecedores do mercado, que reestruturaram as d\u00edvidas, impuseram um planejamento estrat\u00e9gico, implantaram um or\u00e7amento adulto e fizeram uma revolu\u00e7\u00e3o no marketing \u2013 atraindo os investimentos que, em seis anos, converteram o Flamengo numa empresa bilion\u00e1ria.<br \/>\n\u201cPaix\u00e3o e sucesso: a gest\u00e3o que transformou um clube\u201d \u00e9 um livro para profissionais. Foi escrito por 17 economistas, engenheiros, advogados, designers e jornalistas, muitos deles respons\u00e1veis pelo milagre. \u00c9 uma aula de administra\u00e7\u00e3o adulta no futebol, sem esquecer a paix\u00e3o que a tornou poss\u00edvel. E com bastidores que voc\u00ea, na arquibancada, jamais poderia imaginar.<br \/>\nRuy Castro<\/p>\n","protected":false},"featured_media":21921,"template":"","meta":{"_monsterinsights_skip_tracking":false,"_monsterinsights_sitenote_active":false,"_monsterinsights_sitenote_note":"","_monsterinsights_sitenote_category":0},"product_brand":[],"product_cat":[74],"product_tag":[],"class_list":{"0":"post-21919","1":"product","2":"type-product","3":"status-publish","4":"has-post-thumbnail","6":"product_cat-uncategorized","7":"product_shipping_class-impresso","8":"pa_ano-459","9":"pa_editora-editora-lux","10":"pa_isbn-978-65-5913-833-3","11":"pa_quantidade-de-paginas-710","12":"pa_tipo-de-capa-brochura","14":"first","15":"instock","16":"purchasable","17":"product-type-simple"},"_links":{"self":[{"href":"https:\/\/www.editoralux.com.br\/loja\/wp-json\/wp\/v2\/product\/21919"}],"collection":[{"href":"https:\/\/www.editoralux.com.br\/loja\/wp-json\/wp\/v2\/product"}],"about":[{"href":"https:\/\/www.editoralux.com.br\/loja\/wp-json\/wp\/v2\/types\/product"}],"wp:featuredmedia":[{"embeddable":true,"href":"https:\/\/www.editoralux.com.br\/loja\/wp-json\/wp\/v2\/media\/21921"}],"wp:attachment":[{"href":"https:\/\/www.editoralux.com.br\/loja\/wp-json\/wp\/v2\/media?parent=21919"}],"wp:term":[{"taxonomy":"product_brand","embeddable":true,"href":"https:\/\/www.editoralux.com.br\/loja\/wp-json\/wp\/v2\/product_brand?post=21919"},{"taxonomy":"product_cat","embeddable":true,"href":"https:\/\/www.editoralux.com.br\/loja\/wp-json\/wp\/v2\/product_cat?post=21919"},{"taxonomy":"product_tag","embeddable":true,"href":"https:\/\/www.editoralux.com.br\/loja\/wp-json\/wp\/v2\/product_tag?post=21919"}],"curies":[{"name":"wp","href":"https:\/\/api.w.org\/{rel}","templated":true}]}}