{"id":21951,"date":"2024-04-18T19:54:10","date_gmt":"2024-04-18T22:54:10","guid":{"rendered":"https:\/\/www.editoralux.com.br\/loja\/produto\/casamento-familia-restaurando-o-projeto-original\/"},"modified":"2026-01-07T14:17:50","modified_gmt":"2026-01-07T17:17:50","slug":"casamento-familia-restaurando-o-projeto-original","status":"publish","type":"product","link":"https:\/\/www.editoralux.com.br\/loja\/produto\/casamento-familia-restaurando-o-projeto-original\/","title":{"rendered":"Casamento &#038; fam\u00edlia: Restaurando o Projeto Original"},"content":{"rendered":"","protected":false},"excerpt":{"rendered":"<p>A humanidade se encontra num dos per\u00edodos mais dif\u00edceis da hist\u00f3ria. Em se tratando de fam\u00edlia, adult\u00e9rios, viol\u00eancia dom\u00e9stica, conflitos, separa\u00e7\u00f5es e sofrimentos angustiantes t\u00eam feito parte da hist\u00f3ria de vida de milh\u00f5es de pessoas.<br \/>\nAt\u00e9 mesmo no meio evang\u00e9lico, as not\u00edcias sobre conflitos entre casais, infidelidade conjugal e div\u00f3rcios se tornaram comuns.<br \/>\nEm meio a essa realidade, o autor apresenta o projeto original de casamento e fam\u00edlia totalmente baseado e fundamentado na Antiga Alian\u00e7a, a qual estabeleceu as instru\u00e7\u00f5es para nortear beneficamente o casamento, o relacionamento conjugal e a fam\u00edlia. Esse estudo \u00e9 um desdobramento do projeto original e demonstrou que \u00e9 poss\u00edvel amar, casar, ser fiel, feliz e realizado no casamento, assim como ter uma fam\u00edlia pr\u00f3spera, aben\u00e7oada e consolidada.<br \/>\nA leitura \u00e9 prazerosa e de f\u00e1cil compreens\u00e3o, satisfaz as pessoas que t\u00eam sede de conhecimento, que amam e desejam conhecer o casamento e a fam\u00edlia aos olhos de Deus.<br \/>\nEsta obra visa restaurar casamentos, fortalecer o elo conjugal, os la\u00e7os familiares e auxiliar casais que estejam passando por crises no relacionamento, e ainda prop\u00f5e transmitir um conhecimento genu\u00edno para a juventude, pessoas solteiras e casadas. \u00c9 um convite aos casais a lerem, meditarem e vivenciarem o casamento idealizado pelo Criador.<\/p>\n","protected":false},"featured_media":21945,"template":"","meta":{"_monsterinsights_skip_tracking":false,"_monsterinsights_sitenote_active":false,"_monsterinsights_sitenote_note":"","_monsterinsights_sitenote_category":0},"product_brand":[],"product_cat":[74],"product_tag":[],"class_list":{"0":"post-21951","1":"product","2":"type-product","3":"status-publish","4":"has-post-thumbnail","6":"product_cat-uncategorized","7":"product_shipping_class-impresso","8":"pa_ano-459","9":"pa_autor-gerson-patrocinio","10":"pa_editora-editora-lux","11":"pa_isbn-717","12":"pa_quantidade-de-paginas-716","13":"pa_tipo-de-capa-brochura","15":"first","16":"outofstock","17":"purchasable","18":"product-type-simple"},"_links":{"self":[{"href":"https:\/\/www.editoralux.com.br\/loja\/wp-json\/wp\/v2\/product\/21951"}],"collection":[{"href":"https:\/\/www.editoralux.com.br\/loja\/wp-json\/wp\/v2\/product"}],"about":[{"href":"https:\/\/www.editoralux.com.br\/loja\/wp-json\/wp\/v2\/types\/product"}],"wp:featuredmedia":[{"embeddable":true,"href":"https:\/\/www.editoralux.com.br\/loja\/wp-json\/wp\/v2\/media\/21945"}],"wp:attachment":[{"href":"https:\/\/www.editoralux.com.br\/loja\/wp-json\/wp\/v2\/media?parent=21951"}],"wp:term":[{"taxonomy":"product_brand","embeddable":true,"href":"https:\/\/www.editoralux.com.br\/loja\/wp-json\/wp\/v2\/product_brand?post=21951"},{"taxonomy":"product_cat","embeddable":true,"href":"https:\/\/www.editoralux.com.br\/loja\/wp-json\/wp\/v2\/product_cat?post=21951"},{"taxonomy":"product_tag","embeddable":true,"href":"https:\/\/www.editoralux.com.br\/loja\/wp-json\/wp\/v2\/product_tag?post=21951"}],"curies":[{"name":"wp","href":"https:\/\/api.w.org\/{rel}","templated":true}]}}