{"id":21952,"date":"2024-04-18T19:54:10","date_gmt":"2024-04-18T22:54:10","guid":{"rendered":"https:\/\/www.editoralux.com.br\/loja\/produto\/lagrimas-de-luxo\/"},"modified":"2024-04-18T19:54:10","modified_gmt":"2024-04-18T22:54:10","slug":"lagrimas-de-luxo","status":"publish","type":"product","link":"https:\/\/www.editoralux.com.br\/loja\/produto\/lagrimas-de-luxo\/","title":{"rendered":"L\u00e1grimas de Luxo"},"content":{"rendered":"","protected":false},"excerpt":{"rendered":"<p>Laura Salles, 15, rec\u00e9m-matriculada em FoxLearningStar, col\u00e9gio elitista de S\u00e3o<br \/>\nPaulo, \u00e9 um marco para a institui\u00e7\u00e3o: genial e revolucion\u00e1ria. Algu\u00e9m que descaracteriza o bem e o mal e considera a import\u00e2ncia apenas ao vencedor.<br \/>\nEla foi prestigiada com a honra de narrar um cap\u00edtulo. Os seus colegas (embora sempre arqui-nimigos) tamb\u00e9m. Nove cap\u00edtulos: nove oportunidades de serem ouvidos.<br \/>\nPorque, se o vil\u00e3o s\u00f3 \u00e9 vil\u00e3o quando a hist\u00f3ria \u00e9 contada pelo her\u00f3i, o que acontece quando todos contam sua pr\u00f3pria vers\u00e3o de uma mesma hist\u00f3ria? S\u00e3o todos her\u00f3is?<br \/>\nOu vil\u00f5es?<\/p>\n","protected":false},"featured_media":21949,"template":"","meta":{"_monsterinsights_skip_tracking":false,"_monsterinsights_sitenote_active":false,"_monsterinsights_sitenote_note":"","_monsterinsights_sitenote_category":0},"product_brand":[],"product_cat":[74],"product_tag":[],"class_list":{"0":"post-21952","1":"product","2":"type-product","3":"status-publish","4":"has-post-thumbnail","6":"product_cat-uncategorized","7":"product_shipping_class-impresso","8":"pa_ano-459","9":"pa_autor-rafael-kenji-kussaka","10":"pa_editora-editora-lux","11":"pa_isbn-720","12":"pa_quantidade-de-paginas-719","13":"pa_tipo-de-capa-brochura","15":"first","16":"instock","17":"purchasable","18":"product-type-simple"},"_links":{"self":[{"href":"https:\/\/www.editoralux.com.br\/loja\/wp-json\/wp\/v2\/product\/21952"}],"collection":[{"href":"https:\/\/www.editoralux.com.br\/loja\/wp-json\/wp\/v2\/product"}],"about":[{"href":"https:\/\/www.editoralux.com.br\/loja\/wp-json\/wp\/v2\/types\/product"}],"wp:featuredmedia":[{"embeddable":true,"href":"https:\/\/www.editoralux.com.br\/loja\/wp-json\/wp\/v2\/media\/21949"}],"wp:attachment":[{"href":"https:\/\/www.editoralux.com.br\/loja\/wp-json\/wp\/v2\/media?parent=21952"}],"wp:term":[{"taxonomy":"product_brand","embeddable":true,"href":"https:\/\/www.editoralux.com.br\/loja\/wp-json\/wp\/v2\/product_brand?post=21952"},{"taxonomy":"product_cat","embeddable":true,"href":"https:\/\/www.editoralux.com.br\/loja\/wp-json\/wp\/v2\/product_cat?post=21952"},{"taxonomy":"product_tag","embeddable":true,"href":"https:\/\/www.editoralux.com.br\/loja\/wp-json\/wp\/v2\/product_tag?post=21952"}],"curies":[{"name":"wp","href":"https:\/\/api.w.org\/{rel}","templated":true}]}}