{"id":21966,"date":"2024-04-24T19:33:48","date_gmt":"2024-04-24T22:33:48","guid":{"rendered":"https:\/\/www.editoralux.com.br\/loja\/produto\/inteligencia-espiritual-um-mergulho-na-alma\/"},"modified":"2025-07-11T13:25:02","modified_gmt":"2025-07-11T16:25:02","slug":"inteligencia-espiritual-um-mergulho-na-alma","status":"publish","type":"product","link":"https:\/\/www.editoralux.com.br\/loja\/produto\/inteligencia-espiritual-um-mergulho-na-alma\/","title":{"rendered":"Intelig\u00eancia Espiritual &#8211; Um Mergulho na Alma"},"content":{"rendered":"","protected":false},"excerpt":{"rendered":"<p>Somos uma fonte de transforma\u00e7\u00e3o e expans\u00e3o inesgot\u00e1vel. Esse livro \u00e9 para aqueles que buscam uma compreens\u00e3o mais profunda sobre si mesmos e o sentido de suas vidas. Atrav\u00e9s da Intelig\u00eancia Espiritual, uma abordagem inovadora, desvendamos o verdadeiro significado dos conceitos relacionados ao ser humano.<br \/>\nNosso objetivo \u00e9 despertar uma consci\u00eancia aut\u00eantica e impactante, que transcenda os limites convencionais e leve as pessoas a uma jornada de autodescoberta e evolu\u00e7\u00e3o.<br \/>\nInvestigamos e exploramos as for\u00e7as que promovem a harmonia biol\u00f3gica e a integra\u00e7\u00e3o entre o corpo, a mente e a alma.<br \/>\nConvidamos voc\u00ea a embarcar em uma jornada de descoberta e crescimento pessoal. Juntos, exploraremos os caminhos menos percorridos, expandindo os horizontes da consci\u00eancia e despertando a for\u00e7a transformadora que existe dentro de voc\u00ea.<br \/>\nDesenhe os contornos da sua vida e se permita viver o extraordin\u00e1rio!<br \/>\nDeus \u00e9 fonte inesgot\u00e1vel de vida e Ele nos fez \u00e0 sua imagem e semelhan\u00e7a.<\/p>\n","protected":false},"featured_media":21964,"template":"","meta":{"_monsterinsights_skip_tracking":false,"_monsterinsights_sitenote_active":false,"_monsterinsights_sitenote_note":"","_monsterinsights_sitenote_category":0},"product_brand":[],"product_cat":[74],"product_tag":[],"class_list":{"0":"post-21966","1":"product","2":"type-product","3":"status-publish","4":"has-post-thumbnail","6":"product_cat-uncategorized","7":"product_shipping_class-impresso","8":"pa_ano-459","9":"pa_autor-danielle-gonzaga-de-santanna","10":"pa_editora-editora-lux","11":"pa_isbn-726","12":"pa_quantidade-de-paginas-725","13":"pa_tipo-de-capa-brochura","15":"first","16":"outofstock","17":"purchasable","18":"product-type-simple"},"_links":{"self":[{"href":"https:\/\/www.editoralux.com.br\/loja\/wp-json\/wp\/v2\/product\/21966"}],"collection":[{"href":"https:\/\/www.editoralux.com.br\/loja\/wp-json\/wp\/v2\/product"}],"about":[{"href":"https:\/\/www.editoralux.com.br\/loja\/wp-json\/wp\/v2\/types\/product"}],"wp:featuredmedia":[{"embeddable":true,"href":"https:\/\/www.editoralux.com.br\/loja\/wp-json\/wp\/v2\/media\/21964"}],"wp:attachment":[{"href":"https:\/\/www.editoralux.com.br\/loja\/wp-json\/wp\/v2\/media?parent=21966"}],"wp:term":[{"taxonomy":"product_brand","embeddable":true,"href":"https:\/\/www.editoralux.com.br\/loja\/wp-json\/wp\/v2\/product_brand?post=21966"},{"taxonomy":"product_cat","embeddable":true,"href":"https:\/\/www.editoralux.com.br\/loja\/wp-json\/wp\/v2\/product_cat?post=21966"},{"taxonomy":"product_tag","embeddable":true,"href":"https:\/\/www.editoralux.com.br\/loja\/wp-json\/wp\/v2\/product_tag?post=21966"}],"curies":[{"name":"wp","href":"https:\/\/api.w.org\/{rel}","templated":true}]}}