{"id":22032,"date":"2024-05-22T22:16:02","date_gmt":"2024-05-23T01:16:02","guid":{"rendered":"https:\/\/www.editoralux.com.br\/loja\/produto\/enigma-amor\/"},"modified":"2025-12-30T14:34:50","modified_gmt":"2025-12-30T17:34:50","slug":"enigma-amor","status":"publish","type":"product","link":"https:\/\/www.editoralux.com.br\/loja\/produto\/enigma-amor\/","title":{"rendered":"Enigma Amor"},"content":{"rendered":"","protected":false},"excerpt":{"rendered":"<p>Em uma tape\u00e7aria de emo\u00e7\u00f5es e reflex\u00f5es, Enigma Amor \u00e9 uma cole\u00e7\u00e3o de poemas que nos convida a explorar os rec\u00f4nditos da alma humana atrav\u00e9s da lente po\u00e9tica e emp\u00edrica de Doux Salem Kayembe. Este comp\u00eandio de versos \u00e9 um convite para carregar a pr\u00f3pria identidade e abra\u00e7ar o legado que cada um de n\u00f3s representa, navegando por temas que v\u00e3o desde a busca pela ess\u00eancia do ser at\u00e9 os desafios do amor e da exist\u00eancia.Cada poema \u00e9 um fragmento de vida, um peda\u00e7o de um conto maior que fala de alegria e tristeza, de encontros e despedidas. Com \u201cNa sede da ess\u00eancia\u201d, somos levados a uma jornada de introspec\u00e7\u00e3o e desejo ardente pelo entendimento da vida, enquanto em \u201cGata, gato meu, ida\u201d revela a coragem de expressar sentimentos ocultos e a ang\u00fastia de amores n\u00e3o correspondidos. Doux Salem n\u00e3o hesita em mergulhar nas profundezas da paix\u00e3o em \u201cAzul-marinho, azul profundo\u201d, cujo amor \u00e9 comparado ao imenso oceano, e em \u201cCorpo venenoso\u201d, em que a admira\u00e7\u00e3o se mistura com o perigo da atra\u00e7\u00e3o. \u201cEterno pl\u00e1cito\u201d e \u201c\u00daltimo adeus\u201d tocam o cora\u00e7\u00e3o com promessas de amor eterno e a dolorosa aceita\u00e7\u00e3o da perda.O autor nos desafia a refletir sobre nossa pr\u00f3pria exist\u00eancia com \u201cO mestre no comando\u201d, questionando a natureza do destino e do livre&#8211;arb\u00edtrio. \u201cTartarugando\u201d e \u201cTapete m\u00e1gico\u201d nos lembram da import\u00e2ncia da imagina\u00e7\u00e3o e da criatividade como ref\u00fagios m\u00e1gicos da realidade.\u201cLugar de fuga\u201d \u00e9 um convite para se perder e, ao mesmo tempo, se encontrar nas palavras de um pensador que v\u00ea na poesia um farol na escurid\u00e3o, um tapete m\u00e1gico para voar acima das rivialidades da vida e um campo de batalha em que o amor \u00e9 a arma mais poderosa.E por falar em amor, \u00e9 nele que o poeta tem toda a sua inspira\u00e7\u00e3o, uma vez que \u00e9 o amor quem dita n\u00e3o s\u00f3 o ritmo dos poemas, como tamb\u00e9m os temas tratados por toda a obra, nos revelando assim que o amor conecta tudo.Ur\u00e2nia Karim<br \/>\nMestre em Literatura Brasileira pela UFF<\/p>\n","protected":false},"featured_media":22010,"template":"","meta":{"_monsterinsights_skip_tracking":false,"_monsterinsights_sitenote_active":false,"_monsterinsights_sitenote_note":"","_monsterinsights_sitenote_category":0},"product_brand":[],"product_cat":[74],"product_tag":[],"class_list":{"0":"post-22032","1":"product","2":"type-product","3":"status-publish","4":"has-post-thumbnail","6":"product_cat-uncategorized","7":"product_shipping_class-impresso","8":"pa_ano-459","9":"pa_autor-doux-salem-kayembe","10":"pa_editora-editora-lux","11":"pa_isbn-732","12":"pa_quantidade-de-paginas-741","13":"pa_tipo-de-capa-brochura","15":"first","16":"outofstock","17":"purchasable","18":"product-type-simple"},"_links":{"self":[{"href":"https:\/\/www.editoralux.com.br\/loja\/wp-json\/wp\/v2\/product\/22032"}],"collection":[{"href":"https:\/\/www.editoralux.com.br\/loja\/wp-json\/wp\/v2\/product"}],"about":[{"href":"https:\/\/www.editoralux.com.br\/loja\/wp-json\/wp\/v2\/types\/product"}],"wp:featuredmedia":[{"embeddable":true,"href":"https:\/\/www.editoralux.com.br\/loja\/wp-json\/wp\/v2\/media\/22010"}],"wp:attachment":[{"href":"https:\/\/www.editoralux.com.br\/loja\/wp-json\/wp\/v2\/media?parent=22032"}],"wp:term":[{"taxonomy":"product_brand","embeddable":true,"href":"https:\/\/www.editoralux.com.br\/loja\/wp-json\/wp\/v2\/product_brand?post=22032"},{"taxonomy":"product_cat","embeddable":true,"href":"https:\/\/www.editoralux.com.br\/loja\/wp-json\/wp\/v2\/product_cat?post=22032"},{"taxonomy":"product_tag","embeddable":true,"href":"https:\/\/www.editoralux.com.br\/loja\/wp-json\/wp\/v2\/product_tag?post=22032"}],"curies":[{"name":"wp","href":"https:\/\/api.w.org\/{rel}","templated":true}]}}