{"id":22034,"date":"2024-05-22T22:16:02","date_gmt":"2024-05-23T01:16:02","guid":{"rendered":"https:\/\/www.editoralux.com.br\/loja\/produto\/100-sonetos-para-voce\/"},"modified":"2025-12-30T15:08:53","modified_gmt":"2025-12-30T18:08:53","slug":"100-sonetos-para-voce","status":"publish","type":"product","link":"https:\/\/www.editoralux.com.br\/loja\/produto\/100-sonetos-para-voce\/","title":{"rendered":"100 Sonetos para Voc\u00ea"},"content":{"rendered":"","protected":false},"excerpt":{"rendered":"<p>Seja bem-vindo ao mundo fant\u00e1stico da leitura, e para o  seu deleite, foram selecionados v\u00e1rios sonetos que o autor os fez com dedica\u00e7\u00e3o e carinho pensando em voc\u00ea, caro leitor  amante da literatura po\u00e9tica. O soneto, sendo a express\u00e3o  da inspira\u00e7\u00e3o oriunda do sentimento humano, sempre foi, e ser\u00e1, um ve\u00edculo de comunica\u00e7\u00e3o entre os amantes, e desde os seus prim\u00f3rdios, ele agradou pelo seu fasc\u00ednio e pela sua  beleza estrutural como composi\u00e7\u00e3o po\u00e9tica. A sua produ\u00e7\u00e3o \u00e9 fundamentada em teorias gregas e romanas, com regras b\u00e1sicas e definidas, por\u00e9m, de acordo com a sua origem, se \u00e9 italiano, ele \u00e9 criado de acordo com a norma padr\u00e3o, isto \u00e9, 14 versos; dois quartetos e dois tercetos, isso seguindo o modelo petrarquiano, relativo a Francesco Petrarca (1304-1374). Eis o desafio: leia um soneto deste livro e desista de ler outro se for capaz! Que assim seja!<br \/>\nAnt\u00f4nio Galdino.<\/p>\n","protected":false},"featured_media":22022,"template":"","meta":{"_monsterinsights_skip_tracking":false,"_monsterinsights_sitenote_active":false,"_monsterinsights_sitenote_note":"","_monsterinsights_sitenote_category":0},"product_brand":[],"product_cat":[74],"product_tag":[],"class_list":{"0":"post-22034","1":"product","2":"type-product","3":"status-publish","4":"has-post-thumbnail","6":"product_cat-uncategorized","7":"product_shipping_class-impresso","8":"pa_ano-459","9":"pa_autor-antonio-galdino","10":"pa_editora-editora-lux","11":"pa_isbn-734","12":"pa_quantidade-de-paginas-744","13":"pa_tipo-de-capa-brochura","15":"first","16":"outofstock","17":"purchasable","18":"product-type-simple"},"_links":{"self":[{"href":"https:\/\/www.editoralux.com.br\/loja\/wp-json\/wp\/v2\/product\/22034"}],"collection":[{"href":"https:\/\/www.editoralux.com.br\/loja\/wp-json\/wp\/v2\/product"}],"about":[{"href":"https:\/\/www.editoralux.com.br\/loja\/wp-json\/wp\/v2\/types\/product"}],"wp:featuredmedia":[{"embeddable":true,"href":"https:\/\/www.editoralux.com.br\/loja\/wp-json\/wp\/v2\/media\/22022"}],"wp:attachment":[{"href":"https:\/\/www.editoralux.com.br\/loja\/wp-json\/wp\/v2\/media?parent=22034"}],"wp:term":[{"taxonomy":"product_brand","embeddable":true,"href":"https:\/\/www.editoralux.com.br\/loja\/wp-json\/wp\/v2\/product_brand?post=22034"},{"taxonomy":"product_cat","embeddable":true,"href":"https:\/\/www.editoralux.com.br\/loja\/wp-json\/wp\/v2\/product_cat?post=22034"},{"taxonomy":"product_tag","embeddable":true,"href":"https:\/\/www.editoralux.com.br\/loja\/wp-json\/wp\/v2\/product_tag?post=22034"}],"curies":[{"name":"wp","href":"https:\/\/api.w.org\/{rel}","templated":true}]}}