{"id":22056,"date":"2024-05-28T00:02:16","date_gmt":"2024-05-28T03:02:16","guid":{"rendered":"https:\/\/www.editoralux.com.br\/loja\/produto\/a-matriz-da-vida\/"},"modified":"2024-05-28T00:02:18","modified_gmt":"2024-05-28T03:02:18","slug":"a-matriz-da-vida","status":"publish","type":"product","link":"https:\/\/www.editoralux.com.br\/loja\/produto\/a-matriz-da-vida\/","title":{"rendered":"A Matriz da Vida"},"content":{"rendered":"","protected":false},"excerpt":{"rendered":"<p>\u201cA matriz da vida\u201d \u00e9 um livro profundo, que nos conecta ao grande n\u00facleo de toda a cria\u00e7\u00e3o, mostrando que a simplicidade nos permite adentrar no universo do Uno, bem como se aproximar do Criador atrav\u00e9s de detalhes que, \u00e0s vezes, nos passam por impercept\u00edveis. Somos um aglomerado de tantas viv\u00eancias que, ocasionalmente, deixamos de perceber que estamos aqui somente de passagem, que tudo o que vivemos nesse mundo n\u00e3o passa de uma simples v\u00edrgula na eternidade. N\u00e3o sei como voc\u00ea se encontra hoje, mas tenho certeza de que este livro ser\u00e1 esteio aos seus dias.<\/p>\n","protected":false},"featured_media":22050,"template":"","meta":{"_monsterinsights_skip_tracking":false,"_monsterinsights_sitenote_active":false,"_monsterinsights_sitenote_note":"","_monsterinsights_sitenote_category":0},"product_brand":[],"product_cat":[74],"product_tag":[],"class_list":{"0":"post-22056","1":"product","2":"type-product","3":"status-publish","4":"has-post-thumbnail","6":"product_cat-uncategorized","7":"product_shipping_class-impresso","8":"pa_ano-459","9":"pa_autor-isak-raphael","10":"pa_editora-editora-lux","11":"pa_isbn-754","12":"pa_quantidade-de-paginas-673","13":"pa_tipo-de-capa-brochura","15":"first","16":"instock","17":"purchasable","18":"product-type-simple"},"_links":{"self":[{"href":"https:\/\/www.editoralux.com.br\/loja\/wp-json\/wp\/v2\/product\/22056"}],"collection":[{"href":"https:\/\/www.editoralux.com.br\/loja\/wp-json\/wp\/v2\/product"}],"about":[{"href":"https:\/\/www.editoralux.com.br\/loja\/wp-json\/wp\/v2\/types\/product"}],"wp:featuredmedia":[{"embeddable":true,"href":"https:\/\/www.editoralux.com.br\/loja\/wp-json\/wp\/v2\/media\/22050"}],"wp:attachment":[{"href":"https:\/\/www.editoralux.com.br\/loja\/wp-json\/wp\/v2\/media?parent=22056"}],"wp:term":[{"taxonomy":"product_brand","embeddable":true,"href":"https:\/\/www.editoralux.com.br\/loja\/wp-json\/wp\/v2\/product_brand?post=22056"},{"taxonomy":"product_cat","embeddable":true,"href":"https:\/\/www.editoralux.com.br\/loja\/wp-json\/wp\/v2\/product_cat?post=22056"},{"taxonomy":"product_tag","embeddable":true,"href":"https:\/\/www.editoralux.com.br\/loja\/wp-json\/wp\/v2\/product_tag?post=22056"}],"curies":[{"name":"wp","href":"https:\/\/api.w.org\/{rel}","templated":true}]}}