{"id":22060,"date":"2024-05-28T00:02:16","date_gmt":"2024-05-28T03:02:16","guid":{"rendered":"https:\/\/www.editoralux.com.br\/loja\/produto\/o-coracao-de-jeremias\/"},"modified":"2024-05-28T00:02:19","modified_gmt":"2024-05-28T03:02:19","slug":"o-coracao-de-jeremias","status":"publish","type":"product","link":"https:\/\/www.editoralux.com.br\/loja\/produto\/o-coracao-de-jeremias\/","title":{"rendered":"O Cora\u00e7\u00e3o de Jeremias"},"content":{"rendered":"","protected":false},"excerpt":{"rendered":"<p>Trata-se de uma obra impactante, no sentido de remeter o leitor a uma realidade contempor\u00e2nea, e prender sua aten\u00e7\u00e3o mesclando cr\u00edtica impl\u00edcita e intenso realismo no mesmo enredo. H\u00e1, em certas passagens, um tom at\u00e9 caricato de situa\u00e7\u00f5es vividas, \u00e0 revelia, por diversas pessoas no dia a dia de suas vidas severinas. O personagem central, Jeremias, \u00e9 muito bem constru\u00eddo, sem que tenha sido necess\u00e1rio usar de narrativa dissertativa sobre ele. Suas a\u00e7\u00f5es o definem e representam um estere\u00f3tipo comum em nossos dias. A ele se contrap\u00f5e, com maestria, o personagem Evandro. Os personagens coadjuvantes, quase invis\u00edveis, comp\u00f5em o recorte da realidade de forma intensa e perspicaz. \u00c9 sutil e voraz ao mesmo tempo, por condensar com excel\u00eancia uma cr\u00f4nica que recorta, com extrema eleg\u00e2ncia e realismo, o lado oculto de um preconceito que ainda vive em nossa sociedade.<br \/>\nSandra Cappellano<br \/>\nJornalista<\/p>\n","protected":false},"featured_media":22048,"template":"","meta":{"_monsterinsights_skip_tracking":false,"_monsterinsights_sitenote_active":false,"_monsterinsights_sitenote_note":"","_monsterinsights_sitenote_category":0},"product_brand":[],"product_cat":[74],"product_tag":[],"class_list":{"0":"post-22060","1":"product","2":"type-product","3":"status-publish","4":"has-post-thumbnail","6":"product_cat-uncategorized","7":"product_shipping_class-impresso","8":"pa_ano-459","9":"pa_autor-joao-paulo-rodrigues-nogueira-da-gama","10":"pa_editora-editora-lux","11":"pa_isbn-764","12":"pa_quantidade-de-paginas-673","13":"pa_tipo-de-capa-brochura","15":"first","16":"instock","17":"purchasable","18":"product-type-simple"},"_links":{"self":[{"href":"https:\/\/www.editoralux.com.br\/loja\/wp-json\/wp\/v2\/product\/22060"}],"collection":[{"href":"https:\/\/www.editoralux.com.br\/loja\/wp-json\/wp\/v2\/product"}],"about":[{"href":"https:\/\/www.editoralux.com.br\/loja\/wp-json\/wp\/v2\/types\/product"}],"wp:featuredmedia":[{"embeddable":true,"href":"https:\/\/www.editoralux.com.br\/loja\/wp-json\/wp\/v2\/media\/22048"}],"wp:attachment":[{"href":"https:\/\/www.editoralux.com.br\/loja\/wp-json\/wp\/v2\/media?parent=22060"}],"wp:term":[{"taxonomy":"product_brand","embeddable":true,"href":"https:\/\/www.editoralux.com.br\/loja\/wp-json\/wp\/v2\/product_brand?post=22060"},{"taxonomy":"product_cat","embeddable":true,"href":"https:\/\/www.editoralux.com.br\/loja\/wp-json\/wp\/v2\/product_cat?post=22060"},{"taxonomy":"product_tag","embeddable":true,"href":"https:\/\/www.editoralux.com.br\/loja\/wp-json\/wp\/v2\/product_tag?post=22060"}],"curies":[{"name":"wp","href":"https:\/\/api.w.org\/{rel}","templated":true}]}}