{"id":22061,"date":"2024-05-28T00:02:16","date_gmt":"2024-05-28T03:02:16","guid":{"rendered":"https:\/\/www.editoralux.com.br\/loja\/produto\/milagre-na-uti\/"},"modified":"2024-05-28T00:02:19","modified_gmt":"2024-05-28T03:02:19","slug":"milagre-na-uti","status":"publish","type":"product","link":"https:\/\/www.editoralux.com.br\/loja\/produto\/milagre-na-uti\/","title":{"rendered":"Milagre na UTI"},"content":{"rendered":"","protected":false},"excerpt":{"rendered":"<p>\u201cMilagre na UTI\u201d \u00e9 baseado em fatos reais. Uma hist\u00f3ria de f\u00e9 praticada por uma fam\u00edlia simples. O intuito de escrev\u00ea-la foi para avivar a f\u00e9 dos que perderam a esperan\u00e7a e para os que nunca usufru\u00edram dela. F\u00e9 \u00e9 ter certeza de coisas que desejamos e n\u00e3o temos, mas colocamos nossos pensamentos em pr\u00e1tica at\u00e9 que aconte\u00e7a. Deus n\u00e3o exclui ningu\u00e9m da sua lista de milagre, Ele s\u00f3 precisa ver nossa f\u00e9 em a\u00e7\u00e3o para realizar os nossos desejos, segundo a Sua vontade<\/p>\n","protected":false},"featured_media":22046,"template":"","meta":{"_monsterinsights_skip_tracking":false,"_monsterinsights_sitenote_active":false,"_monsterinsights_sitenote_note":"","_monsterinsights_sitenote_category":0},"product_brand":[],"product_cat":[74],"product_tag":[],"class_list":{"0":"post-22061","1":"product","2":"type-product","3":"status-publish","4":"has-post-thumbnail","6":"product_cat-uncategorized","7":"product_shipping_class-impresso","8":"pa_ano-459","9":"pa_autor-nilda-luiz-da-maia-tome","10":"pa_editora-editora-lux","11":"pa_isbn-767","12":"pa_quantidade-de-paginas-766","13":"pa_tipo-de-capa-brochura","15":"first","16":"instock","17":"purchasable","18":"product-type-simple"},"_links":{"self":[{"href":"https:\/\/www.editoralux.com.br\/loja\/wp-json\/wp\/v2\/product\/22061"}],"collection":[{"href":"https:\/\/www.editoralux.com.br\/loja\/wp-json\/wp\/v2\/product"}],"about":[{"href":"https:\/\/www.editoralux.com.br\/loja\/wp-json\/wp\/v2\/types\/product"}],"wp:featuredmedia":[{"embeddable":true,"href":"https:\/\/www.editoralux.com.br\/loja\/wp-json\/wp\/v2\/media\/22046"}],"wp:attachment":[{"href":"https:\/\/www.editoralux.com.br\/loja\/wp-json\/wp\/v2\/media?parent=22061"}],"wp:term":[{"taxonomy":"product_brand","embeddable":true,"href":"https:\/\/www.editoralux.com.br\/loja\/wp-json\/wp\/v2\/product_brand?post=22061"},{"taxonomy":"product_cat","embeddable":true,"href":"https:\/\/www.editoralux.com.br\/loja\/wp-json\/wp\/v2\/product_cat?post=22061"},{"taxonomy":"product_tag","embeddable":true,"href":"https:\/\/www.editoralux.com.br\/loja\/wp-json\/wp\/v2\/product_tag?post=22061"}],"curies":[{"name":"wp","href":"https:\/\/api.w.org\/{rel}","templated":true}]}}