{"id":22203,"date":"2024-07-31T20:21:02","date_gmt":"2024-07-31T23:21:02","guid":{"rendered":"https:\/\/www.editoralux.com.br\/loja\/produto\/o-poder-da-oracao\/"},"modified":"2024-09-18T15:41:07","modified_gmt":"2024-09-18T18:41:07","slug":"o-poder-da-oracao","status":"publish","type":"product","link":"https:\/\/www.editoralux.com.br\/loja\/produto\/o-poder-da-oracao\/","title":{"rendered":"O Poder Da Ora\u00e7\u00e3o"},"content":{"rendered":"","protected":false},"excerpt":{"rendered":"<p>Querido leitor,<\/p>\n<p>Convido-o a embarcar numa jornada transformadora atrav\u00e9s das p\u00e1ginas de &#8220;O Poder da Ora\u00e7\u00e3o&#8221;. Este n\u00e3o \u00e9 apenas um livro, mas um testemunho vivo das experi\u00eancias profundas que o Pastor Zinga Jo\u00e3o David, de Angola, viveu, onde a f\u00e9 e a ora\u00e7\u00e3o se encontram de forma poderosa e inesquec\u00edvel.<\/p>\n<p>Neste livro, o Pastor Zinga David partilha a sua experi\u00eancia como o poder da ora\u00e7\u00e3o, em nome de Jesus Cristo, destruiu as for\u00e7as malignas que assolavam fam\u00edlias angolanas e outras regi\u00f5es de \u00c1frica. Com coragem e dedica\u00e7\u00e3o, ele viu as trevas recuarem diante da luz do Evangelho, trazendo liberta\u00e7\u00e3o e paz onde antes havia desespero e opress\u00e3o. As suas hist\u00f3rias s\u00e3o provas vivas de que, quando clamamos ao Senhor com f\u00e9, Ele responde com amor e poder.<\/p>\n<p>Ao longo destas p\u00e1ginas, encontrar\u00e1 relatos emocionantes de um processo de liberta\u00e7\u00e3o que se estendeu de 2018 a dezembro de 2023. O Pastor Zinga, com paci\u00eancia e dedica\u00e7\u00e3o, conduziu este processo, oferecendo um ensinamento aut\u00eantico aos servos de Deus sobre a import\u00e2ncia de ter paci\u00eancia com as ovelhas. O seu exemplo inspira todos n\u00f3s a sermos pastores mais compassivos e dedicados.<\/p>\n<p>Ser\u00e1 tamb\u00e9m testemunha de milagres realizados em nome de Jesus Cristo. Hist\u00f3rias de curas, liberta\u00e7\u00f5es e transforma\u00e7\u00f5es pessoais que desafiam a l\u00f3gica e reafirmam o poder divino da ora\u00e7\u00e3o. Cada testemunho \u00e9 uma prova de que, quando clamamos ao Senhor, as for\u00e7as do mal s\u00e3o derrotadas e o poder de Deus prevalece.<\/p>\n<p>As lutas e os ataques ainda fazem parte da vida de Jo\u00e3o, mas atrav\u00e9s deste tempo de crescimento e amadurecimento na f\u00e9, ele e a sua esposa aprenderam a lutar com determina\u00e7\u00e3o e f\u00e9. As suas hist\u00f3rias s\u00e3o testemunhos de coragem e perseveran\u00e7a, mostrando como a ora\u00e7\u00e3o e a confian\u00e7a em Deus podem transformar vidas e trazer a vit\u00f3ria sobre as adversidades.<\/p>\n<p>Para si que \u00e9 m\u00e3e ou pai, este livro ser\u00e1 uma ferramenta preciosa para criar os seus filhos no caminho da f\u00e9. Aprenda como o ensino da Palavra e uma vida de ora\u00e7\u00e3o ativa podem moldar o futuro das suas crian\u00e7as, tal como a m\u00e3e do Pastor Zinga fez, plantando sementes de ora\u00e7\u00e3o e devo\u00e7\u00e3o que floresceram grandiosamente.<\/p>\n<p>Prepare-se para ser tocado, inspirado e renovado. &#8220;O Poder da Ora\u00e7\u00e3o&#8221; \u00e9 um convite a viver uma vida de f\u00e9 intensa e verdadeira, onde cada ora\u00e7\u00e3o se torna um passo mais perto de Deus e da Sua vontade para as nossas vidas. Este livro oferece um ensinamento aut\u00eantico aos servos de Deus, mostrando a import\u00e2ncia da paci\u00eancia, da compaix\u00e3o e da perseveran\u00e7a na caminhada espiritual. Venha descobrir o poder transformador da ora\u00e7\u00e3o e permita que estas p\u00e1ginas o guiem a uma intimidade mais profunda com o Esp\u00edrito Santo. Que possa experimentar a mesma alegria e paz que v\u00eam ao viver em constante comunh\u00e3o com Deus.<\/p>\n","protected":false},"featured_media":22196,"template":"","meta":{"_monsterinsights_skip_tracking":false,"_monsterinsights_sitenote_active":false,"_monsterinsights_sitenote_note":"","_monsterinsights_sitenote_category":0},"product_brand":[],"product_cat":[74],"product_tag":[],"class_list":{"0":"post-22203","1":"product","2":"type-product","3":"status-publish","4":"has-post-thumbnail","6":"product_cat-uncategorized","7":"product_shipping_class-impresso","8":"pa_ano-459","9":"pa_autor-zinga-joao-david","10":"pa_editora-editora-lux","11":"pa_isbn-829","12":"pa_quantidade-de-paginas-685","13":"pa_tipo-de-capa-brochura","15":"first","16":"outofstock","17":"purchasable","18":"product-type-simple"},"_links":{"self":[{"href":"https:\/\/www.editoralux.com.br\/loja\/wp-json\/wp\/v2\/product\/22203"}],"collection":[{"href":"https:\/\/www.editoralux.com.br\/loja\/wp-json\/wp\/v2\/product"}],"about":[{"href":"https:\/\/www.editoralux.com.br\/loja\/wp-json\/wp\/v2\/types\/product"}],"wp:featuredmedia":[{"embeddable":true,"href":"https:\/\/www.editoralux.com.br\/loja\/wp-json\/wp\/v2\/media\/22196"}],"wp:attachment":[{"href":"https:\/\/www.editoralux.com.br\/loja\/wp-json\/wp\/v2\/media?parent=22203"}],"wp:term":[{"taxonomy":"product_brand","embeddable":true,"href":"https:\/\/www.editoralux.com.br\/loja\/wp-json\/wp\/v2\/product_brand?post=22203"},{"taxonomy":"product_cat","embeddable":true,"href":"https:\/\/www.editoralux.com.br\/loja\/wp-json\/wp\/v2\/product_cat?post=22203"},{"taxonomy":"product_tag","embeddable":true,"href":"https:\/\/www.editoralux.com.br\/loja\/wp-json\/wp\/v2\/product_tag?post=22203"}],"curies":[{"name":"wp","href":"https:\/\/api.w.org\/{rel}","templated":true}]}}