{"id":22228,"date":"2024-08-12T23:55:54","date_gmt":"2024-08-13T02:55:54","guid":{"rendered":"https:\/\/www.editoralux.com.br\/loja\/produto\/entre-dois-mundos\/"},"modified":"2024-08-12T23:55:55","modified_gmt":"2024-08-13T02:55:55","slug":"entre-dois-mundos","status":"publish","type":"product","link":"https:\/\/www.editoralux.com.br\/loja\/produto\/entre-dois-mundos\/","title":{"rendered":"Entre Dois Mundos"},"content":{"rendered":"","protected":false},"excerpt":{"rendered":"<p>DESCUBRA O PODER DA REDEN\u00c7\u00c3O E DO AMOR EM &#8220;ENTRE DOIS MUNDOS&#8221;<br \/>\nEm uma jornada envolvente que transcende as barreiras do tempo e do espa\u00e7o, &#8220;Entre Dois Mundos&#8221; nos leva a um emocionante encontro entre Karen e Danilo. Ambientado em uma cidade do interior do Paran\u00e1, esta hist\u00f3ria nos leva a explorar os intricados la\u00e7os que unem esses personagens e os desafios que enfrentam ao longo de suas jornadas.<br \/>\nCom uma escrita habilidosa e cativante, o autor nos guia por uma trama repleta de reviravoltas inesperadas, revela\u00e7\u00f5es sur- preendentes e momentos de profunda emo\u00e7\u00e3o. \u00c0 medida que os protagonistas lutam para encontrar seu lugar no mundo e enfrentam os dilemas do amor, da fam\u00edlia e da reden\u00e7\u00e3o, somos transportados para um universo rico em sentimentos e significados.<br \/>\nCom uma narrativa que toca o cora\u00e7\u00e3o e uma mensagem de esperan\u00e7a que ressoa profundamente, &#8220;Entre Dois Mundos&#8221; \u00e9 uma leitura obrigat\u00f3ria para todos aqueles que buscam uma hist\u00f3ria que inspire, emocione e encante. Prepare-se para se perder nas p\u00e1ginas deste romance envolvente e descobrir o poder transformador do amor e da conex\u00e3o humana.<\/p>\n","protected":false},"featured_media":22226,"template":"","meta":{"_monsterinsights_skip_tracking":false,"_monsterinsights_sitenote_active":false,"_monsterinsights_sitenote_note":"","_monsterinsights_sitenote_category":0},"product_brand":[],"product_cat":[74],"product_tag":[],"class_list":{"0":"post-22228","1":"product","2":"type-product","3":"status-publish","4":"has-post-thumbnail","6":"product_cat-uncategorized","7":"product_shipping_class-impresso","8":"pa_ano-459","9":"pa_autor-durval-bacelar","10":"pa_editora-editora-lux","11":"pa_isbn-847","12":"pa_quantidade-de-paginas-775","13":"pa_tipo-de-capa-brochura","15":"first","16":"instock","17":"purchasable","18":"product-type-simple"},"_links":{"self":[{"href":"https:\/\/www.editoralux.com.br\/loja\/wp-json\/wp\/v2\/product\/22228"}],"collection":[{"href":"https:\/\/www.editoralux.com.br\/loja\/wp-json\/wp\/v2\/product"}],"about":[{"href":"https:\/\/www.editoralux.com.br\/loja\/wp-json\/wp\/v2\/types\/product"}],"wp:featuredmedia":[{"embeddable":true,"href":"https:\/\/www.editoralux.com.br\/loja\/wp-json\/wp\/v2\/media\/22226"}],"wp:attachment":[{"href":"https:\/\/www.editoralux.com.br\/loja\/wp-json\/wp\/v2\/media?parent=22228"}],"wp:term":[{"taxonomy":"product_brand","embeddable":true,"href":"https:\/\/www.editoralux.com.br\/loja\/wp-json\/wp\/v2\/product_brand?post=22228"},{"taxonomy":"product_cat","embeddable":true,"href":"https:\/\/www.editoralux.com.br\/loja\/wp-json\/wp\/v2\/product_cat?post=22228"},{"taxonomy":"product_tag","embeddable":true,"href":"https:\/\/www.editoralux.com.br\/loja\/wp-json\/wp\/v2\/product_tag?post=22228"}],"curies":[{"name":"wp","href":"https:\/\/api.w.org\/{rel}","templated":true}]}}