{"id":22229,"date":"2024-08-12T23:55:54","date_gmt":"2024-08-13T02:55:54","guid":{"rendered":"https:\/\/www.editoralux.com.br\/loja\/produto\/entre-dois-coracoes\/"},"modified":"2024-08-12T23:55:55","modified_gmt":"2024-08-13T02:55:55","slug":"entre-dois-coracoes","status":"publish","type":"product","link":"https:\/\/www.editoralux.com.br\/loja\/produto\/entre-dois-coracoes\/","title":{"rendered":"Entre Dois Cora\u00e7\u00f5es"},"content":{"rendered":"","protected":false},"excerpt":{"rendered":"<p>Em &#8220;Entre Dois Cora\u00e7\u00f5es&#8221;, somos levados a uma jornada apai- xonante atrav\u00e9s das complexidades do amor e da redescoberta de si mesmo. Enzo e Marina s\u00e3o dois esp\u00edritos destinados a se encontrar, mas o destino parece ter outros planos. Confronta- dos com segredos do passado, dilemas do presente e desafios do cora\u00e7\u00e3o, eles precisar\u00e3o lutar contra todas as adversidades para alcan\u00e7ar a felicidade que tanto desejam.<br \/>\nNeste romance cativante, cada p\u00e1gina \u00e9 repleta de emo\u00e7\u00e3o, re- viravoltas surpreendentes e momentos de pura paix\u00e3o. Entre encontros inesperados, la\u00e7os entrela\u00e7ados e verdades revela- das, os leitores ser\u00e3o levados a refletir sobre a for\u00e7a do amor e a capacidade humana de superar obst\u00e1culos.<br \/>\nPrepare-se para se emocionar, sorrir e se encantar com esta hist\u00f3ria de amor que transcende o tempo e o espa\u00e7o. &#8220;Entre Dois Cora\u00e7\u00f5es&#8221; \u00e9 mais do que um simples romance; \u00e9 uma ode \u00e0 esperan\u00e7a, \u00e0 supera\u00e7\u00e3o e ao poder transformador do amor verdadeiro.<\/p>\n","protected":false},"featured_media":22224,"template":"","meta":{"_monsterinsights_skip_tracking":false,"_monsterinsights_sitenote_active":false,"_monsterinsights_sitenote_note":"","_monsterinsights_sitenote_category":0},"product_brand":[],"product_cat":[74],"product_tag":[],"class_list":{"0":"post-22229","1":"product","2":"type-product","3":"status-publish","4":"has-post-thumbnail","6":"product_cat-uncategorized","7":"product_shipping_class-impresso","8":"pa_ano-459","9":"pa_autor-durval-bacelar","10":"pa_editora-editora-lux","11":"pa_isbn-848","12":"pa_quantidade-de-paginas-744","13":"pa_tipo-de-capa-brochura","15":"first","16":"instock","17":"purchasable","18":"product-type-simple"},"_links":{"self":[{"href":"https:\/\/www.editoralux.com.br\/loja\/wp-json\/wp\/v2\/product\/22229"}],"collection":[{"href":"https:\/\/www.editoralux.com.br\/loja\/wp-json\/wp\/v2\/product"}],"about":[{"href":"https:\/\/www.editoralux.com.br\/loja\/wp-json\/wp\/v2\/types\/product"}],"wp:featuredmedia":[{"embeddable":true,"href":"https:\/\/www.editoralux.com.br\/loja\/wp-json\/wp\/v2\/media\/22224"}],"wp:attachment":[{"href":"https:\/\/www.editoralux.com.br\/loja\/wp-json\/wp\/v2\/media?parent=22229"}],"wp:term":[{"taxonomy":"product_brand","embeddable":true,"href":"https:\/\/www.editoralux.com.br\/loja\/wp-json\/wp\/v2\/product_brand?post=22229"},{"taxonomy":"product_cat","embeddable":true,"href":"https:\/\/www.editoralux.com.br\/loja\/wp-json\/wp\/v2\/product_cat?post=22229"},{"taxonomy":"product_tag","embeddable":true,"href":"https:\/\/www.editoralux.com.br\/loja\/wp-json\/wp\/v2\/product_tag?post=22229"}],"curies":[{"name":"wp","href":"https:\/\/api.w.org\/{rel}","templated":true}]}}