{"id":22232,"date":"2024-08-12T23:55:54","date_gmt":"2024-08-13T02:55:54","guid":{"rendered":"https:\/\/www.editoralux.com.br\/loja\/produto\/o-outro-lado-da-via-desperte-seu-potencial-para-o-sucesso\/"},"modified":"2025-10-27T13:49:35","modified_gmt":"2025-10-27T16:49:35","slug":"o-outro-lado-da-via-desperte-seu-potencial-para-o-sucesso","status":"publish","type":"product","link":"https:\/\/www.editoralux.com.br\/loja\/produto\/o-outro-lado-da-via-desperte-seu-potencial-para-o-sucesso\/","title":{"rendered":"O Outro Lado da Via: Desperte Seu Potencial para o Sucesso!"},"content":{"rendered":"","protected":false},"excerpt":{"rendered":"<p>Este livro nasceu com um grande prop\u00f3sito de me encontrar, num momento em que estava em plena fuga interna, confuso emocionalmente, desamparado espiritualmente e totalmente vulner\u00e1vel aos ataques t\u00f3xicos e conspira\u00e7\u00f5es humanas desequilibradas. Foi no meu pior momento em que descobri a miss\u00e3o de me tornar um escritor.<br \/>\nUma pausa na alma foi necess\u00e1ria. Um entendimento foi preciso. Uma grande orienta\u00e7\u00e3o espiritual aconteceu para o encontro de muitas respostas de que eu mais precisava.<br \/>\nE foi neste instante, ao mergulhar de cabe\u00e7a em meu mais profundo valor e na energia da minha ess\u00eancia, em que encontrei a melhor vers\u00e3o de mim mesmo. Ent\u00e3o, descobri a verdadeira ess\u00eancia e direcionei minhas for\u00e7as para olhar para dentro, para a valoriza\u00e7\u00e3o de meu ser, e usei toda minha energia para contar uma hist\u00f3ria real, vivida e que ajude muitas pessoas a interagir com o esmagamento do ego e na constru\u00e7\u00e3o do prop\u00f3sito.<br \/>\nCom for\u00e7a, coragem e muita disciplina, abordo situa\u00e7\u00f5es desconfort\u00e1veis sobre trai\u00e7\u00e3o, combates, preconceito, amor, espiritualidade, cura da dor, equil\u00edbrio das emo\u00e7\u00f5es e do recome\u00e7o de vida para o sucesso pessoal e profissional.<\/p>\n","protected":false},"featured_media":22218,"template":"","meta":{"_monsterinsights_skip_tracking":false,"_monsterinsights_sitenote_active":false,"_monsterinsights_sitenote_note":"","_monsterinsights_sitenote_category":0},"product_brand":[],"product_cat":[875,876,877,873,874],"product_tag":[],"class_list":{"0":"post-22232","1":"product","2":"type-product","3":"status-publish","4":"has-post-thumbnail","6":"product_cat-autoconhecimento","7":"product_cat-equilibrio-emocional","8":"product_cat-inteligencia-espiritual","9":"product_cat-psicologia","10":"product_cat-sucesso","11":"product_shipping_class-impresso","12":"pa_ano-671","13":"pa_autor-marcos-roberto-marcellino","14":"pa_editora-editora-lux","15":"pa_isbn-854","16":"pa_quantidade-de-paginas-853","17":"pa_tipo-de-capa-brochura","19":"first","20":"outofstock","21":"purchasable","22":"product-type-simple"},"_links":{"self":[{"href":"https:\/\/www.editoralux.com.br\/loja\/wp-json\/wp\/v2\/product\/22232"}],"collection":[{"href":"https:\/\/www.editoralux.com.br\/loja\/wp-json\/wp\/v2\/product"}],"about":[{"href":"https:\/\/www.editoralux.com.br\/loja\/wp-json\/wp\/v2\/types\/product"}],"wp:featuredmedia":[{"embeddable":true,"href":"https:\/\/www.editoralux.com.br\/loja\/wp-json\/wp\/v2\/media\/22218"}],"wp:attachment":[{"href":"https:\/\/www.editoralux.com.br\/loja\/wp-json\/wp\/v2\/media?parent=22232"}],"wp:term":[{"taxonomy":"product_brand","embeddable":true,"href":"https:\/\/www.editoralux.com.br\/loja\/wp-json\/wp\/v2\/product_brand?post=22232"},{"taxonomy":"product_cat","embeddable":true,"href":"https:\/\/www.editoralux.com.br\/loja\/wp-json\/wp\/v2\/product_cat?post=22232"},{"taxonomy":"product_tag","embeddable":true,"href":"https:\/\/www.editoralux.com.br\/loja\/wp-json\/wp\/v2\/product_tag?post=22232"}],"curies":[{"name":"wp","href":"https:\/\/api.w.org\/{rel}","templated":true}]}}