{"id":22296,"date":"2024-09-24T22:07:57","date_gmt":"2024-09-25T01:07:57","guid":{"rendered":"https:\/\/www.editoralux.com.br\/loja\/produto\/historia-da-policia-no-mundo-a-vigilancia-o-poder-de-punir-a-punicao-seus-encarregados-e-procedimentos-ao-longo-da-historia-da-humanidade\/"},"modified":"2025-08-15T12:06:15","modified_gmt":"2025-08-15T15:06:15","slug":"historia-da-policia-no-mundo-a-vigilancia-o-poder-de-punir-a-punicao-seus-encarregados-e-procedimentos-ao-longo-da-historia-da-humanidade","status":"publish","type":"product","link":"https:\/\/www.editoralux.com.br\/loja\/produto\/historia-da-policia-no-mundo-a-vigilancia-o-poder-de-punir-a-punicao-seus-encarregados-e-procedimentos-ao-longo-da-historia-da-humanidade\/","title":{"rendered":"Hist\u00f3ria da pol\u00edcia no mundo: a vigil\u00e2ncia, o poder de punir, a puni\u00e7\u00e3o, seus encarregados e procedimentos ao longo da hist\u00f3ria da humanidade"},"content":{"rendered":"","protected":false},"excerpt":{"rendered":"<p>Vendelin Hreblay constatou que a quest\u00e3o da origem da pol\u00edcia quase nunca se coloca porque a opini\u00e3o p\u00fablica, inconscientemente, admite que a sua exist\u00eancia est\u00e1 intimamente ligada \u00e0 vida em sociedade e ao exerc\u00edcio do poder.<br \/>\nN\u00e3o obstante, a exist\u00eancia da pol\u00edcia \u00e9 um fato universal, incontorn\u00e1vel e admitido em todas as sociedades, aceito por todos como \u00faltimo recurso face \u00e0 arbitrariedade ainda mais insuport\u00e1vel que representaria a viol\u00eancia privada e a lei do mais forte.<br \/>\nEsse livro tem exatamente o objetivo de explorar as origens hist\u00f3ricas da mais antiga institui\u00e7\u00e3o de prote\u00e7\u00e3o social, daquela que, em conjunto com a justi\u00e7a e o ex\u00e9rcito, \u00e9 uma das mais antigas representa\u00e7\u00f5es do poder p\u00fablico. Embarque nesse p\u00e9riplo desde os prim\u00f3rdios da humanidade at\u00e9 os dias atuais.<\/p>\n","protected":false},"featured_media":22282,"template":"","meta":{"_monsterinsights_skip_tracking":false,"_monsterinsights_sitenote_active":false,"_monsterinsights_sitenote_note":"","_monsterinsights_sitenote_category":0},"product_brand":[],"product_cat":[74],"product_tag":[],"class_list":{"0":"post-22296","1":"product","2":"type-product","3":"status-publish","4":"has-post-thumbnail","6":"product_cat-uncategorized","7":"product_shipping_class-impresso","8":"pa_ano-459","9":"pa_autor-carlos-henrique-jardim-da-silva","10":"pa_editora-editora-lux","11":"pa_isbn-889","12":"pa_quantidade-de-paginas-888","13":"pa_tipo-de-capa-brochura","15":"first","16":"instock","17":"purchasable","18":"product-type-simple"},"_links":{"self":[{"href":"https:\/\/www.editoralux.com.br\/loja\/wp-json\/wp\/v2\/product\/22296"}],"collection":[{"href":"https:\/\/www.editoralux.com.br\/loja\/wp-json\/wp\/v2\/product"}],"about":[{"href":"https:\/\/www.editoralux.com.br\/loja\/wp-json\/wp\/v2\/types\/product"}],"wp:featuredmedia":[{"embeddable":true,"href":"https:\/\/www.editoralux.com.br\/loja\/wp-json\/wp\/v2\/media\/22282"}],"wp:attachment":[{"href":"https:\/\/www.editoralux.com.br\/loja\/wp-json\/wp\/v2\/media?parent=22296"}],"wp:term":[{"taxonomy":"product_brand","embeddable":true,"href":"https:\/\/www.editoralux.com.br\/loja\/wp-json\/wp\/v2\/product_brand?post=22296"},{"taxonomy":"product_cat","embeddable":true,"href":"https:\/\/www.editoralux.com.br\/loja\/wp-json\/wp\/v2\/product_cat?post=22296"},{"taxonomy":"product_tag","embeddable":true,"href":"https:\/\/www.editoralux.com.br\/loja\/wp-json\/wp\/v2\/product_tag?post=22296"}],"curies":[{"name":"wp","href":"https:\/\/api.w.org\/{rel}","templated":true}]}}