{"id":22297,"date":"2024-09-24T22:07:57","date_gmt":"2024-09-25T01:07:57","guid":{"rendered":"https:\/\/www.editoralux.com.br\/loja\/produto\/relacoes-etnico-raciais-transidentidades-e-educacao-fisica-diferencas-dentro-das-diferencas\/"},"modified":"2024-09-24T22:07:58","modified_gmt":"2024-09-25T01:07:58","slug":"relacoes-etnico-raciais-transidentidades-e-educacao-fisica-diferencas-dentro-das-diferencas","status":"publish","type":"product","link":"https:\/\/www.editoralux.com.br\/loja\/produto\/relacoes-etnico-raciais-transidentidades-e-educacao-fisica-diferencas-dentro-das-diferencas\/","title":{"rendered":"Rela\u00e7\u00f5es \u00e9tnico-raciais, transidentidades e educa\u00e7\u00e3o f\u00edsica: diferen\u00e7as dentro das diferen\u00e7as"},"content":{"rendered":"","protected":false},"excerpt":{"rendered":"<p>Compreender quest\u00f5es \u00e9tnico-raciais e transidentidades \u00e9 um desafio. Microcosmos da sociedade refletem e refor\u00e7am preconceitos e exclus\u00f5es. No entanto, determinados grupos sociais v\u00eam desafiando o status quo por meio de pol\u00edticas p\u00fablicas afirmativas, alcan\u00e7ando visibilidade e promovendo mudan\u00e7as.<br \/>\nUrge atentar sobre as disputas de poder na implementa\u00e7\u00e3o de curr\u00edculos, destacando a necessidade de valorizar identidades espec\u00edficas. \u00c9 crucial reconhecer as diferen\u00e7as dentro das pr\u00f3prias diferen\u00e7as. A escola, sendo o primeiro acesso ao conhecimento formal, deve promover esses debates e uma educa\u00e7\u00e3o p\u00f3s-cr\u00edtica.<br \/>\nO presente livro aborda essas quest\u00f5es em quatro cap\u00edtulos, defendendo uma forma\u00e7\u00e3o permanente que questione modelos patriarcais, capitalistas e neoliberais. Os autores exploram como um curr\u00edculo p\u00f3s-cr\u00edtico pode desconstruir estere\u00f3tipos e padr\u00f5es bin\u00e1rios, promovendo um multiculturalismo inclusivo.<br \/>\nOs cap\u00edtulos discutem a aplica\u00e7\u00e3o de curr\u00edculos p\u00f3s-cr\u00edticos, a valoriza\u00e7\u00e3o de saberes ind\u00edgenas e a realidade de comunidades afetadas pela viol\u00eancia. A leitura \u00e9 um convite essencial para educadores comprometidos com a diversidade, inclus\u00e3o e reflex\u00e3o sobre as diferen\u00e7as dentro das diferen\u00e7as, promovendo uma sociedade mais emp\u00e1tica e inclusiva (Gabriela Concei\u00e7\u00e3o de Souza).<\/p>\n","protected":false},"featured_media":22292,"template":"","meta":{"_monsterinsights_skip_tracking":false,"_monsterinsights_sitenote_active":false,"_monsterinsights_sitenote_note":"","_monsterinsights_sitenote_category":0},"product_brand":[],"product_cat":[74],"product_tag":[],"class_list":{"0":"post-22297","1":"product","2":"type-product","3":"status-publish","4":"has-post-thumbnail","6":"product_cat-uncategorized","7":"product_shipping_class-impresso","8":"pa_ano-459","9":"pa_autor-carlos-alberto-figueiredo-da-silva","10":"pa_editora-editora-lux","11":"pa_isbn-891","12":"pa_quantidade-de-paginas-745","13":"pa_tipo-de-capa-brochura","15":"first","16":"instock","17":"purchasable","18":"product-type-simple"},"_links":{"self":[{"href":"https:\/\/www.editoralux.com.br\/loja\/wp-json\/wp\/v2\/product\/22297"}],"collection":[{"href":"https:\/\/www.editoralux.com.br\/loja\/wp-json\/wp\/v2\/product"}],"about":[{"href":"https:\/\/www.editoralux.com.br\/loja\/wp-json\/wp\/v2\/types\/product"}],"wp:featuredmedia":[{"embeddable":true,"href":"https:\/\/www.editoralux.com.br\/loja\/wp-json\/wp\/v2\/media\/22292"}],"wp:attachment":[{"href":"https:\/\/www.editoralux.com.br\/loja\/wp-json\/wp\/v2\/media?parent=22297"}],"wp:term":[{"taxonomy":"product_brand","embeddable":true,"href":"https:\/\/www.editoralux.com.br\/loja\/wp-json\/wp\/v2\/product_brand?post=22297"},{"taxonomy":"product_cat","embeddable":true,"href":"https:\/\/www.editoralux.com.br\/loja\/wp-json\/wp\/v2\/product_cat?post=22297"},{"taxonomy":"product_tag","embeddable":true,"href":"https:\/\/www.editoralux.com.br\/loja\/wp-json\/wp\/v2\/product_tag?post=22297"}],"curies":[{"name":"wp","href":"https:\/\/api.w.org\/{rel}","templated":true}]}}